{"id":92,"date":"2026-01-11T11:43:39","date_gmt":"2026-01-11T10:43:39","guid":{"rendered":"https:\/\/kspc.diecezjabielsko.pl\/?page_id=92"},"modified":"2026-01-13T16:33:34","modified_gmt":"2026-01-13T15:33:34","slug":"deklaracja-dostepnosci","status":"publish","type":"page","link":"https:\/\/kspcieszyn.diecezjabielsko.pl\/index.php\/deklaracja-dostepnosci\/","title":{"rendered":"Deklaracja dost\u0119pno\u015bci"},"content":{"rendered":"<p>[et_pb_section fb_built=&#8221;1&#8243; admin_label=&#8221;Header&#8221; _builder_version=&#8221;4.27.5&#8243; _module_preset=&#8221;93fc173a-8ddb-4895-b0ef-bfcf1d5f7dc6&#8243; use_background_color_gradient=&#8221;off&#8221; background_enable_image=&#8221;off&#8221; locked=&#8221;off&#8221; collapsed=&#8221;on&#8221; global_colors_info=&#8221;{%22gcid-1f1bf5fb-a99d-4acc-8d9e-ddac074c158c%22:%91%22background_color_gradient_stops%22,%22background_color_gradient_stops%22%93,%22gcid-4c79ba3d-a281-4fb6-9b14-02f9a4c793f2%22:%91%22background_color_gradient_stops%22,%22background_color_gradient_stops%22%93,%22gcid-688c464a-d6f2-4296-b592-395352c71c79%22:%91%22background_color_gradient_stops%22,%22background_color_gradient_stops%22%93,%22gcid-d119accd-44d7-4f2f-b9d7-599c8463324b%22:%91%22background_color_gradient_stops%22,%22background_color_gradient_stops%22%93}&#8221; theme_builder_area=&#8221;post_content&#8221;][et_pb_row _builder_version=&#8221;4.25.1&#8243; _module_preset=&#8221;default&#8221; global_colors_info=&#8221;{}&#8221; theme_builder_area=&#8221;post_content&#8221;][et_pb_column type=&#8221;4_4&#8243; _builder_version=&#8221;4.25.1&#8243; _module_preset=&#8221;default&#8221; global_colors_info=&#8221;{}&#8221; theme_builder_area=&#8221;post_content&#8221;][et_pb_heading title=&#8221;Deklaracja dost\u0119pno\u015bci&#8221; _builder_version=&#8221;4.27.5&#8243; _module_preset=&#8221;5cc275b2-b54a-44e7-a32c-abf79622799f&#8221; title_text_align=&#8221;center&#8221; custom_margin=&#8221;||10px||false|false&#8221; hover_enabled=&#8221;0&#8243; global_colors_info=&#8221;{}&#8221; theme_builder_area=&#8221;post_content&#8221; sticky_enabled=&#8221;0&#8243;][\/et_pb_heading][et_pb_divider color=&#8221;#0C71C3&#8243; _builder_version=&#8221;4.27.5&#8243; _module_preset=&#8221;default&#8221; hover_enabled=&#8221;0&#8243; global_colors_info=&#8221;{}&#8221; theme_builder_area=&#8221;post_content&#8221; sticky_enabled=&#8221;0&#8243;][\/et_pb_divider][et_pb_text _builder_version=&#8221;4.27.5&#8243; _module_preset=&#8221;default&#8221; hover_enabled=&#8221;0&#8243; global_colors_info=&#8221;{}&#8221; theme_builder_area=&#8221;post_content&#8221; sticky_enabled=&#8221;0&#8243;]<\/p>\n<p><!-- Deklaracja dost\u0119pno\u015bci \u2013 WordPress, max H3, tre\u015b\u0107 1:1 --><\/p>\n<h3>Deklaracja dost\u0119pno\u015bci<\/h3>\n<p><strong>Katolicka Szko\u0142a Podstawowa im. \u015awi\u0119tej Rodziny, 43-400 Cieszyn, ul. B\u0142ogocka 19<\/strong> zobowi\u0105zuje si\u0119 zapewni\u0107 dost\u0119pno\u015b\u0107 swojej strony internetowej zgodnie z ustaw\u0105 z dnia 4 kwietnia 2019 r. o dost\u0119pno\u015bci cyfrowej stron internetowych dla podmiot\u00f3w niepublicznych.<\/p>\n<p>Deklaracja dost\u0119pno\u015bci dotyczy<\/p>\n<h3>Stan dost\u0119pno\u015bci cyfrowej:<\/h3>\n<p>Strona jest cz\u0119\u015bciowo zgodna z za\u0142\u0105cznikiem do ustawy z dnia 4 kwietnia 2019 r. o dost\u0119pno\u015bci cyfrowej stron internetowych podmiot\u00f3w niepublicznych z powodu niezgodno\u015bci lub wy\u0142\u0105cze\u0144 wymienionych poni\u017cej.<\/p>\n<h3>Niedost\u0119pne tre\u015bci<\/h3>\n<p><strong>Niezgodno\u015b\u0107 z za\u0142\u0105cznikiem<\/strong><\/p>\n<p>Pomimo stara\u0144 administrator\u00f3w na stronie pojawiaj\u0105 si\u0119 problemy:<\/p>\n<ul>\n<li>pewne dokumenty opublikowane na stronie s\u0105 niedost\u0119pne z uwagi na fakt, \u017ce:\n<ul>\n<li>pochodz\u0105 z r\u00f3\u017cnych \u017ar\u00f3de\u0142,<\/li>\n<li>s\u0105 bardzo obszerne, a ich wytworzenie odbywa\u0142o si\u0119 w kilku kom\u00f3rkach organizacyjnych, co uniemo\u017cliwia\u0142o wp\u0142yw na ich docelow\u0105 tre\u015b\u0107 oraz kszta\u0142t<\/li>\n<li>(opublikowane zosta\u0142y w oparciu o zasady przyj\u0119te w innej instytucji,<\/li>\n<\/ul>\n<\/li>\n<li>niekt\u00f3re filmy zamieszczone na stronie mog\u0105 nie mie\u0107 napis\u00f3w czy innych wymaganych element\u00f3w, poniewa\u017c pochodz\u0105 ze \u017ar\u00f3de\u0142 zewn\u0119trznych,<\/li>\n<li>z uwagi na ograniczenia systemowe na stronie redaktorzy nie stosuj\u0105 znacznika lang,<\/li>\n<li>mo\u017ce si\u0119 zdarzy\u0107, \u017ce na niekt\u00f3rych podstronach b\u0119dzie zaburzona kolejno\u015b\u0107 nag\u0142\u00f3wk\u00f3w,<\/li>\n<li>komunikaty o statusie lub b\u0142\u0119dzie w formularzach mog\u0105 by\u0107 niedost\u0119pne dla czytnik\u00f3w.<\/li>\n<\/ul>\n<p><strong>Tre\u015bci nieobj\u0119te przepisami<\/strong><\/p>\n<ul>\n<li>niekt\u00f3re filmy, zdj\u0119cia zamieszczone na stornie mog\u0105 nie mie\u0107 napis\u00f3w czy innych wymaganych element\u00f3w, z uwagi na fakt, \u017ce zosta\u0142y opublikowane przed wej\u015bciem w \u017cycie ustawy o dost\u0119pno\u015bci cyfrowej, albo pochodz\u0105 ze \u017ar\u00f3de\u0142 zewn\u0119trznych<\/li>\n<li>niekt\u00f3re dokumenty opublikowane na stronie przed wej\u015bciem w \u017cycie ustawy o dost\u0119pno\u015bci cyfrowej mog\u0105 by\u0107 niedost\u0119pne.<\/li>\n<\/ul>\n<h3>Przygotowanie deklaracji dost\u0119pno\u015bci<\/h3>\n<p><strong>Data ostatniego przegl\u0105du deklaracji:<\/strong> 29 lipca 2025 roku<\/p>\n<p>Deklaracj\u0119 sporz\u0105dzili\u015bmy na podstawie przegl\u0105du dokonanego za pomoc\u0105 powszechnie dost\u0119pnych narz\u0119dzi do automatycznego wykrywania niekt\u00f3rych b\u0142\u0119d\u00f3w dost\u0119pno\u015bci cyfrowej.<\/p>\n<h3>Informacje zwrotne i dane kontaktowe<\/h3>\n<p>Wszystkie problemy z dost\u0119pno\u015bci\u0105 cyfrow\u0105 tej strony mo\u017cesz zg\u0142osi\u0107 doKatolickiej Szko\u0142y Podstawowej : mailowo<strong> <a href=\"mailto:kspcieszyn@wp.pl\">kspcieszyn@wp.pl <\/a><\/strong>lub telefonicznie <a href=\"tel:+48513291752\">513-291-752<\/a><\/p>\n<p>Ka\u017cdy ma prawo wyst\u0105pi\u0107 z \u017c\u0105daniem zapewnienia dost\u0119pno\u015bci cyfrowej tej strony internetowej lub jej element\u00f3w.<\/p>\n<p>Zg\u0142aszaj\u0105c takie \u017c\u0105danie podaj:<\/p>\n<ul>\n<li>swoje imi\u0119 i nazwisko,<\/li>\n<li>swoje dane kontaktowe (np. numer telefonu, e-mail),<\/li>\n<li>dok\u0142adny adres strony internetowej, na kt\u00f3rej jest niedost\u0119pny cyfrowo element lub tre\u015b\u0107,<\/li>\n<li>opis na czym polega problem i jaki spos\u00f3b jego rozwi\u0105zania by\u0142by dla Ciebie najwygodniejszy.<\/li>\n<\/ul>\n<p>Na Twoje zg\u0142oszenie odpowiemy najszybciej jak to mo\u017cliwe, nie p\u00f3\u017aniej ni\u017c w ci\u0105gu 7 dni od jego otrzymania.<\/p>\n<p>Je\u017celi ten termin b\u0119dzie dla nas zbyt kr\u00f3tki poinformujemy Ci\u0119 o tym. W tej informacji podamy nowy termin, do kt\u00f3rego poprawimy zg\u0142oszone przez Ciebie b\u0142\u0119dy lub przygotujemy informacje w alternatywny spos\u00f3b. Ten nowy termin nie b\u0119dzie d\u0142u\u017cszy ni\u017c 2 miesi\u0105ce.<\/p>\n<p>Je\u017celi nie b\u0119dziemy w stanie zapewni\u0107 dost\u0119pno\u015bci cyfrowej strony internetowej lub tre\u015bci, wskazanej w Twoim \u017c\u0105daniu, zaproponujemy Ci dost\u0119p do nich w alternatywny spos\u00f3b.<\/p>\n<h3>Obs\u0142uga wniosk\u00f3w i skarg zwi\u0105zanych z dost\u0119pno\u015bci\u0105<\/h3>\n<p>Je\u017celi w odpowiedzi na Tw\u00f3j wniosek o zapewnienie dost\u0119pno\u015bci cyfrowej, odm\u00f3wimy zapewnienia \u017c\u0105danej przez Ciebie dost\u0119pno\u015bci cyfrowej, a Ty nie zgadzasz si\u0119 z t\u0105 odmow\u0105, masz prawo z\u0142o\u017cy\u0107 skarg\u0119.<\/p>\n<p>Skarg\u0119 masz prawo z\u0142o\u017cy\u0107 tak\u017ce, je\u015bli nie zgadzasz si\u0119 na skorzystanie z alternatywnego sposobu dost\u0119pu, kt\u00f3ry zaproponowali\u015bmy Ci w odpowiedzi na Tw\u00f3j wniosek o zapewnienie dost\u0119pno\u015bci cyfrowej.<\/p>\n<p>Ewentualn\u0105 skarg\u0119 z\u0142\u00f3\u017c listownie lub mailem do naszego przedszkola:<\/p>\n<ul>\n<li>osobi\u015bcie lub drog\u0105 pocztow\u0105 na adres: Katolicka Szko\u0142a Podstawowa im. \u015awi\u0119tej Rodziny w Cieszynie, 43-00 Cieszyn, ul. B\u0142ogocka 19<\/li>\n<li>drog\u0105 elektroniczn\u0105 na adres: <strong><a href=\"mailto:kspcieszyn@wp.pl\">kspcieszyn@wp.pl<\/a><\/strong><\/li>\n<\/ul>\n<h3>Pozosta\u0142e informacje:<\/h3>\n<p><strong>Dost\u0119pno\u015b\u0107 architektoniczna<\/strong><\/p>\n<p>Szko\u0142a jest usytuowana w ogrodzie. Z ulicy prowadzi do wej\u015bcia chodnik. Poziom drzwi g\u0142\u00f3wnych oraz bocznych do szatni nie jest r\u00f3wny z powierzchni\u0105 chodnika, wej\u015bcia s\u0105 po schodach. Przed budynkiem i przy ulicy s\u0105 miejsc parkingowe, w tym przy ulicy dla os\u00f3b niepe\u0142nosprawnych. Osoby uprawnione maja prawo wst\u0119pu z psem asystuj\u0105cym. Pracownicy szko\u0142y nie posiadaj\u0105 kompetencji w zakresie j\u0119zyka migowego.<\/p>\n<h3>DOST\u0118PNO\u015a\u0106 ALTERNATYWNA<\/h3>\n<p><strong><br \/>PROCEDURY DOTYCZ\u0104CE POPRAWY PODNOSZENIA DOST\u0118PNO\u015aCI OSOBOM ZE SZCZEG\u00d3LNYMI POTRZEBAMI<br \/>W KATOLICKIEJ SZKOLE PODSTAWOWEJ IM. \u015aW. \u015aWI\u0118TEJ RODZINY W CIESZYNIE.<br \/><\/strong><\/p>\n<p>Zgodnie z art. 7 ustawy z dnia 19 lipca 2019 r. o zapewnianiu dost\u0119pno\u015bci osobom ze szczeg\u00f3lnymi potrzebami (Dz.U.2020.1062) w indywidualnym przypadku, je\u017celi podmiot niepubliczny nie jest w stanie, w szczeg\u00f3lno\u015bci ze wzgl\u0119d\u00f3w technicznych lub prawnych, zapewni\u0107 osobie ze szczeg\u00f3lnymi potrzebami dost\u0119pno\u015bci w zakresie architektonicznym i informacyjno-komunikacyjnym, podmiot ten jest obowi\u0105zany zapewni\u0107 takiej osobie dost\u0119p alternatywny.<\/p>\n<h3>Dost\u0119p alternatywny polega w szczeg\u00f3lno\u015bci na:<\/h3>\n<ol>\n<li>zapewnieniu osobie ze szczeg\u00f3lnymi potrzebami wsparcia innej osoby lub<\/li>\n<li>zapewnieniu wsparcia technicznego osobie ze szczeg\u00f3lnymi potrzebami, w tym z wykorzystaniem nowoczesnych technologii, lub<\/li>\n<li>wprowadzeniu takiej organizacji podmiotu niepublicznego, kt\u00f3ra umo\u017cliwi realizacj\u0119 potrzeb os\u00f3b ze szczeg\u00f3lnymi potrzebami, w niezb\u0119dnym zakresie dla tych os\u00f3b.<\/li>\n<\/ol>\n<p>W zwi\u0105zku z powy\u017cszym z uwagi na wyst\u0119puj\u0105ce w budynku szko\u0142y bariery architektoniczne utrudniaj\u0105ce poruszanie si\u0119 po nim osobom niepe\u0142nosprawnym, w celu u\u0142atwienia dost\u0119pu do budynku oraz przemieszczania si\u0119 wewn\u0105trz osobom niepe\u0142nosprawnym Dyrektor Szko\u0142y <strong>wyznaczy\u0142 przewodnika do pomocy osobom w ka\u017cdym wieku z r\u00f3\u017cnym stopniem niepe\u0142nosprawno\u015bci, przy uwzgl\u0119dnieniu czynnik\u00f3w zwi\u0105zanych ze zdolno\u015bci\u0105 poruszania si\u0119, widzenia, s\u0142yszenia i pojmowania. Szko\u0142a dysponuje te\u017c schodo\u0142azem.<\/strong><\/p>\n<p>Przewodnikiem jest: <span style=\"font-size: 16px;\">Dyrektor Szko\u0142y S\u0142awomira Rucha\u0142a \u00a0<\/span>urz\u0119duj\u0105cy w siedzibie przy ul. B\u0142ogocka 19, 43-400 Cieszyn, tel. <a href=\"tel:+48513291752\">513-291-752<\/a>, e-mail: <a href=\"mailto:kspcieszyn@wp.pl\">kspcieszyn@wp.pl<\/a><\/p>\n<h3><strong data-start=\"5906\" data-end=\"5921\">Przewodnik:<\/strong><\/h3>\n<h4><span>Dyrektor Szko\u0142y \u2013 S\u0142awomira Rucha\u0142a<\/span><br data-start=\"5959\" data-end=\"5962\" \/><span>ul. B\u0142ogocka 19, 43-400 Cieszyn<\/span><br data-start=\"5993\" data-end=\"5996\" \/><span>tel. 513-291-752<\/span><br data-start=\"6012\" data-end=\"6015\" \/><span>e-mail: <\/span><a data-start=\"6023\" data-end=\"6039\" class=\"decorated-link cursor-pointer\" rel=\"noopener\">kspcieszyn@wp.pl<\/a><\/h4>\n<p>\u017b\u0105dania zapewnienia dost\u0119pno\u015bci architektonicznej oraz informacyjno-komunikacyjnej mo\u017cna sk\u0142ada\u0107 drog\u0105 elektroniczn\u0105 na adres <a href=\"mailto:kspcieszyn@wp.pl\">kspcieszyn@wp.pl<\/a><\/p>\n<p>W przypadku braku mo\u017cliwo\u015bci zapewnienia osobie ze szczeg\u00f3lnymi potrzebami dost\u0119pno\u015bci w zakresie dost\u0119pno\u015bci cyfrowej zastosowanie maj\u0105 przepisy art. 7 ustawy z dnia 4 kwietnia 2019 r. o dost\u0119pno\u015bci cyfrowej stron internetowych i aplikacji mobilnych podmiot\u00f3w niepublicznych.<\/p>\n<p>W przypadku, gdy podmiot publiczny nie jest w stanie zapewni\u0107 dost\u0119pno\u015bci cyfrowej elementu strony internetowej lub aplikacji mobilnej, zapewnia alternatywny spos\u00f3b dost\u0119pu do tego elementu.<\/p>\n<p>Alternatywny spos\u00f3b dost\u0119pu polega w szczeg\u00f3lno\u015bci na <strong>zapewnieniu kontaktu telefonicznego, korespondencyjnego, za pomoc\u0105 \u015brodk\u00f3w komunikacji elektronicznej<\/strong>, o kt\u00f3rych mowa w art. 2 pkt 5 ustawy z dnia 18 lipca 2002 r. o \u015bwiadczeniu us\u0142ug drog\u0105 elektroniczn\u0105 (Dz. U. z 2019 r. poz. 123 i 730), lub za pomoc\u0105 t\u0142umacza j\u0119zyka migowego, lub t\u0142umacza-przewodnika, o kt\u00f3rych mowa w art. 10 ust. 1 ustawy z dnia 19 sierpnia 2011 r. o j\u0119zyku migowym i innych \u015brodkach komunikowania si\u0119 (Dz. U. z 2017 r. poz. 1824), je\u017celi podmiot niepubliczny udost\u0119pnia tak\u0105 mo\u017cliwo\u015b\u0107.<\/p>\n<p>[\/et_pb_text][\/et_pb_column][\/et_pb_row][\/et_pb_section]<\/p>\n","protected":false},"excerpt":{"rendered":"<p>Deklaracja dost\u0119pno\u015bci Katolicka Szko\u0142a Podstawowa im. \u015awi\u0119tej Rodziny, 43-400 Cieszyn, ul. B\u0142ogocka 19 zobowi\u0105zuje si\u0119 zapewni\u0107 dost\u0119pno\u015b\u0107 swojej strony internetowej zgodnie z ustaw\u0105 z dnia 4 kwietnia 2019 r. o dost\u0119pno\u015bci cyfrowej stron internetowych dla podmiot\u00f3w niepublicznych. Deklaracja dost\u0119pno\u015bci dotyczy Stan dost\u0119pno\u015bci cyfrowej: Strona jest cz\u0119\u015bciowo zgodna z za\u0142\u0105cznikiem do ustawy z dnia 4 kwietnia [&hellip;]<\/p>\n","protected":false},"author":4,"featured_media":0,"parent":0,"menu_order":0,"comment_status":"closed","ping_status":"closed","template":"","meta":{"_et_pb_use_builder":"on","_et_pb_old_content":"","_et_gb_content_width":"","footnotes":""},"class_list":["post-92","page","type-page","status-publish","hentry"],"_links":{"self":[{"href":"https:\/\/kspcieszyn.diecezjabielsko.pl\/index.php\/wp-json\/wp\/v2\/pages\/92","targetHints":{"allow":["GET"]}}],"collection":[{"href":"https:\/\/kspcieszyn.diecezjabielsko.pl\/index.php\/wp-json\/wp\/v2\/pages"}],"about":[{"href":"https:\/\/kspcieszyn.diecezjabielsko.pl\/index.php\/wp-json\/wp\/v2\/types\/page"}],"author":[{"embeddable":true,"href":"https:\/\/kspcieszyn.diecezjabielsko.pl\/index.php\/wp-json\/wp\/v2\/users\/4"}],"replies":[{"embeddable":true,"href":"https:\/\/kspcieszyn.diecezjabielsko.pl\/index.php\/wp-json\/wp\/v2\/comments?post=92"}],"version-history":[{"count":3,"href":"https:\/\/kspcieszyn.diecezjabielsko.pl\/index.php\/wp-json\/wp\/v2\/pages\/92\/revisions"}],"predecessor-version":[{"id":574,"href":"https:\/\/kspcieszyn.diecezjabielsko.pl\/index.php\/wp-json\/wp\/v2\/pages\/92\/revisions\/574"}],"wp:attachment":[{"href":"https:\/\/kspcieszyn.diecezjabielsko.pl\/index.php\/wp-json\/wp\/v2\/media?parent=92"}],"curies":[{"name":"wp","href":"https:\/\/api.w.org\/{rel}","templated":true}]}}