{"id":78,"date":"2026-01-11T11:17:23","date_gmt":"2026-01-11T10:17:23","guid":{"rendered":"https:\/\/kspc.diecezjabielsko.pl\/?page_id=78"},"modified":"2026-01-12T10:11:30","modified_gmt":"2026-01-12T09:11:30","slug":"oferta-edukacyjna","status":"publish","type":"page","link":"https:\/\/kspcieszyn.diecezjabielsko.pl\/index.php\/oferta-edukacyjna\/","title":{"rendered":"Oferta edukacyjna"},"content":{"rendered":"<p>[et_pb_section fb_built=&#8221;1&#8243; admin_label=&#8221;Video&#8221; _builder_version=&#8221;4.25.1&#8243; _module_preset=&#8221;default&#8221; locked=&#8221;off&#8221; collapsed=&#8221;on&#8221;][et_pb_row _builder_version=&#8221;4.27.5&#8243; _module_preset=&#8221;default&#8221; global_colors_info=&#8221;{}&#8221;][et_pb_column type=&#8221;4_4&#8243; _builder_version=&#8221;4.27.5&#8243; _module_preset=&#8221;default&#8221; global_colors_info=&#8221;{}&#8221;][et_pb_heading title=&#8221;Oferta edukacyjna&#8221; _builder_version=&#8221;4.27.5&#8243; _module_preset=&#8221;5cc275b2-b54a-44e7-a32c-abf79622799f&#8221; title_text_align=&#8221;center&#8221; custom_margin=&#8221;||10px||false|false&#8221; global_colors_info=&#8221;{}&#8221;][\/et_pb_heading][\/et_pb_column][\/et_pb_row][et_pb_row column_structure=&#8221;1_2,1_2&#8243; _builder_version=&#8221;4.25.1&#8243; _module_preset=&#8221;default&#8221; locked=&#8221;off&#8221; global_colors_info=&#8221;{}&#8221;][et_pb_column type=&#8221;1_2&#8243; _builder_version=&#8221;4.25.1&#8243; _module_preset=&#8221;default&#8221; global_colors_info=&#8221;{}&#8221;][et_pb_heading title=&#8221;Dobrze wykszta\u0142ci\u0107, m\u0105drze wychowa\u0107.&#8221; _builder_version=&#8221;4.27.5&#8243; _module_preset=&#8221;0282dd0d-8e79-4977-96d2-ef98d6d3d069&#8243; custom_margin=&#8221;||10px||false|false&#8221; global_colors_info=&#8221;{}&#8221;][\/et_pb_heading][et_pb_text _builder_version=&#8221;4.27.5&#8243; _module_preset=&#8221;6efb6bbd-12a1-4834-b469-9798f4a40b40&#8243; custom_margin=&#8221;||10px||false|false&#8221; global_colors_info=&#8221;{}&#8221;]<\/p>\n<p><span>Celem dzia\u0142alno\u015bci Szko\u0142y jest wszechstronne wykszta\u0142cenie, kszta\u0142towanie umiej\u0119tno\u015bci, a tak\u017ce wychowanie ucznia w najbardziej sprzyjaj\u0105cych warunkach:<\/span><\/p>\n<p>[\/et_pb_text][\/et_pb_column][et_pb_column type=&#8221;1_2&#8243; _builder_version=&#8221;4.25.1&#8243; _module_preset=&#8221;default&#8221; global_colors_info=&#8221;{}&#8221;][et_pb_text _builder_version=&#8221;4.27.5&#8243; _module_preset=&#8221;6efb6bbd-12a1-4834-b469-9798f4a40b40&#8243; custom_margin=&#8221;||10px||false|false&#8221; global_colors_info=&#8221;{}&#8221;]<\/p>\n<ol>\n<li><span>Szko\u0142a wychowuje uczni\u00f3w w tradycji narodowej, umi\u0142owania Boga i Ojczyzny przy zachowaniu szacunku do innych kultur i religii.<\/span><\/li>\n<li><span>Umo\u017cliwia zdobycie wiedzy i umiej\u0119tno\u015bci niezb\u0119dnych do uzyskania \u015bwiadectwa uko\u0144czenia szko\u0142y.<\/span><\/li>\n<li><span>Umo\u017cliwia rozw\u00f3j talent\u00f3w, zdolno\u015bci i zainteresowa\u0144 poznawczych, spo\u0142ecznych, artystycznych i sportowych.<\/span><\/li>\n<li><span>Roztacza opiek\u0119 nad uczniami maj\u0105cymi trudno\u015bci w nauce.<\/span><\/li>\n<li><span>Zapewnia najzdolniejszym uczniom mo\u017cliwo\u015b\u0107 realizowania indywidualnych program\u00f3w nauczania.<\/span><\/li>\n<\/ol>\n<p>[\/et_pb_text][\/et_pb_column][\/et_pb_row][\/et_pb_section][et_pb_section fb_built=&#8221;1&#8243; admin_label=&#8221;Header&#8221; _builder_version=&#8221;4.27.5&#8243; _module_preset=&#8221;93fc173a-8ddb-4895-b0ef-bfcf1d5f7dc6&#8243; background_image=&#8221;https:\/\/kspcieszyn.diecezjabielsko.pl\/wp-content\/uploads\/2026\/01\/szkola-podstawowa-cieszyn-2.jpg&#8221; locked=&#8221;off&#8221; collapsed=&#8221;on&#8221; global_colors_info=&#8221;{%22gcid-1f1bf5fb-a99d-4acc-8d9e-ddac074c158c%22:%91%22background_color_gradient_stops%22,%22background_color_gradient_stops%22%93,%22gcid-4c79ba3d-a281-4fb6-9b14-02f9a4c793f2%22:%91%22background_color_gradient_stops%22,%22background_color_gradient_stops%22%93,%22gcid-688c464a-d6f2-4296-b592-395352c71c79%22:%91%22background_color_gradient_stops%22,%22background_color_gradient_stops%22%93,%22gcid-d119accd-44d7-4f2f-b9d7-599c8463324b%22:%91%22background_color_gradient_stops%22,%22background_color_gradient_stops%22%93}&#8221;][et_pb_row column_structure=&#8221;1_3,1_3,1_3&#8243; make_equal=&#8221;on&#8221; _builder_version=&#8221;4.27.5&#8243; _module_preset=&#8221;default&#8221; hover_enabled=&#8221;0&#8243; global_colors_info=&#8221;{}&#8221; sticky_enabled=&#8221;0&#8243;][et_pb_column type=&#8221;1_3&#8243; _builder_version=&#8221;4.27.5&#8243; _module_preset=&#8221;b7833b95-2e9d-4a64-a14a-e265ab475b11&#8243; hover_enabled=&#8221;0&#8243; global_colors_info=&#8221;{}&#8221; background_color=&#8221;#0C71C3&#8243; sticky_enabled=&#8221;0&#8243;][et_pb_heading title=&#8221;Ma\u0142e grupy&#8221; _builder_version=&#8221;4.27.5&#8243; _module_preset=&#8221;59f599c4-b01e-4a9b-a0a5-f7b3e354c75a&#8221; title_text_color=&#8221;#FFFFFF&#8221; custom_margin=&#8221;||10px||false|false&#8221; global_colors_info=&#8221;{}&#8221;][\/et_pb_heading][et_pb_text _builder_version=&#8221;4.27.5&#8243; _module_preset=&#8221;a4d5bd0b-c6df-4efa-93df-b960974f4af4&#8243;]<\/p>\n<p><span>Nauka w ma\u0142ych grupach zapewnia kameraln\u0105 atmosfer\u0119 i indywidualne podej\u015bcie do uczni\u00f3w.<\/span><\/p>\n<p>[\/et_pb_text][\/et_pb_column][et_pb_column type=&#8221;1_3&#8243; _builder_version=&#8221;4.25.2&#8243; _module_preset=&#8221;52115fba-d092-4238-883d-5957f46de4ce&#8221; global_colors_info=&#8221;{}&#8221;][et_pb_heading title=&#8221;Warto\u015bciowy program&#8221; _builder_version=&#8221;4.27.5&#8243; _module_preset=&#8221;59f599c4-b01e-4a9b-a0a5-f7b3e354c75a&#8221; title_text_color=&#8221;#0C71C3&#8243; custom_margin=&#8221;||10px||false|false&#8221; hover_enabled=&#8221;0&#8243; locked=&#8221;off&#8221; global_colors_info=&#8221;{}&#8221; sticky_enabled=&#8221;0&#8243;][\/et_pb_heading][et_pb_text _builder_version=&#8221;4.25.2&#8243; _module_preset=&#8221;6efb6bbd-12a1-4834-b469-9798f4a40b40&#8243; locked=&#8221;off&#8221; global_colors_info=&#8221;{}&#8221;]<\/p>\n<p><span>Program profilaktyczno-wychowawczy kszta\u0142tuj\u0105cy chrze\u015bcija\u0144skie postawy i pozwala rozwija\u0107 bezpieczne i odpowiedzialne zachowania<\/span><\/p>\n<p>[\/et_pb_text][\/et_pb_column][et_pb_column type=&#8221;1_3&#8243; _builder_version=&#8221;4.25.2&#8243; _module_preset=&#8221;b2afa376-ca13-4be9-8294-3d2b586e8a03&#8243; global_colors_info=&#8221;{}&#8221;][et_pb_heading title=&#8221;Sta\u0142y harmonogram&#8221; _builder_version=&#8221;4.25.2&#8243; _module_preset=&#8221;59f599c4-b01e-4a9b-a0a5-f7b3e354c75a&#8221; title_text_color=&#8221;#FFFFFF&#8221; custom_margin=&#8221;||10px||false|false&#8221; locked=&#8221;off&#8221; global_colors_info=&#8221;{}&#8221;][\/et_pb_heading][et_pb_text _builder_version=&#8221;4.25.2&#8243; _module_preset=&#8221;a4d5bd0b-c6df-4efa-93df-b960974f4af4&#8243; locked=&#8221;off&#8221;]<\/p>\n<p><span>Sta\u0142y, racjonalny rozk\u0142ad zaj\u0119\u0107 szkolnych i fachowa opieka w godzinach od 6.45 do 16.30.<\/span><\/p>\n<p>[\/et_pb_text][\/et_pb_column][\/et_pb_row][et_pb_row column_structure=&#8221;1_3,1_3,1_3&#8243; make_equal=&#8221;on&#8221; _builder_version=&#8221;4.27.5&#8243; _module_preset=&#8221;default&#8221; hover_enabled=&#8221;0&#8243; global_colors_info=&#8221;{}&#8221; sticky_enabled=&#8221;0&#8243;][et_pb_column type=&#8221;1_3&#8243; _builder_version=&#8221;4.25.2&#8243; _module_preset=&#8221;b2afa376-ca13-4be9-8294-3d2b586e8a03&#8243; global_colors_info=&#8221;{}&#8221;][et_pb_heading title=&#8221;J\u0119zyk angielski&#8221; _builder_version=&#8221;4.25.2&#8243; _module_preset=&#8221;59f599c4-b01e-4a9b-a0a5-f7b3e354c75a&#8221; title_text_color=&#8221;#FFFFFF&#8221; custom_margin=&#8221;||10px||false|false&#8221; locked=&#8221;off&#8221; global_colors_info=&#8221;{}&#8221;][\/et_pb_heading][et_pb_text _builder_version=&#8221;4.25.2&#8243; _module_preset=&#8221;a4d5bd0b-c6df-4efa-93df-b960974f4af4&#8243; locked=&#8221;off&#8221;]<\/p>\n<p><span>Nauka j\u0119zyka angielskiego w wymiarze 3 godzin tygodniowo, od pierwszej klasy z podzia\u0142em na grupy<\/span><\/p>\n<p>[\/et_pb_text][\/et_pb_column][et_pb_column type=&#8221;1_3&#8243; _builder_version=&#8221;4.27.5&#8243; _module_preset=&#8221;b7833b95-2e9d-4a64-a14a-e265ab475b11&#8243; hover_enabled=&#8221;0&#8243; global_colors_info=&#8221;{}&#8221; background_color=&#8221;#0C71C3&#8243; sticky_enabled=&#8221;0&#8243;][et_pb_heading title=&#8221;Zaj\u0119cia specjalistyczne&#8221; _builder_version=&#8221;4.27.5&#8243; _module_preset=&#8221;59f599c4-b01e-4a9b-a0a5-f7b3e354c75a&#8221; title_text_color=&#8221;#FFFFFF&#8221; custom_margin=&#8221;||10px||false|false&#8221; hover_enabled=&#8221;0&#8243; global_colors_info=&#8221;{}&#8221; sticky_enabled=&#8221;0&#8243;][\/et_pb_heading][et_pb_text _builder_version=&#8221;4.27.5&#8243; _module_preset=&#8221;a4d5bd0b-c6df-4efa-93df-b960974f4af4&#8243;]<\/p>\n<p><span>Prowadzone s\u0105 zaj\u0119cia logopedyczne (w tym dla dzieci z dysleksj\u0105), trening umiej\u0119tno\u015bci spo\u0142ecznych i trening uwa\u017cno\u015bci, zaj\u0119cia usprawniaj\u0105ce motoryk\u0119 du\u017c\u0105 i motoryk\u0119 ma\u0142\u0105, terapi\u0119 neurotaktyln\u0105 oraz biofeedback<\/span><\/p>\n<p>[\/et_pb_text][\/et_pb_column][et_pb_column type=&#8221;1_3&#8243; _builder_version=&#8221;4.25.2&#8243; _module_preset=&#8221;52115fba-d092-4238-883d-5957f46de4ce&#8221; global_colors_info=&#8221;{}&#8221;][et_pb_heading title=&#8221;5 godzin matematyki w tygodniu&#8221; _builder_version=&#8221;4.27.5&#8243; _module_preset=&#8221;59f599c4-b01e-4a9b-a0a5-f7b3e354c75a&#8221; title_text_color=&#8221;#0C71C3&#8243; custom_margin=&#8221;||10px||false|false&#8221; hover_enabled=&#8221;0&#8243; locked=&#8221;off&#8221; global_colors_info=&#8221;{}&#8221; sticky_enabled=&#8221;0&#8243;][\/et_pb_heading][et_pb_text _builder_version=&#8221;4.25.2&#8243; _module_preset=&#8221;6efb6bbd-12a1-4834-b469-9798f4a40b40&#8243; locked=&#8221;off&#8221; global_colors_info=&#8221;{}&#8221;]<\/p>\n<p><span>W klasach 4-8 &#8211; uczniowie maj\u0105 zwi\u0119kszon\u0105 ilo\u015b\u0107 matematyki o jedn\u0105 godzin\u0119 lekcyjn\u0105 w stosunku do siatki godzin proponowanej przez MEN<\/span><\/p>\n<p>[\/et_pb_text][\/et_pb_column][\/et_pb_row][et_pb_row column_structure=&#8221;1_3,1_3,1_3&#8243; make_equal=&#8221;on&#8221; _builder_version=&#8221;4.27.5&#8243; _module_preset=&#8221;default&#8221; hover_enabled=&#8221;0&#8243; global_colors_info=&#8221;{}&#8221; sticky_enabled=&#8221;0&#8243;][et_pb_column type=&#8221;1_3&#8243; _builder_version=&#8221;4.25.2&#8243; _module_preset=&#8221;52115fba-d092-4238-883d-5957f46de4ce&#8221; global_colors_info=&#8221;{}&#8221;][et_pb_heading title=&#8221;J\u0119zyk niemiecki&#8221; _builder_version=&#8221;4.27.5&#8243; _module_preset=&#8221;59f599c4-b01e-4a9b-a0a5-f7b3e354c75a&#8221; title_text_color=&#8221;#0C71C3&#8243; custom_margin=&#8221;||10px||false|false&#8221; hover_enabled=&#8221;0&#8243; locked=&#8221;off&#8221; global_colors_info=&#8221;{}&#8221; sticky_enabled=&#8221;0&#8243;][\/et_pb_heading][et_pb_text _builder_version=&#8221;4.25.2&#8243; _module_preset=&#8221;6efb6bbd-12a1-4834-b469-9798f4a40b40&#8243; locked=&#8221;off&#8221; global_colors_info=&#8221;{}&#8221;]<\/p>\n<p><span>Nauka j\u0119zyka niemieckiego od drugiej klasy w wymiarze 1 godziny tygodniowo od drugiej klasy<\/span><\/p>\n<p>[\/et_pb_text][\/et_pb_column][et_pb_column type=&#8221;1_3&#8243; _builder_version=&#8221;4.25.2&#8243; _module_preset=&#8221;b2afa376-ca13-4be9-8294-3d2b586e8a03&#8243; global_colors_info=&#8221;{}&#8221;][et_pb_heading title=&#8221;Zaj\u0119cia dodatkowe&#8221; _builder_version=&#8221;4.27.5&#8243; _module_preset=&#8221;59f599c4-b01e-4a9b-a0a5-f7b3e354c75a&#8221; title_text_color=&#8221;#FFFFFF&#8221; custom_margin=&#8221;||10px||false|false&#8221; locked=&#8221;off&#8221; global_colors_info=&#8221;{}&#8221;][\/et_pb_heading][et_pb_text _builder_version=&#8221;4.25.2&#8243; _module_preset=&#8221;a4d5bd0b-c6df-4efa-93df-b960974f4af4&#8243; locked=&#8221;off&#8221;]<\/p>\n<p><span>R\u00f3\u017cnorodne BEZP\u0141ATNE zaj\u0119cia dodatkowe i grupy zainteresowa\u0144 (muzyczne, plastyczne, teatralne, SKS, rytmika)<\/span><\/p>\n<p>[\/et_pb_text][\/et_pb_column][et_pb_column type=&#8221;1_3&#8243; _builder_version=&#8221;4.27.5&#8243; _module_preset=&#8221;b7833b95-2e9d-4a64-a14a-e265ab475b11&#8243; hover_enabled=&#8221;0&#8243; global_colors_info=&#8221;{}&#8221; background_color=&#8221;#0C71C3&#8243; sticky_enabled=&#8221;0&#8243;][et_pb_heading title=&#8221;Wykwalifikowana kadra&#8221; _builder_version=&#8221;4.27.5&#8243; _module_preset=&#8221;59f599c4-b01e-4a9b-a0a5-f7b3e354c75a&#8221; title_text_color=&#8221;#FFFFFF&#8221; custom_margin=&#8221;||10px||false|false&#8221; global_colors_info=&#8221;{}&#8221;][\/et_pb_heading][et_pb_text _builder_version=&#8221;4.27.5&#8243; _module_preset=&#8221;a4d5bd0b-c6df-4efa-93df-b960974f4af4&#8243;]<\/p>\n<p><span>Dobrze wykwalifikowana i sta\u0142a kadra pedagogiczn\u0105 wra\u017cliwa na potrzeby m\u0142odego cz\u0142owieka<\/span><\/p>\n<p>[\/et_pb_text][\/et_pb_column][\/et_pb_row][et_pb_row column_structure=&#8221;1_3,1_3,1_3&#8243; make_equal=&#8221;on&#8221; _builder_version=&#8221;4.27.5&#8243; _module_preset=&#8221;default&#8221; hover_enabled=&#8221;0&#8243; global_colors_info=&#8221;{}&#8221; sticky_enabled=&#8221;0&#8243;][et_pb_column type=&#8221;1_3&#8243; _builder_version=&#8221;4.27.5&#8243; _module_preset=&#8221;b7833b95-2e9d-4a64-a14a-e265ab475b11&#8243; hover_enabled=&#8221;0&#8243; global_colors_info=&#8221;{}&#8221; background_color=&#8221;#0C71C3&#8243; sticky_enabled=&#8221;0&#8243;][et_pb_heading title=&#8221;Wsparcie specjalist\u00f3w&#8221; _builder_version=&#8221;4.27.5&#8243; _module_preset=&#8221;59f599c4-b01e-4a9b-a0a5-f7b3e354c75a&#8221; title_text_color=&#8221;#FFFFFF&#8221; custom_margin=&#8221;||10px||false|false&#8221; global_colors_info=&#8221;{}&#8221;][\/et_pb_heading][et_pb_text _builder_version=&#8221;4.27.5&#8243; _module_preset=&#8221;a4d5bd0b-c6df-4efa-93df-b960974f4af4&#8243;]<\/p>\n<p><span>Szko\u0142a oferuje wsparcie specjalist\u00f3w, tj. psychologa szkolnego, pedagoga szkolnego, pedagoga specjalnego, terapeuty TUS, terapeuty zaj\u0119ciowego i logoped\u00f3w<\/span><\/p>\n<p>[\/et_pb_text][\/et_pb_column][et_pb_column type=&#8221;1_3&#8243; _builder_version=&#8221;4.25.2&#8243; _module_preset=&#8221;52115fba-d092-4238-883d-5957f46de4ce&#8221; global_colors_info=&#8221;{}&#8221;][et_pb_heading title=&#8221;Religia&#8221; _builder_version=&#8221;4.27.5&#8243; _module_preset=&#8221;59f599c4-b01e-4a9b-a0a5-f7b3e354c75a&#8221; title_text_color=&#8221;#0C71C3&#8243; custom_margin=&#8221;||10px||false|false&#8221; hover_enabled=&#8221;0&#8243; locked=&#8221;off&#8221; global_colors_info=&#8221;{}&#8221; sticky_enabled=&#8221;0&#8243;][\/et_pb_heading][et_pb_text _builder_version=&#8221;4.25.2&#8243; _module_preset=&#8221;6efb6bbd-12a1-4834-b469-9798f4a40b40&#8243; locked=&#8221;off&#8221; global_colors_info=&#8221;{}&#8221;]<\/p>\n<p><span>Uczymy religii katolickiej i ewangelickiej<\/span><\/p>\n<p>[\/et_pb_text][\/et_pb_column][et_pb_column type=&#8221;1_3&#8243; _builder_version=&#8221;4.25.2&#8243; _module_preset=&#8221;b2afa376-ca13-4be9-8294-3d2b586e8a03&#8243; global_colors_info=&#8221;{}&#8221;][et_pb_heading title=&#8221;Bezpieczna lokalizacja&#8221; _builder_version=&#8221;4.27.5&#8243; _module_preset=&#8221;59f599c4-b01e-4a9b-a0a5-f7b3e354c75a&#8221; title_text_color=&#8221;#FFFFFF&#8221; custom_margin=&#8221;||10px||false|false&#8221; locked=&#8221;off&#8221; global_colors_info=&#8221;{}&#8221;][\/et_pb_heading][et_pb_text _builder_version=&#8221;4.25.2&#8243; _module_preset=&#8221;a4d5bd0b-c6df-4efa-93df-b960974f4af4&#8243; locked=&#8221;off&#8221;]<\/p>\n<p><span>Bezpieczna lokalizacja Szko\u0142y (budynek w otoczeniu du\u017cego ogrodu z boiskiem szkolnym)<\/span><\/p>\n<p>[\/et_pb_text][\/et_pb_column][\/et_pb_row][\/et_pb_section][et_pb_section fb_built=&#8221;1&#8243; admin_label=&#8221;Call to Action&#8221; _builder_version=&#8221;4.27.5&#8243; _module_preset=&#8221;903608f7-e57f-4dd6-9c67-77df3a52a79b&#8221; background_color_gradient_direction_radial=&#8221;top right&#8221; background_enable_image=&#8221;off&#8221; parallax=&#8221;on&#8221; collapsed=&#8221;on&#8221; global_colors_info=&#8221;{}&#8221;][et_pb_row column_structure=&#8221;1_4,1_4,1_4,1_4&#8243; _builder_version=&#8221;4.27.5&#8243; _module_preset=&#8221;default&#8221; global_colors_info=&#8221;{}&#8221;][et_pb_column type=&#8221;1_4&#8243; _builder_version=&#8221;4.25.2&#8243; _module_preset=&#8221;52115fba-d092-4238-883d-5957f46de4ce&#8221; global_colors_info=&#8221;{}&#8221;][et_pb_number_counter title=&#8221;Otwarcie szko\u0142y&#8221; number=&#8221;1990&#8243; percent_sign=&#8221;off&#8221; _builder_version=&#8221;4.27.5&#8243; _module_preset=&#8221;default&#8221; number_text_color=&#8221;#E02B20&#8243; global_colors_info=&#8221;{}&#8221;][\/et_pb_number_counter][\/et_pb_column][et_pb_column type=&#8221;1_4&#8243; _builder_version=&#8221;4.25.2&#8243; _module_preset=&#8221;52115fba-d092-4238-883d-5957f46de4ce&#8221; global_colors_info=&#8221;{}&#8221;][et_pb_number_counter title=&#8221;Uczni\u00f3w&#8221; number=&#8221;118&#8243; percent_sign=&#8221;off&#8221; _builder_version=&#8221;4.27.5&#8243; _module_preset=&#8221;default&#8221; number_text_color=&#8221;#E02B20&#8243; global_colors_info=&#8221;{}&#8221;][\/et_pb_number_counter][\/et_pb_column][et_pb_column type=&#8221;1_4&#8243; _builder_version=&#8221;4.25.2&#8243; _module_preset=&#8221;default&#8221; custom_padding=&#8221;40px||||false|false&#8221; custom_padding_tablet=&#8221;0px||||false|false&#8221; custom_padding_phone=&#8221;0px||||false|false&#8221; custom_padding_last_edited=&#8221;on|tablet&#8221; global_colors_info=&#8221;{}&#8221;][et_pb_number_counter title=&#8221;Zdawalno\u015bci pa\u0144stwowych egzamin\u00f3w&#8221; number=&#8221;100&#8243; _builder_version=&#8221;4.27.5&#8243; _module_preset=&#8221;default&#8221; number_text_color=&#8221;#E02B20&#8243; global_colors_info=&#8221;{}&#8221;][\/et_pb_number_counter][\/et_pb_column][et_pb_column type=&#8221;1_4&#8243; _builder_version=&#8221;4.25.2&#8243; _module_preset=&#8221;default&#8221; custom_padding=&#8221;40px||||false|false&#8221; custom_padding_tablet=&#8221;0px||||false|false&#8221; custom_padding_phone=&#8221;0px||||false|false&#8221; custom_padding_last_edited=&#8221;on|tablet&#8221; global_colors_info=&#8221;{}&#8221;][et_pb_number_counter title=&#8221;Miejsce w powiecie z j\u0119zyka polskiego i matematyki na egzaminie \u00f3smoklasisty&#8221; number=&#8221;1&#8243; percent_sign=&#8221;off&#8221; _builder_version=&#8221;4.27.5&#8243; _module_preset=&#8221;default&#8221; number_text_color=&#8221;#E02B20&#8243; global_colors_info=&#8221;{}&#8221;][\/et_pb_number_counter][\/et_pb_column][\/et_pb_row][et_pb_row _builder_version=&#8221;4.27.5&#8243; _module_preset=&#8221;default&#8221; global_colors_info=&#8221;{}&#8221;][et_pb_column type=&#8221;4_4&#8243; _builder_version=&#8221;4.27.5&#8243; _module_preset=&#8221;default&#8221; global_colors_info=&#8221;{}&#8221;][et_pb_image src=&#8221;https:\/\/kspcieszyn.diecezjabielsko.pl\/wp-content\/uploads\/2026\/01\/Klub-Milosnikow-Ksiazek-Ulotka.jpg&#8221; title_text=&#8221;Klub-Milosnikow-Ksiazek-Ulotka&#8221; _builder_version=&#8221;4.27.5&#8243; _module_preset=&#8221;default&#8221; global_colors_info=&#8221;{}&#8221;][\/et_pb_image][\/et_pb_column][\/et_pb_row][\/et_pb_section]<\/p>\n","protected":false},"excerpt":{"rendered":"<p>Celem dzia\u0142alno\u015bci Szko\u0142y jest wszechstronne wykszta\u0142cenie, kszta\u0142towanie umiej\u0119tno\u015bci, a tak\u017ce wychowanie ucznia w najbardziej sprzyjaj\u0105cych warunkach: Szko\u0142a wychowuje uczni\u00f3w w tradycji narodowej, umi\u0142owania Boga i Ojczyzny przy zachowaniu szacunku do innych kultur i religii. Umo\u017cliwia zdobycie wiedzy i umiej\u0119tno\u015bci niezb\u0119dnych do uzyskania \u015bwiadectwa uko\u0144czenia szko\u0142y. Umo\u017cliwia rozw\u00f3j talent\u00f3w, zdolno\u015bci i zainteresowa\u0144 poznawczych, spo\u0142ecznych, artystycznych i [&hellip;]<\/p>\n","protected":false},"author":4,"featured_media":0,"parent":0,"menu_order":0,"comment_status":"closed","ping_status":"closed","template":"","meta":{"_et_pb_use_builder":"on","_et_pb_old_content":"","_et_gb_content_width":"","footnotes":""},"class_list":["post-78","page","type-page","status-publish","hentry"],"_links":{"self":[{"href":"https:\/\/kspcieszyn.diecezjabielsko.pl\/index.php\/wp-json\/wp\/v2\/pages\/78","targetHints":{"allow":["GET"]}}],"collection":[{"href":"https:\/\/kspcieszyn.diecezjabielsko.pl\/index.php\/wp-json\/wp\/v2\/pages"}],"about":[{"href":"https:\/\/kspcieszyn.diecezjabielsko.pl\/index.php\/wp-json\/wp\/v2\/types\/page"}],"author":[{"embeddable":true,"href":"https:\/\/kspcieszyn.diecezjabielsko.pl\/index.php\/wp-json\/wp\/v2\/users\/4"}],"replies":[{"embeddable":true,"href":"https:\/\/kspcieszyn.diecezjabielsko.pl\/index.php\/wp-json\/wp\/v2\/comments?post=78"}],"version-history":[{"count":6,"href":"https:\/\/kspcieszyn.diecezjabielsko.pl\/index.php\/wp-json\/wp\/v2\/pages\/78\/revisions"}],"predecessor-version":[{"id":541,"href":"https:\/\/kspcieszyn.diecezjabielsko.pl\/index.php\/wp-json\/wp\/v2\/pages\/78\/revisions\/541"}],"wp:attachment":[{"href":"https:\/\/kspcieszyn.diecezjabielsko.pl\/index.php\/wp-json\/wp\/v2\/media?parent=78"}],"curies":[{"name":"wp","href":"https:\/\/api.w.org\/{rel}","templated":true}]}}