{"id":486,"date":"2026-01-11T22:01:48","date_gmt":"2026-01-11T21:01:48","guid":{"rendered":"https:\/\/kspc.diecezjabielsko.pl\/?page_id=486"},"modified":"2026-01-14T11:46:30","modified_gmt":"2026-01-14T10:46:30","slug":"dofinansowanie","status":"publish","type":"page","link":"https:\/\/kspcieszyn.diecezjabielsko.pl\/index.php\/dofinansowanie\/","title":{"rendered":"Dofinansowanie"},"content":{"rendered":"<p>[et_pb_section fb_built=&#8221;1&#8243; admin_label=&#8221;section&#8221; _builder_version=&#8221;4.16&#8243; global_colors_info=&#8221;{}&#8221;][et_pb_row admin_label=&#8221;row&#8221; _builder_version=&#8221;4.16&#8243; background_size=&#8221;initial&#8221; background_position=&#8221;top_left&#8221; background_repeat=&#8221;repeat&#8221; global_colors_info=&#8221;{}&#8221;][et_pb_column type=&#8221;4_4&#8243; _builder_version=&#8221;4.16&#8243; custom_padding=&#8221;|||&#8221; global_colors_info=&#8221;{}&#8221; custom_padding__hover=&#8221;|||&#8221;][et_pb_post_title _builder_version=&#8221;4.27.5&#8243; _module_preset=&#8221;default&#8221; hover_enabled=&#8221;0&#8243; sticky_enabled=&#8221;0&#8243;][\/et_pb_post_title][et_pb_divider _builder_version=&#8221;4.27.5&#8243; _module_preset=&#8221;default&#8221; color=&#8221;#0C71C3&#8243; hover_enabled=&#8221;0&#8243; sticky_enabled=&#8221;0&#8243;][\/et_pb_divider][et_pb_image src=&#8221;https:\/\/kspcieszyn.diecezjabielsko.pl\/wp-content\/uploads\/2026\/01\/logotypy-projektu.png&#8221; _builder_version=&#8221;4.27.5&#8243; _module_preset=&#8221;default&#8221; title_text=&#8221;logotypy-projektu&#8221; hover_enabled=&#8221;0&#8243; sticky_enabled=&#8221;0&#8243;][\/et_pb_image][et_pb_text _builder_version=&#8221;4.27.5&#8243; _module_preset=&#8221;default&#8221; hover_enabled=&#8221;0&#8243; sticky_enabled=&#8221;0&#8243;]<\/p>\n<h3 class=\"has-text-align-center\"><strong>Czas na eksperymenty<\/strong><\/h3>\n<ul>\n<li>Projekt realizowany jest ze \u015brodk\u00f3w Programu Fundusze Europejskie dla \u015al\u0105skiego 2021-2027 (Europejski Fundusz Spo\u0142eczny +)<\/li>\n<li>Priorytet: FESL.06.00 \u2013 Fundusze Europejskie dla edukacji<\/li>\n<li>Dzia\u0142anie: FESL.06.02 \u2013 Kszta\u0142cenie og\u00f3lne<\/li>\n<\/ul>\n<p>Celem projektu jest zwi\u0119kszenie szans edukacyjnych uczni\u00f3w\/uczennic Katolickiej Szko\u0142y Podstawowej im. \u015awi\u0119tej Rodziny w Cieszynie dzi\u0119ki realizacji zaj\u0119\u0107 dodatkowych, kt\u00f3re zapewni\u0105 uczestnikom\/uczestniczkom projektu odpowiednie warunki do rozwijania indywidualnego potencja\u0142u umo\u017cliwiaj\u0105c rozw\u00f3j osobisty na miar\u0119 mo\u017cliwo\u015bci oraz w\u0142\u0105czenie w \u017cycie spo\u0142eczne, a tak\u017ce podniesienie kwalifikacji i kompetencji kadry szko\u0142y dzi\u0119ki studiom podyplomowym na podstawie problem\u00f3w zidentyfikowanych w przeprowadzonej diagnozie.<\/p>\n<p>Grupa docelowa to dzieci ucz\u0119szczaj\u0105ce do Katolickiej Szko\u0142y Podstawowej w Cieszynie: 80 os\u00f3b (34K,46M) z Cieszyna i okolic (woj. \u015bl\u0105skie), kt\u00f3re wezm\u0105 udzia\u0142 w zaplanowanych zaj\u0119ciach dodatkowych oraz 2 nauczycielki (2K).<\/p>\n<p><strong>Projekt realizowany b\u0119dzie od 1 wrze\u015bnia 2024 do 30 czerwca 2026.<\/strong><\/p>\n<h3>W ramach projektu realizowane b\u0119d\u0105 dwa zadania:<\/h3>\n<h4>1\/ Wsparcie uczni\u00f3w ze specjalnymi potrzebami rozwojowymi i edukacyjnymi<\/h4>\n<ul>\n<li>W ramach tego zadania przewidziano nast\u0119puj\u0105ce zaj\u0119cia:<\/li>\n<li>O angielskim prawie wszystko: zaj\u0119cia rozwijaj\u0105ce uzdolnienia<\/li>\n<li>Matematyka dla Or\u0142\u00f3w: zaj\u0119cia rozwijaj\u0105ce uzdolnienia<\/li>\n<li>Tajemnice \u015bwiata: zaj\u0119cia rozwijaj\u0105ce uzdolnienia z przyrody,<\/li>\n<li>Z przyrod\u0105 wok\u00f3\u0142 nas \u2013 zaj\u0119cia terenowe uzupe\u0142niaj\u0105ce do zaj\u0119\u0107 Tajemnice \u015bwiata<\/li>\n<li>Laboratorium dla As\u00f3w: zaj\u0119cia rozwijaj\u0105ce uzdolnienia z chemii<\/li>\n<li>Matematyka nie taka straszna: zaj\u0119cia dydaktyczno-wyr\u00f3wnawcze<\/li>\n<li>English for everyone: zaj\u0119cia dydaktyczno-wyr\u00f3wnawcze<\/li>\n<li>We\u017a g\u0142\u0119boki wdech i spokojnie wyra\u017a to s\u0142owami \u2013 zaj\u0119cia logopedyczne<\/li>\n<li>Jak si\u0119 odnale\u017a\u0107 w grupie? \u2013 zaj\u0119cia z uczniami przejawiaj\u0105cymi zaburzenia funkcjonowania spo\u0142ecznego<\/li>\n<li>Teatr bez granic \u2013 warsztaty teatralne dla uczni\u00f3w klas I-VI<\/li>\n<\/ul>\n<p>W ramach zadania zaplanowano zakupy sprz\u0119tu i pomocy dydaktycznych, m.in.: zakup aplikacji interaktywnej kompatybilnej z tablicami multimedialnymi oraz bry\u0142 szkieletowych i innych pomocy do zaj\u0119\u0107 z matematyki; szk\u0142a i podstawowego sprz\u0119tu laboratoryjnego, kompletu odczynnik\u00f3w i chemikali\u00f3w, modeli atom\u00f3w, zestawu do badania powietrza: jego w\u0142a\u015bciwo\u015bci i zanieczyszcze\u0144 do zaj\u0119\u0107 z chemii;\u00a0 zestawu pomocy do zaj\u0119\u0107 logopedycznych, kamery cyfrowej i dyktafon\u00f3w do zaj\u0119\u0107 teatralnych oraz wielofunkcyjnej tablicy multimedialnej typu magiczna \u015bciana wraz z pakietami dydaktycznymi i terapeutycznymi.<\/p>\n<p>Zaplanowano r\u00f3wnie\u017c zakup schodo\u0142azu g\u0105sienicowego w celi likwidacji barier architektonicznych w szkole.<\/p>\n<h4>2\/Podniesienie umiej\u0119tno\u015bci nauczycieli Katolickiej Szko\u0142y Podstawowej w Cieszynie<\/h4>\n<p>W ramach tego zadania przewidziano studia podyplomowe:<\/p>\n<ul>\n<li>Pedagogika specjalna \u2013 edukacja i rehabilitacja os\u00f3b z niepe\u0142nosprawno\u015bci\u0105 intelektualn\u0105<\/li>\n<li>Pedagogika specjalna \u2013 edukacja i terapia os\u00f3b z zaburzeniami ze spektrum autyzmu<\/li>\n<li>Efektem realizacji projektu b\u0119d\u0105 nast\u0119puj\u0105ce wska\u017aniki:\n<ul>\n<li>Wska\u017aniki produktu:\n<ul>\n<li>Liczba uczni\u00f3w szk\u00f3\u0142 i plac\u00f3wek systemu o\u015bwiaty prowadz\u0105cych kszta\u0142cenie og\u00f3lne obj\u0119tych wsparciem 80 (34K, 46M)<\/li>\n<li>Liczba przedstawicieli kadry szk\u00f3\u0142 i plac\u00f3wek systemu o\u015bwiaty obj\u0119tych wsparciem 2\u00a0 (2K)<\/li>\n<li>Liczba obiekt\u00f3w edukacyjnych dostosowanych do potrzeb os\u00f3b z niepe\u0142nosprawno\u015bciami 1<\/li>\n<li>Liczba szk\u00f3\u0142 i plac\u00f3wek systemu o\u015bwiaty obj\u0119tych wsparciem 1<\/li>\n<li>Liczba dzieci\/uczni\u00f3w o specjalnych potrzebach rozwojowych i edukacyjnych, obj\u0119tych wsparciem 80 (34K, 46M)<\/li>\n<\/ul>\n<\/li>\n<li>Liczba og\u00f3lnodost\u0119pnych szk\u00f3\u0142 i plac\u00f3wek systemu o\u015bwiaty obj\u0119tych wsparciem w zakresie edukacji w\u0142\u0105czaj\u0105cej 1<\/li>\n<li>Wska\u017aniki rezultatu:\n<ul>\n<li>Liczba przedstawicieli kadry szk\u00f3\u0142 i plac\u00f3wek systemu o\u015bwiaty, kt\u00f3rzy uzyskali kwalifikacje po opuszczeniu programu 1 (1K)<\/li>\n<li>Liczba uczni\u00f3w, kt\u00f3rzy nabyli kwalifikacje po opuszczeniu programu 65 (28K, 37M)<\/li>\n<\/ul>\n<\/li>\n<\/ul>\n<\/li>\n<\/ul>\n<p>#Fundusze UE\u00a0 #Fundusze Europejskie<\/p>\n<p>Warto\u015b\u0107 projektu: 231\u00a0759,70 z\u0142<\/p>\n<p>Wysoko\u015b\u0107 wk\u0142adu z Funduszy Europejskich: 196\u00a0995,74 z\u0142<\/p>\n<p>[\/et_pb_text][\/et_pb_column][\/et_pb_row][\/et_pb_section]<\/p>\n","protected":false},"excerpt":{"rendered":"<p>Czas na eksperymenty Projekt realizowany jest ze \u015brodk\u00f3w Programu Fundusze Europejskie dla \u015al\u0105skiego 2021-2027 (Europejski Fundusz Spo\u0142eczny +) Priorytet: FESL.06.00 \u2013 Fundusze Europejskie dla edukacji Dzia\u0142anie: FESL.06.02 \u2013 Kszta\u0142cenie og\u00f3lne Celem projektu jest zwi\u0119kszenie szans edukacyjnych uczni\u00f3w\/uczennic Katolickiej Szko\u0142y Podstawowej im. \u015awi\u0119tej Rodziny w Cieszynie dzi\u0119ki realizacji zaj\u0119\u0107 dodatkowych, kt\u00f3re zapewni\u0105 uczestnikom\/uczestniczkom projektu odpowiednie warunki [&hellip;]<\/p>\n","protected":false},"author":4,"featured_media":0,"parent":0,"menu_order":0,"comment_status":"closed","ping_status":"closed","template":"","meta":{"_et_pb_use_builder":"on","_et_pb_old_content":"","_et_gb_content_width":"","footnotes":""},"class_list":["post-486","page","type-page","status-publish","hentry"],"_links":{"self":[{"href":"https:\/\/kspcieszyn.diecezjabielsko.pl\/index.php\/wp-json\/wp\/v2\/pages\/486","targetHints":{"allow":["GET"]}}],"collection":[{"href":"https:\/\/kspcieszyn.diecezjabielsko.pl\/index.php\/wp-json\/wp\/v2\/pages"}],"about":[{"href":"https:\/\/kspcieszyn.diecezjabielsko.pl\/index.php\/wp-json\/wp\/v2\/types\/page"}],"author":[{"embeddable":true,"href":"https:\/\/kspcieszyn.diecezjabielsko.pl\/index.php\/wp-json\/wp\/v2\/users\/4"}],"replies":[{"embeddable":true,"href":"https:\/\/kspcieszyn.diecezjabielsko.pl\/index.php\/wp-json\/wp\/v2\/comments?post=486"}],"version-history":[{"count":4,"href":"https:\/\/kspcieszyn.diecezjabielsko.pl\/index.php\/wp-json\/wp\/v2\/pages\/486\/revisions"}],"predecessor-version":[{"id":689,"href":"https:\/\/kspcieszyn.diecezjabielsko.pl\/index.php\/wp-json\/wp\/v2\/pages\/486\/revisions\/689"}],"wp:attachment":[{"href":"https:\/\/kspcieszyn.diecezjabielsko.pl\/index.php\/wp-json\/wp\/v2\/media?parent=486"}],"curies":[{"name":"wp","href":"https:\/\/api.w.org\/{rel}","templated":true}]}}