{"id":485,"date":"2026-01-11T22:01:47","date_gmt":"2026-01-11T21:01:47","guid":{"rendered":"https:\/\/kspc.diecezjabielsko.pl\/?page_id=485"},"modified":"2026-03-20T14:33:56","modified_gmt":"2026-03-20T13:33:56","slug":"platnosci-i-dokumenty","status":"publish","type":"page","link":"https:\/\/kspcieszyn.diecezjabielsko.pl\/index.php\/platnosci-i-dokumenty\/","title":{"rendered":"P\u0142atno\u015bci i dokumenty"},"content":{"rendered":"<p>[et_pb_section fb_built=&#8221;1&#8243; admin_label=&#8221;Header&#8221; _builder_version=&#8221;4.27.5&#8243; _module_preset=&#8221;93fc173a-8ddb-4895-b0ef-bfcf1d5f7dc6&#8243; use_background_color_gradient=&#8221;off&#8221; background_enable_image=&#8221;off&#8221; locked=&#8221;off&#8221; collapsed=&#8221;off&#8221; global_colors_info=&#8221;{%22gcid-1f1bf5fb-a99d-4acc-8d9e-ddac074c158c%22:%91%22background_color_gradient_stops%22,%22background_color_gradient_stops%22%93,%22gcid-4c79ba3d-a281-4fb6-9b14-02f9a4c793f2%22:%91%22background_color_gradient_stops%22,%22background_color_gradient_stops%22%93,%22gcid-688c464a-d6f2-4296-b592-395352c71c79%22:%91%22background_color_gradient_stops%22,%22background_color_gradient_stops%22%93,%22gcid-d119accd-44d7-4f2f-b9d7-599c8463324b%22:%91%22background_color_gradient_stops%22,%22background_color_gradient_stops%22%93}&#8221;][et_pb_row _builder_version=&#8221;4.25.1&#8243; _module_preset=&#8221;default&#8221; global_colors_info=&#8221;{}&#8221;][et_pb_column type=&#8221;4_4&#8243; _builder_version=&#8221;4.25.1&#8243; _module_preset=&#8221;default&#8221; global_colors_info=&#8221;{}&#8221;][et_pb_post_title meta=&#8221;off&#8221; _builder_version=&#8221;4.27.5&#8243; _module_preset=&#8221;default&#8221; global_colors_info=&#8221;{}&#8221;][\/et_pb_post_title][et_pb_divider color=&#8221;#0C71C3&#8243; _builder_version=&#8221;4.27.5&#8243; _module_preset=&#8221;default&#8221; global_colors_info=&#8221;{}&#8221;][\/et_pb_divider][et_pb_text _builder_version=&#8221;4.27.5&#8243; _module_preset=&#8221;default&#8221; global_colors_info=&#8221;{}&#8221;]<\/p>\n<p>Od 1 wrze\u015bnia 2025 r. op\u0142ata wpisowa wynosi 470,00 z\u0142 i jest wp\u0142acana jednorazowo.<\/p>\n<p>Wysoko\u015b\u0107 czesnego dla uczni\u00f3w klas I \u2013 VII wynosi 470,00 z\u0142 miesi\u0119cznie, p\u0142atne przez 12 miesi\u0119cy. Wysoko\u015b\u0107 czesnego dla uczni\u00f3w klasy VIII wynosi 564,00 z\u0142, p\u0142atne przez 10 miesi\u0119cy, tj. od wrze\u015bnia do czerwca.<\/p>\n<p><strong>Czesne nale\u017cy wp\u0142aca\u0107 do 10-go dnia ka\u017cdego miesi\u0105ca na konto:<br \/>Bank Sp\u00f3\u0142dzielczy O\/Cieszyn, nr 68 8113 0007 2001 0000 9986 0001<\/strong><\/p>\n<p>Od dnia 01.09.2013 r. w plac\u00f3wkach o\u015bwiatowych prowadzonych przez Stowarzyszenie \u201eDziedzictwo\u201d (Katolicka Szko\u0142a Podstawowa i Katolickie Liceum) obowi\u0105zuj\u0105 nast\u0119puj\u0105ce ulgi dla rodze\u0144stwa w odp\u0142atno\u015bci czesnego:<\/p>\n<ul>\n<li>a) drugie dziecko w plac\u00f3wce Stowarzyszenia (szko\u0142a podstawowa, liceum) &#8211; 50 % czesnego,<\/li>\n<li>b) trzecie dziecko w plac\u00f3wce Stowarzyszenia (szko\u0142a podstawowa, liceum) &#8211; 50 % czesnego,<\/li>\n<li>c) czwarte i ka\u017cde nast\u0119pne &#8211; bezp\u0142atnie Istnieje mo\u017cliwo\u015b\u0107 uzyskania stypendium socjalnego i naukowego.<\/li>\n<\/ul>\n<p>[\/et_pb_text][et_pb_heading title=&#8221;Pliki do pobrania&#8221; _builder_version=&#8221;4.27.5&#8243; _module_preset=&#8221;default&#8221; title_text_align=&#8221;center&#8221; global_colors_info=&#8221;{}&#8221;][\/et_pb_heading][\/et_pb_column][\/et_pb_row][et_pb_row column_structure=&#8221;1_3,1_3,1_3&#8243; _builder_version=&#8221;4.27.5&#8243; _module_preset=&#8221;default&#8221; global_colors_info=&#8221;{}&#8221;][et_pb_column type=&#8221;1_3&#8243; _builder_version=&#8221;4.27.5&#8243; _module_preset=&#8221;default&#8221; global_colors_info=&#8221;{}&#8221;][et_pb_testimonial author=&#8221;Statut szko\u0142y&#8221; portrait_url=&#8221;https:\/\/kspcieszyn.diecezjabielsko.pl\/wp-content\/uploads\/2026\/01\/logo-przedszkola-10.png&#8221; quote_icon=&#8221;off&#8221; _builder_version=&#8221;4.27.5&#8243; _module_preset=&#8221;default&#8221; body_text_align=&#8221;center&#8221; author_text_align=&#8221;center&#8221; link_option_url=&#8221;https:\/\/kspcieszyn.diecezjabielsko.pl\/wp-content\/uploads\/2026\/01\/STATUT-2024-2025-1-1.pdf&#8221; global_colors_info=&#8221;{}&#8221;]<\/p>\n<p style=\"text-align: center;\">kliknij aby pobra\u0107<\/p>\n<p>[\/et_pb_testimonial][\/et_pb_column][et_pb_column type=&#8221;1_3&#8243; _builder_version=&#8221;4.27.5&#8243; _module_preset=&#8221;default&#8221; global_colors_info=&#8221;{}&#8221;][et_pb_testimonial author=&#8221;Podanie o przyj\u0119cie do klasy pierwszej KSP&#8221; portrait_url=&#8221;https:\/\/kspcieszyn.diecezjabielsko.pl\/wp-content\/uploads\/2026\/01\/logo-przedszkola-10.png&#8221; quote_icon=&#8221;off&#8221; _builder_version=&#8221;4.27.5&#8243; _module_preset=&#8221;default&#8221; body_text_align=&#8221;center&#8221; author_text_align=&#8221;center&#8221; link_option_url=&#8221;https:\/\/kspcieszyn.diecezjabielsko.pl\/wp-content\/uploads\/2026\/03\/Nowe-podanie-o-przyjecie-do-szkoly-kl-I-2026-2027.pdf&#8221; global_colors_info=&#8221;{}&#8221;]<\/p>\n<p style=\"text-align: center;\">kliknij aby pobra\u0107<\/p>\n<p>[\/et_pb_testimonial][\/et_pb_column][et_pb_column type=&#8221;1_3&#8243; _builder_version=&#8221;4.27.5&#8243; _module_preset=&#8221;default&#8221; global_colors_info=&#8221;{}&#8221;][et_pb_testimonial author=&#8221;Podanie o przyj\u0119cie do klas II \u2013 VIII KSP&#8221; portrait_url=&#8221;https:\/\/kspcieszyn.diecezjabielsko.pl\/wp-content\/uploads\/2026\/01\/logo-przedszkola-10.png&#8221; quote_icon=&#8221;off&#8221; _builder_version=&#8221;4.27.5&#8243; _module_preset=&#8221;default&#8221; body_text_align=&#8221;center&#8221; author_text_align=&#8221;center&#8221; hover_enabled=&#8221;0&#8243; global_colors_info=&#8221;{}&#8221; sticky_enabled=&#8221;0&#8243; link_option_url=&#8221;https:\/\/kspcieszyn.diecezjabielsko.pl\/wp-content\/uploads\/2026\/03\/Nowe-podanie-o-przyjecie-do-szkoly-kl-II-VIII-2026-2027.pdf&#8221;]<\/p>\n<p style=\"text-align: center;\">kliknij aby pobra\u0107<\/p>\n<p>[\/et_pb_testimonial][\/et_pb_column][\/et_pb_row][\/et_pb_section]<\/p>\n","protected":false},"excerpt":{"rendered":"<p>Od 1 wrze\u015bnia 2025 r. op\u0142ata wpisowa wynosi 470,00 z\u0142 i jest wp\u0142acana jednorazowo. Wysoko\u015b\u0107 czesnego dla uczni\u00f3w klas I \u2013 VII wynosi 470,00 z\u0142 miesi\u0119cznie, p\u0142atne przez 12 miesi\u0119cy. Wysoko\u015b\u0107 czesnego dla uczni\u00f3w klasy VIII wynosi 564,00 z\u0142, p\u0142atne przez 10 miesi\u0119cy, tj. od wrze\u015bnia do czerwca. Czesne nale\u017cy wp\u0142aca\u0107 do 10-go dnia ka\u017cdego [&hellip;]<\/p>\n","protected":false},"author":4,"featured_media":0,"parent":0,"menu_order":0,"comment_status":"closed","ping_status":"closed","template":"","meta":{"_et_pb_use_builder":"on","_et_pb_old_content":"","_et_gb_content_width":"","footnotes":""},"class_list":["post-485","page","type-page","status-publish","hentry"],"_links":{"self":[{"href":"https:\/\/kspcieszyn.diecezjabielsko.pl\/index.php\/wp-json\/wp\/v2\/pages\/485","targetHints":{"allow":["GET"]}}],"collection":[{"href":"https:\/\/kspcieszyn.diecezjabielsko.pl\/index.php\/wp-json\/wp\/v2\/pages"}],"about":[{"href":"https:\/\/kspcieszyn.diecezjabielsko.pl\/index.php\/wp-json\/wp\/v2\/types\/page"}],"author":[{"embeddable":true,"href":"https:\/\/kspcieszyn.diecezjabielsko.pl\/index.php\/wp-json\/wp\/v2\/users\/4"}],"replies":[{"embeddable":true,"href":"https:\/\/kspcieszyn.diecezjabielsko.pl\/index.php\/wp-json\/wp\/v2\/comments?post=485"}],"version-history":[{"count":7,"href":"https:\/\/kspcieszyn.diecezjabielsko.pl\/index.php\/wp-json\/wp\/v2\/pages\/485\/revisions"}],"predecessor-version":[{"id":1222,"href":"https:\/\/kspcieszyn.diecezjabielsko.pl\/index.php\/wp-json\/wp\/v2\/pages\/485\/revisions\/1222"}],"wp:attachment":[{"href":"https:\/\/kspcieszyn.diecezjabielsko.pl\/index.php\/wp-json\/wp\/v2\/media?parent=485"}],"curies":[{"name":"wp","href":"https:\/\/api.w.org\/{rel}","templated":true}]}}