{"id":460,"date":"2026-01-11T21:54:09","date_gmt":"2026-01-11T20:54:09","guid":{"rendered":"https:\/\/kspc.diecezjabielsko.pl\/?page_id=460"},"modified":"2026-01-13T19:17:07","modified_gmt":"2026-01-13T18:17:07","slug":"wykaz-podrecznikow","status":"publish","type":"page","link":"https:\/\/kspcieszyn.diecezjabielsko.pl\/index.php\/wykaz-podrecznikow\/","title":{"rendered":"Wykaz podr\u0119cznik\u00f3w"},"content":{"rendered":"<p>[et_pb_section fb_built=&#8221;1&#8243; admin_label=&#8221;Header&#8221; _builder_version=&#8221;4.27.5&#8243; _module_preset=&#8221;93fc173a-8ddb-4895-b0ef-bfcf1d5f7dc6&#8243; use_background_color_gradient=&#8221;off&#8221; background_enable_image=&#8221;off&#8221; locked=&#8221;off&#8221; collapsed=&#8221;on&#8221; global_colors_info=&#8221;{%22gcid-1f1bf5fb-a99d-4acc-8d9e-ddac074c158c%22:%91%22background_color_gradient_stops%22,%22background_color_gradient_stops%22%93,%22gcid-4c79ba3d-a281-4fb6-9b14-02f9a4c793f2%22:%91%22background_color_gradient_stops%22,%22background_color_gradient_stops%22%93,%22gcid-688c464a-d6f2-4296-b592-395352c71c79%22:%91%22background_color_gradient_stops%22,%22background_color_gradient_stops%22%93,%22gcid-d119accd-44d7-4f2f-b9d7-599c8463324b%22:%91%22background_color_gradient_stops%22,%22background_color_gradient_stops%22%93}&#8221; theme_builder_area=&#8221;post_content&#8221;][et_pb_row _builder_version=&#8221;4.25.1&#8243; _module_preset=&#8221;default&#8221; global_colors_info=&#8221;{}&#8221; theme_builder_area=&#8221;post_content&#8221;][et_pb_column type=&#8221;4_4&#8243; _builder_version=&#8221;4.25.1&#8243; _module_preset=&#8221;default&#8221; global_colors_info=&#8221;{}&#8221; theme_builder_area=&#8221;post_content&#8221;][et_pb_heading title=&#8221;Wykaz podr\u0119cznik\u00f3w&#8221; _builder_version=&#8221;4.27.5&#8243; _module_preset=&#8221;5cc275b2-b54a-44e7-a32c-abf79622799f&#8221; title_text_align=&#8221;center&#8221; custom_margin=&#8221;||10px||false|false&#8221; global_colors_info=&#8221;{}&#8221; theme_builder_area=&#8221;post_content&#8221;][\/et_pb_heading][et_pb_divider color=&#8221;#0C71C3&#8243; _builder_version=&#8221;4.27.5&#8243; _module_preset=&#8221;default&#8221; global_colors_info=&#8221;{}&#8221; theme_builder_area=&#8221;post_content&#8221;][\/et_pb_divider][et_pb_text _builder_version=&#8221;4.27.5&#8243; _module_preset=&#8221;default&#8221; theme_builder_area=&#8221;post_content&#8221; hover_enabled=&#8221;0&#8243; sticky_enabled=&#8221;0&#8243;]<\/p>\n<p>Wykaz podr\u0119cznik\u00f3w obowi\u0105zuj\u0105cych w roku szkolnym 2023\/2024 w Katolickiej Szkole Podstawowej im. \u015awi\u0119tej Rodziny w Cieszynie:<\/p>\n<p>[\/et_pb_text][et_pb_text _builder_version=&#8221;4.27.5&#8243; _module_preset=&#8221;default&#8221; theme_builder_area=&#8221;post_content&#8221; hover_enabled=&#8221;0&#8243; sticky_enabled=&#8221;0&#8243;]<\/p>\n<h3>KL. I<\/h3>\n<p><strong>Edukacja wczesnoszkolna:<\/strong>\u00a0Lokomotywa Elementarz cz. 1-2, Matematyka (podr\u0119cznik) Czytam i pisz\u0119 cz. 1-4,<br \/>Matematyka cz. 1-2, P\u0142yta CD do komputera, J. Kulis, M. Pasternak, M. Dobrowolska, A. Szulc, wyd. GWO<br \/><strong>J\u0119zyk angielski:<\/strong>\u00a0\u201eQuest 1\u201d, podr\u0119cznik i \u0107wiczenia, J. Corbett, R. O\u2019Farrell, M. Kondro, wyd. Macmillian<br \/><strong>Religia:<\/strong>\u00a0\u201e\u017byjemy w Bo\u017cym \u015bwiecie\u201d, K. Mielnicki, E.Kondrak, wyd. Jedno\u015b\u0107<\/p>\n<h3>KL. II<\/h3>\n<p><strong>Edukacja wczesnoszkolna: <\/strong>Lokomotywa. \u201eCzytam i poznaj\u0119 \u015bwiat\u201d Podr\u0119czniki cz. 1 \u2013 2 \u201eCzytam i pisz\u0119\u201d cz. 1 \u2013 4, Matematyka \u2013 podr\u0119cznik, Matematyka \u2013 \u0107wiczenia cz. 1 \u2013 2 wyd. GWO<br \/><strong>J\u0119zyk angielski:<\/strong>\u00a0\u201eQuest 2\u201d J. Corbett, R. O\u2019Farrell, M. Kondro, wyd. Macmillian<br \/><strong>J\u0119zyk niemiecki:<\/strong>\u00a0\u201eHallo Anna\u201d \u2013 podr\u0119cznik + \u0107wiczenia, O. Swerlowa, wyd. LektorKlett<br \/><strong>Religia:<\/strong>\u00a0\u201eIdziemy do Jezusa\u201d, J. Czerkawski E. Kondrak, wyd. Jedno\u015b\u0107<\/p>\n<h3>KL. III<\/h3>\n<p><strong>Edukacja wczesnoszkolna: <\/strong>Tropiciele. Podr\u0119czniki cz. 1 \u2013 5, Karty pracy cz. 1 \u2013 5,<br \/>Matematyka cz. 1 \u2013 5, Zaj\u0119cia komputerowe + CD; A. A. Banasiak, E. Burakowska, A. Burdzi\u0144ska, R. Kami\u0144ski, WSiP<br \/><strong>J\u0119zyk angielski:\u00a0<\/strong>Quest 3 + zeszyt \u0107wicze\u0144, J. Corbett, R. O\u2019Farrel, A. Parr-Modrzejewska, wyd. Macmillian<br \/><strong>J\u0119zyk niemiecki:\u00a0<\/strong>\u201eHallo Anna 2\u201d podr\u0119cznik + \u0107wiczenia, O. Swerlowa, wyd. LektorKlett<br \/><strong>Religia:<\/strong>\u00a0\u201eJezus jest z nami\u201d, J. Czerkawski, E. Kondrak, wyd. Jedno\u015b\u0107<\/p>\n<h3>KL. IV<\/h3>\n<p><strong>Matematyka:<\/strong>\u00a0Matematyka z plusem: Arytmetyka 4 (\u0107w. B), Geometria 4 (\u0107w. B), M. Dobrowolska, M. Jucewicz, P. Zarzycki, M. Karpi\u0144ski, wyd. GWO<br \/><strong>J\u0119zyk polski:<\/strong>\u00a0Mi\u0119dzy nami, Zeszyty \u0107wicze\u0144: Mi\u0119dzy nami Dwucz\u0119\u015bciowy wersja A, A. \u0141uczak, A. Murdzek, wyd. GWO<br \/><strong>J\u0119zyk angielski:<\/strong>\u00a0Podr\u0119cznik + zeszyt \u0107wicze\u0144 English Class A1, S. Zervas, C. Bright, A. Tkacz, wyd. Pearson<br \/><strong>Przyroda:\u00a0<\/strong>Podr\u0119cznik Przyroda 4, Zeszyt \u0107wicze\u0144 Przyroda 4, E. Gromek, E. K\u0142os, W. Kofta, wyd. WSiP<br \/><strong>Muzyka:\u00a0<\/strong>Klucz do muzyki 4, J. Smoczy\u0144ska, K.Jak\u00f3bczak-Dr\u0105\u017cek, A. So\u0142tysik, wyd. WSiP<br \/><strong>Historia:<\/strong>\u00a0Podr\u0119cznik Wczoraj i dzi\u015b, B. Olszewska, W. Surdyk-Fretsch, G. Wojciechowski, wyd. Nowa Era<br \/><strong>J\u0119zyk niemiecki:<\/strong>\u00a0\u201eWir Smart 1\u201d podr\u0119cznik + \u0107wiczenia, E. Ksi\u0105\u017cek-Kempa, E. Wieszczeczy\u0144ska, A. Kubicka, B. Kania, wyd. Lektorklett<br \/><strong>Informatyka:<\/strong>\u00a0\u201eLubi\u0119 to!\u201d Podr\u0119cznik do informatyki dla klasy IV, M. K\u0119ska, wyd. Nowa Era<br \/><strong>Plastyka:\u00a0<\/strong>\u201eDo dzie\u0142a!\u201d, S. K. Stopczyk, B. Neubart, wyd. WSiP<br \/><strong>Technika:\u00a0<\/strong>Jak to dzia\u0142a? Podr\u0119cznik do techniki dla kl. IV, L. \u0141abecki, M. \u0141abecka, wyd. Nowa Era<br \/><strong>Religia:<\/strong>\u00a0Miejsca pe\u0142ne BOGActw, K. Mielnicki, E. Kondrak, wyd. Jedno\u015b\u0107<\/p>\n<h3>KL. V<\/h3>\n<p><strong>Matematyka: <\/strong>Matematyka z plusem \u2013 Zeszyty \u0107wicze\u0144 (zestaw B): Arytmetyka, Geometria, M. Dobrowolska , M. Karpi\u0144ski, P. Zarzycki, M. Jucewicz, Z. Bola\u0142ek, S. Wojan M. Dobrowolska, A. Mysior, P. Zarzycki, wyd. GWO<br \/><strong>J\u0119zyk polski:\u00a0<\/strong>Mi\u0119dzy nami, Zeszyty \u0107wicze\u0144: dwucz\u0119\u015bciowy (wersja A), A. \u0141uczak, A. Murdzek, wyd. GWO<br \/><strong>J\u0119zyk angielski:\u00a0<\/strong>English Class A1+ + zeszyt \u0107wicze\u0144, J.Croxford, G. Fruen, A. Tkacz, wyd. Pearson<br \/><strong>Geografia:<\/strong>\u00a0Geografia wyd. WSiP<br \/><strong>Muzyka:<\/strong>\u00a0Podr\u0119cznik: Klucz do muzyki, J. Smoczy\u0144ska, K.Jak\u00f3bczak-Dr\u0105\u017cek, A. So\u0142tysik, wyd. WSiP<br \/><strong>Historia:<\/strong>\u00a0\u201eWczoraj i dzi\u015b\u201d kl. 5, G. Wojciechowski, wyd. Nowa Era<br \/><strong>J\u0119zyk niemiecki:<\/strong>\u00a0\u201eWir Smart 1\u201d podr\u0119cznik + \u0107wiczenia (kontynuacja podr\u0119cznika z klasy IV), E. Wieszczeczy\u0144ska, E. Ksi\u0105\u017cek-Kempa, A. Kubicka, wyd. Lektorklett<br \/><strong>Informatyka:<\/strong>\u00a0\u201eLubi\u0119 to!\u201d Podr\u0119cznik do informatyki dla klasy V, M. K\u0119ska, wyd. Nowa Era<br \/><strong>Plastyka:<\/strong>\u00a0\u201eDo dzie\u0142a!\u201d, Stopczyk, Neubart, Cho\u0142aci\u0144ska, Janus-Borkowska, wyd. WSIP<br \/><strong>Technika:<\/strong>\u00a0\u201eJak to dzia\u0142a?\u201d Podr\u0119cznik do techniki dla klasy V, L. \u0141abecki, M. \u0141abecka, wyd. Nowa Era<br \/><strong>Biologia:<\/strong>\u00a0Biologia +zeszyt \u0107wicze\u0144, wyd. Nowa Era<br \/><strong>Religia:<\/strong>\u00a0\u201eSpotkania uBOGAcaj\u0105ce\u201d, K. Mielnicki, E. Kondrak E. Parszewska, wyd. Jedno\u015b\u0107<\/p>\n<h3>KL. VI<\/h3>\n<p><strong>Matematyka: <\/strong>Matematyka z plusem Zeszyty \u0107wicze\u0144: \u2013 Liczby i wyra\u017cenia algebraiczne 6 (\u0107w. B) \u2013 Geometria 6 (\u0107w. B), M. Dobrowolska, M. Jucewicz, M. Karpi\u0144ski P. Zarzycki, wyd. GWO<br \/><strong>J\u0119zyk polski:\u00a0<\/strong>Mi\u0119dzy nami + zeszyt \u0107wicze\u0144 dwucz\u0119\u015bciowy, A. \u0141uczak, A. Murdzek, wyd. GWO<br \/><strong>J\u0119zyk angielski:\u00a0<\/strong>Evolution plus 3 podr\u0119cznik + zeszyt \u0107wicze\u0144, N. Beare, wyd. Macmillan<br \/><strong>Przyroda:<\/strong>\u00a0Na tropach przyrody kl. 6 + zeszyt \u0107wicze\u0144 cz. 1 i 2, M. Braun, W. Grajkowski, M. Wi\u0119ckowski, wyd. Nowa Era<br \/><strong>Muzyka:<\/strong>Klucz do muzyki, U. Smoczy\u0144ska, K. Jak\u00f3bczak-Dr\u0105\u017cek, A. So\u0142tysik, wyd. WSiP<br \/><strong>Historia:<\/strong>\u00a0Wczoraj i dzi\u015b kl. 6, G. Wojciechowski, wyd. Nowa Era<br \/><strong>J\u0119zyk niemiecki:<\/strong>\u00a0Na tropach przyrody kl. 6 + zeszyt \u0107wicze\u0144 cz. 1 i 2, M. Braun, W. Grajkowski, wyd. Nowa Era<br \/><strong>Zaj\u0119cia komputerowe:<\/strong>\u00a0Lubi\u0119 to! Podr\u0119cznik do zaj\u0119\u0107 komputerowych dla kl. VI, M. K\u0119ska, wyd. Nowa Era<br \/><strong>Zaj\u0119cia techniczne:<\/strong>\u00a0Jak to dzia\u0142a? Podr\u0119cznik do zaj\u0119\u0107 technicznych dla kl. VI, L. \u0141abecki, M. \u0141abecka, wyd. Nowa Era<br \/><strong>Plastyka:<\/strong>\u00a0\u201eDo dzie\u0142a\u201d, Stopczyk, Neubart, Cho\u0142aci\u0144ska, Janus-Borkowska, wyd. WSiP<br \/><strong>Religia:<\/strong>\u00a0\u201eTajemnice BOGAtego \u017cycia\u201d, K. Mielnicki, E. Kondrak E. Parszewska, wyd. Jedno\u015b\u0107<\/p>\n<h3>KL. VII<\/h3>\n<p><strong>J\u0119zyk polski: <\/strong>My\u015bli i s\u0142owa, E. Nowak, J. Gawe\u0142, wyd. WSiP<br \/><strong>J\u0119zyk angielski:\u00a0<\/strong>English Class B1 + zeszyt \u0107wicze\u0144, Sheila Dignen, wyd. Pearson<br \/><strong>J\u0119zyk niemiecki:\u00a0<\/strong>Magnet smart 2, Giorgio Motta, wyd. Lektorklett<br \/><strong>Muzyka:<\/strong>\u00a0Klucz do muzyki 7, U. Smoczy\u0144ska, U. Jak\u00f3bczak-Dr\u0105\u017cek, A. So\u0142tysik, wyd. WSiP<br \/><strong>Historia:<\/strong>Wczoraj i dzi\u015b, S. Roszak, A. \u0141aszkiewicz, J. K\u0142aczkow, wyd. Nowa Era<br \/><strong>Plastyka:<\/strong>\u00a0\u201eDo dzie\u0142a!\u201d, S.K. Stopczyk, B.Neubart, J.Cho\u0142a\u015bci\u0144ska, wyd. WSiP<br \/><strong>Geografia:<\/strong>Geografia + zeszyt \u0107wicze\u0144, A.G\u0142owacz, A. Lechowicz, M. Lechowicz, P. Stankiewicz, wyd. WSiP<br \/><strong>Biologia:<\/strong>Puls \u017cycia, M. Jefimow, wyd. Nowa Era<br \/><strong>Chemia:<\/strong>Chemia Nowej Ery, J. Kulawik, T. Kulawik, M. Litwin, wyd. Nowa Era<br \/><strong>Fizyka:<\/strong>\u00a0\u015awiat fizyki, B. Sagnowska, M. Rozenbajgier, R. Rozenbajgier, D. Szot-Gawlik, M. Godlewska, wyd. WSiP<br \/><strong>Matematyka:<\/strong>\u00a0Matematyka z plusem + zeszyt \u0107wicze\u0144 podstawowy, J. Lech, wyd. GWO<br \/><strong>Zaj\u0119cia komputerowe\/ Informatyka:<\/strong>\u00a0Informatyka 7, W. Jochemczyk, M. Wycz\u00f3\u0142kowski, wyd. WSiP<br \/><strong>J\u0119zyk francuski:<\/strong>\u00a0Club@dos1 + zeszyt \u0107wicze\u0144 Club@dos1, wyd. LektorKlett<br \/><strong>Religia:<\/strong>\u00a0W moim Ko\u015bciele: Podr\u0119cznik i \u0107wiczenia nie s\u0105 wymagane<\/p>\n<h3>KL. VIII<\/h3>\n<p><strong>J\u0119zyk polski: <\/strong>Podr\u0119cznik Bli\u017cej s\u0142owa +zeszyt \u0107wicze\u0144, wyd. WSiP<br \/><strong>J\u0119zyk angielski:\u00a0<\/strong>Repetytorium \u00f3smoklasisty + zeszyt \u0107wicze\u0144, M. Mann, S. Taylore-Knowles, K. Kotorowicz-Jasi\u0144ska, Z. Pokrzewi\u0144ski, wyd. Macmillan<br \/><strong>J\u0119zyk niemiecki:\u00a0<\/strong>Magnet smart 1, Magnet smart 2, Magnet smart3 + zeszyt \u0107wicze\u0144 , Giorgio Motta, wyd. Lektorklett<br \/><strong>Historia:<\/strong>Wczoraj i dzi\u015b, R. \u015aniegowski, A. Zieli\u0144ska, wyd. Nowa Era<br \/><strong>Geografia:<\/strong>Geografia, A.G\u0142owacz, A. Lechowicz, M. Lechowicz, P. Stankiewicz, wyd. WSiP<br \/><strong>Biologia:<\/strong>\u00a0Puls \u017cycia kl. 8, M. Jefimow, wyd. Nowa Era<br \/><strong>Chemia:<\/strong>Chemia Nowej Ery 8, J. Kulawik, T. Kulawik, M. Litwin, wyd. Nowa Era<br \/><strong>Fizyka:<\/strong>\u015awiat fizyki, B. Sagnowska, M. Rozenbajgier, R. Rozenbajgier, D. Szot-Gawlik, M. Godlewska, wyd. WSiP<br \/><strong>Matematyka:<\/strong>Matematyka z plusem 8 + zeszyt \u0107wicze\u0144 podstawowy, M. Dobrowolska, J. Lech, wyd. GWO<br \/><strong>Matematyka:<\/strong>\u00a0Matematyka z plusem + zeszyt \u0107wicze\u0144 podstawowy, J. Lech, wyd. GWO<br \/><strong>Informatyka:<\/strong>\u00a0Informatyka 8, W. Jochemczyk, I. Krajewska-Kranas, W. Kranas, M. Wycz\u00f3\u0142kowski, wyd. WSiP<\/p>\n<p>[\/et_pb_text][\/et_pb_column][\/et_pb_row][\/et_pb_section]<\/p>\n","protected":false},"excerpt":{"rendered":"<p>Wykaz podr\u0119cznik\u00f3w obowi\u0105zuj\u0105cych w roku szkolnym 2023\/2024 w Katolickiej Szkole Podstawowej im. \u015awi\u0119tej Rodziny w Cieszynie:KL. I Edukacja wczesnoszkolna:\u00a0Lokomotywa Elementarz cz. 1-2, Matematyka (podr\u0119cznik) Czytam i pisz\u0119 cz. 1-4,Matematyka cz. 1-2, P\u0142yta CD do komputera, J. Kulis, M. Pasternak, M. Dobrowolska, A. Szulc, wyd. GWOJ\u0119zyk angielski:\u00a0\u201eQuest 1\u201d, podr\u0119cznik i \u0107wiczenia, J. Corbett, R. O\u2019Farrell, M. [&hellip;]<\/p>\n","protected":false},"author":4,"featured_media":0,"parent":0,"menu_order":0,"comment_status":"closed","ping_status":"closed","template":"","meta":{"_et_pb_use_builder":"on","_et_pb_old_content":"","_et_gb_content_width":"","footnotes":""},"class_list":["post-460","page","type-page","status-publish","hentry"],"_links":{"self":[{"href":"https:\/\/kspcieszyn.diecezjabielsko.pl\/index.php\/wp-json\/wp\/v2\/pages\/460","targetHints":{"allow":["GET"]}}],"collection":[{"href":"https:\/\/kspcieszyn.diecezjabielsko.pl\/index.php\/wp-json\/wp\/v2\/pages"}],"about":[{"href":"https:\/\/kspcieszyn.diecezjabielsko.pl\/index.php\/wp-json\/wp\/v2\/types\/page"}],"author":[{"embeddable":true,"href":"https:\/\/kspcieszyn.diecezjabielsko.pl\/index.php\/wp-json\/wp\/v2\/users\/4"}],"replies":[{"embeddable":true,"href":"https:\/\/kspcieszyn.diecezjabielsko.pl\/index.php\/wp-json\/wp\/v2\/comments?post=460"}],"version-history":[{"count":3,"href":"https:\/\/kspcieszyn.diecezjabielsko.pl\/index.php\/wp-json\/wp\/v2\/pages\/460\/revisions"}],"predecessor-version":[{"id":586,"href":"https:\/\/kspcieszyn.diecezjabielsko.pl\/index.php\/wp-json\/wp\/v2\/pages\/460\/revisions\/586"}],"wp:attachment":[{"href":"https:\/\/kspcieszyn.diecezjabielsko.pl\/index.php\/wp-json\/wp\/v2\/media?parent=460"}],"curies":[{"name":"wp","href":"https:\/\/api.w.org\/{rel}","templated":true}]}}