{"id":459,"date":"2026-01-11T21:54:09","date_gmt":"2026-01-11T20:54:09","guid":{"rendered":"https:\/\/kspc.diecezjabielsko.pl\/?page_id=459"},"modified":"2026-01-14T00:14:22","modified_gmt":"2026-01-13T23:14:22","slug":"egzamin-osmoklasisty","status":"publish","type":"page","link":"https:\/\/kspcieszyn.diecezjabielsko.pl\/index.php\/egzamin-osmoklasisty\/","title":{"rendered":"Egzamin \u00f3smoklasisty"},"content":{"rendered":"<p>[et_pb_section fb_built=&#8221;1&#8243; admin_label=&#8221;Header&#8221; _builder_version=&#8221;4.27.5&#8243; _module_preset=&#8221;93fc173a-8ddb-4895-b0ef-bfcf1d5f7dc6&#8243; background_color_gradient_stops=&#8221;rgba(255,255,255,0.12) 20%|#0c71c3 100%&#8221; background_enable_image=&#8221;off&#8221; hover_enabled=&#8221;0&#8243; locked=&#8221;off&#8221; collapsed=&#8221;on&#8221; global_colors_info=&#8221;{}&#8221; custom_padding=&#8221;||9px|||&#8221; sticky_enabled=&#8221;0&#8243;][et_pb_row _builder_version=&#8221;4.25.1&#8243; _module_preset=&#8221;default&#8221; global_colors_info=&#8221;{}&#8221;][et_pb_column type=&#8221;4_4&#8243; _builder_version=&#8221;4.25.1&#8243; _module_preset=&#8221;default&#8221; global_colors_info=&#8221;{}&#8221;][et_pb_post_title meta=&#8221;off&#8221; _builder_version=&#8221;4.27.5&#8243; _module_preset=&#8221;default&#8221; global_colors_info=&#8221;{}&#8221;][\/et_pb_post_title][et_pb_divider color=&#8221;#0C71C3&#8243; _builder_version=&#8221;4.27.5&#8243; _module_preset=&#8221;default&#8221; global_colors_info=&#8221;{}&#8221;][\/et_pb_divider][\/et_pb_column][\/et_pb_row][et_pb_row column_structure=&#8221;1_2,1_2&#8243; make_equal=&#8221;on&#8221; _builder_version=&#8221;4.27.5&#8243; _module_preset=&#8221;default&#8221; hover_enabled=&#8221;0&#8243; global_colors_info=&#8221;{}&#8221; sticky_enabled=&#8221;0&#8243;][et_pb_column type=&#8221;1_2&#8243; _builder_version=&#8221;4.27.5&#8243; _module_preset=&#8221;b2afa376-ca13-4be9-8294-3d2b586e8a03&#8243; background_color=&#8221;#0C71C3&#8243; global_colors_info=&#8221;{}&#8221;][et_pb_image src=&#8221;https:\/\/kspcieszyn.diecezjabielsko.pl\/wp-content\/uploads\/2026\/01\/Stres-egzaminacyjny-NARZEDZIOWNIK-1-scaled.png&#8221; title_text=&#8221;Stres-egzaminacyjny-NARZEDZIOWNIK-1&#8243; _builder_version=&#8221;4.27.5&#8243; _module_preset=&#8221;default&#8221; hover_enabled=&#8221;0&#8243; global_colors_info=&#8221;{}&#8221; url=&#8221;https:\/\/kspcieszyn.diecezjabielsko.pl\/wp-content\/uploads\/2026\/01\/Stres-egzaminacyjny-NARZEDZIOWNIK.pdf&#8221; sticky_enabled=&#8221;0&#8243;][\/et_pb_image][et_pb_button button_url=&#8221;https:\/\/kspcieszyn.diecezjabielsko.pl\/wp-content\/uploads\/2026\/01\/Stres-egzaminacyjny-NARZEDZIOWNIK.pdf&#8221; button_text=&#8221;wi\u0119cej&#8221; _builder_version=&#8221;4.27.5&#8243; _module_preset=&#8221;ad1327f9-53bb-4a56-8866-b634379242f6&#8243; button_text_color=&#8221;gcid-body-color&#8221; button_bg_color=&#8221;#FFFFFF&#8221; hover_enabled=&#8221;0&#8243; locked=&#8221;off&#8221; global_colors_info=&#8221;{%22gcid-body-color%22:%91%22button_text_color%22%93}&#8221; sticky_enabled=&#8221;0&#8243;][\/et_pb_button][\/et_pb_column][et_pb_column type=&#8221;1_2&#8243; _builder_version=&#8221;4.25.2&#8243; _module_preset=&#8221;b2afa376-ca13-4be9-8294-3d2b586e8a03&#8243; global_colors_info=&#8221;{}&#8221;][et_pb_image src=&#8221;https:\/\/kspcieszyn.diecezjabielsko.pl\/wp-content\/uploads\/2026\/01\/Stres-egzaminacyjny-PORADNIK-DLA-OSMOKLASISTOW-I-MATURZYSTOW-1-scaled.png&#8221; title_text=&#8221;Stres-egzaminacyjny-PORADNIK-DLA-OSMOKLASISTOW-I-MATURZYSTOW-1&#8243; _builder_version=&#8221;4.27.5&#8243; _module_preset=&#8221;default&#8221; hover_enabled=&#8221;0&#8243; global_colors_info=&#8221;{}&#8221; url=&#8221;https:\/\/kspcieszyn.diecezjabielsko.pl\/wp-content\/uploads\/2026\/01\/Stres-egzaminacyjny-PORADNIK-DLA-OSMOKLASISTOW-I-MATURZYSTOW.pdf&#8221; sticky_enabled=&#8221;0&#8243;][\/et_pb_image][et_pb_button button_url=&#8221;https:\/\/kspcieszyn.diecezjabielsko.pl\/wp-content\/uploads\/2026\/01\/Stres-egzaminacyjny-PORADNIK-DLA-OSMOKLASISTOW-I-MATURZYSTOW.pdf&#8221; button_text=&#8221;wi\u0119cej&#8221; _builder_version=&#8221;4.27.5&#8243; _module_preset=&#8221;ad1327f9-53bb-4a56-8866-b634379242f6&#8243; button_text_color=&#8221;gcid-body-color&#8221; button_bg_color=&#8221;#FFFFFF&#8221; hover_enabled=&#8221;0&#8243; locked=&#8221;off&#8221; global_colors_info=&#8221;{%22gcid-body-color%22:%91%22button_text_color%22%93}&#8221; sticky_enabled=&#8221;0&#8243;][\/et_pb_button][\/et_pb_column][\/et_pb_row][et_pb_row column_structure=&#8221;1_2,1_2&#8243; make_equal=&#8221;on&#8221; _builder_version=&#8221;4.27.5&#8243; _module_preset=&#8221;default&#8221; hover_enabled=&#8221;0&#8243; global_colors_info=&#8221;{}&#8221; sticky_enabled=&#8221;0&#8243;][et_pb_column type=&#8221;1_2&#8243; _builder_version=&#8221;4.25.2&#8243; _module_preset=&#8221;52115fba-d092-4238-883d-5957f46de4ce&#8221; global_colors_info=&#8221;{}&#8221;][et_pb_image title_text=&#8221;Stres-egzaminacyjny-PORADNIK-DLA-RODZICOW-1&#8243; url=&#8221;https:\/\/kspcieszyn.diecezjabielsko.pl\/wp-content\/uploads\/2026\/01\/Stres-egzaminacyjny-PORADNIK-DLA-RODZICOW.pdf&#8221; _builder_version=&#8221;4.27.5&#8243; _module_preset=&#8221;default&#8221; hover_enabled=&#8221;0&#8243; global_colors_info=&#8221;{}&#8221; src=&#8221;https:\/\/kspcieszyn.diecezjabielsko.pl\/wp-content\/uploads\/2026\/01\/Stres-egzaminacyjny-PORADNIK-DLA-RODZICOW-1-scaled.png&#8221; sticky_enabled=&#8221;0&#8243;][\/et_pb_image][et_pb_button button_url=&#8221;https:\/\/kspcieszyn.diecezjabielsko.pl\/wp-content\/uploads\/2026\/01\/Stres-egzaminacyjny-PORADNIK-DLA-RODZICOW.pdf&#8221; button_text=&#8221;wi\u0119cej&#8221; _builder_version=&#8221;4.27.5&#8243; _module_preset=&#8221;ad1327f9-53bb-4a56-8866-b634379242f6&#8243; button_bg_color=&#8221;#0C71C3&#8243; hover_enabled=&#8221;0&#8243; locked=&#8221;off&#8221; global_colors_info=&#8221;{}&#8221; sticky_enabled=&#8221;0&#8243;][\/et_pb_button][\/et_pb_column][et_pb_column type=&#8221;1_2&#8243; _builder_version=&#8221;4.25.2&#8243; _module_preset=&#8221;52115fba-d092-4238-883d-5957f46de4ce&#8221; global_colors_info=&#8221;{}&#8221;][et_pb_image src=&#8221;https:\/\/kspcieszyn.diecezjabielsko.pl\/wp-content\/uploads\/2026\/01\/20220425-E8-Jak-radzic-sobie-ze-stresem-egzaminacyjnym-1-scaled.png&#8221; title_text=&#8221;20220425-E8-Jak-radzic-sobie-ze-stresem-egzaminacyjnym-1&#8243; _builder_version=&#8221;4.27.5&#8243; _module_preset=&#8221;default&#8221; hover_enabled=&#8221;0&#8243; global_colors_info=&#8221;{}&#8221; url=&#8221;https:\/\/kspcieszyn.diecezjabielsko.pl\/wp-content\/uploads\/2026\/01\/20220425-E8-Jak-radzic-sobie-ze-stresem-egzaminacyjnym.pdf&#8221; sticky_enabled=&#8221;0&#8243;][\/et_pb_image][et_pb_button button_url=&#8221;https:\/\/kspcieszyn.diecezjabielsko.pl\/wp-content\/uploads\/2026\/01\/20220425-E8-Jak-radzic-sobie-ze-stresem-egzaminacyjnym.pdf&#8221; button_text=&#8221;wi\u0119cej&#8221; _builder_version=&#8221;4.27.5&#8243; _module_preset=&#8221;ad1327f9-53bb-4a56-8866-b634379242f6&#8243; button_bg_color=&#8221;#0C71C3&#8243; hover_enabled=&#8221;0&#8243; locked=&#8221;off&#8221; global_colors_info=&#8221;{}&#8221; sticky_enabled=&#8221;0&#8243;][\/et_pb_button][\/et_pb_column][\/et_pb_row][\/et_pb_section][et_pb_section fb_built=&#8221;1&#8243; admin_label=&#8221;Video&#8221; _builder_version=&#8221;4.27.5&#8243; _module_preset=&#8221;default&#8221; background_color=&#8221;#0C71C3&#8243; custom_padding=&#8221;0px||0px||false|false&#8221; hover_enabled=&#8221;0&#8243; locked=&#8221;off&#8221; collapsed=&#8221;on&#8221; sticky_enabled=&#8221;0&#8243; use_background_color_gradient=&#8221;on&#8221; background_color_gradient_stops=&#8221;#2b87da 0%|rgba(255,255,255,0) 100%&#8221; background_color_gradient_direction=&#8221;1deg&#8221;][et_pb_row _builder_version=&#8221;4.27.5&#8243; _module_preset=&#8221;default&#8221; global_colors_info=&#8221;{}&#8221;][et_pb_column type=&#8221;4_4&#8243; _builder_version=&#8221;4.27.5&#8243; _module_preset=&#8221;default&#8221; global_colors_info=&#8221;{}&#8221;][et_pb_heading title=&#8221;Gdy rodzice i nauczyciele wsp\u00f3\u0142pracuj\u0105 &#8211; dzieci odnosz\u0105 sukces. &#8221; _builder_version=&#8221;4.27.5&#8243; _module_preset=&#8221;default&#8221; title_text_align=&#8221;center&#8221; title_text_color=&#8221;#FFFFFF&#8221; title_font_size=&#8221;24px&#8221; module_alignment=&#8221;center&#8221; global_colors_info=&#8221;{}&#8221;][\/et_pb_heading][\/et_pb_column][\/et_pb_row][et_pb_row column_structure=&#8221;1_2,1_2&#8243; make_equal=&#8221;on&#8221; _builder_version=&#8221;4.27.5&#8243; _module_preset=&#8221;default&#8221; hover_enabled=&#8221;0&#8243; global_colors_info=&#8221;{}&#8221; locked=&#8221;off&#8221; sticky_enabled=&#8221;0&#8243;][et_pb_column type=&#8221;1_2&#8243; _builder_version=&#8221;4.25.2&#8243; _module_preset=&#8221;52115fba-d092-4238-883d-5957f46de4ce&#8221; global_colors_info=&#8221;{}&#8221;][et_pb_image title_text=&#8221;20250820-E8-EM-Komunikat-o-harmonogramie-2026-1-1&#8243; url=&#8221;https:\/\/kspcieszyn.diecezjabielsko.pl\/wp-content\/uploads\/2026\/01\/20250820-E8-EM-Komunikat-o-harmonogramie-2026-1.pdf&#8221; _builder_version=&#8221;4.27.5&#8243; _module_preset=&#8221;default&#8221; hover_enabled=&#8221;0&#8243; global_colors_info=&#8221;{}&#8221; src=&#8221;https:\/\/kspcieszyn.diecezjabielsko.pl\/wp-content\/uploads\/2026\/01\/20250820-E8-EM-Komunikat-o-harmonogramie-2026-1-1-scaled.jpg&#8221; sticky_enabled=&#8221;0&#8243; custom_padding=&#8221;0px|0px|0px|0px|false|false&#8221; custom_margin=&#8221;0px|0px|0px|0px|false|false&#8221;][\/et_pb_image][et_pb_button button_url=&#8221;https:\/\/kspcieszyn.diecezjabielsko.pl\/wp-content\/uploads\/2026\/01\/20250820-E8-EM-Komunikat-o-harmonogramie-2026-1.pdf&#8221; button_text=&#8221;wi\u0119cej&#8221; _builder_version=&#8221;4.27.5&#8243; _module_preset=&#8221;ad1327f9-53bb-4a56-8866-b634379242f6&#8243; button_bg_color=&#8221;#0C71C3&#8243; hover_enabled=&#8221;0&#8243; locked=&#8221;off&#8221; global_colors_info=&#8221;{}&#8221; sticky_enabled=&#8221;0&#8243;][\/et_pb_button][\/et_pb_column][et_pb_column type=&#8221;1_2&#8243; _builder_version=&#8221;4.27.5&#8243; _module_preset=&#8221;b2afa376-ca13-4be9-8294-3d2b586e8a03&#8243; hover_enabled=&#8221;0&#8243; global_colors_info=&#8221;{}&#8221; background_color=&#8221;#ffffff&#8221; sticky_enabled=&#8221;0&#8243;][et_pb_image src=&#8221;https:\/\/kspcieszyn.diecezjabielsko.pl\/wp-content\/uploads\/2026\/01\/20250820-E8-2026-Informacja-COMPLETE-1-scaled.jpg&#8221; title_text=&#8221;20250820-E8-2026-Informacja-COMPLETE-1&#8243; _builder_version=&#8221;4.27.5&#8243; _module_preset=&#8221;default&#8221; hover_enabled=&#8221;0&#8243; global_colors_info=&#8221;{}&#8221; url=&#8221;https:\/\/kspcieszyn.diecezjabielsko.pl\/wp-content\/uploads\/2026\/01\/20250820-E8-2026-Informacja-COMPLETE.pdf&#8221; sticky_enabled=&#8221;0&#8243;][\/et_pb_image][et_pb_button button_url=&#8221;https:\/\/kspcieszyn.diecezjabielsko.pl\/wp-content\/uploads\/2026\/01\/20250820-E8-2026-Informacja-COMPLETE.pdf&#8221; button_text=&#8221;wi\u0119cej&#8221; _builder_version=&#8221;4.27.5&#8243; _module_preset=&#8221;ad1327f9-53bb-4a56-8866-b634379242f6&#8243; button_bg_color=&#8221;#0C71C3&#8243; hover_enabled=&#8221;0&#8243; locked=&#8221;off&#8221; global_colors_info=&#8221;{%22gcid-primary-color%22:%91%22button_bg_color%22%93}&#8221; sticky_enabled=&#8221;0&#8243;][\/et_pb_button][\/et_pb_column][\/et_pb_row][et_pb_row column_structure=&#8221;1_2,1_2&#8243; make_equal=&#8221;on&#8221; _builder_version=&#8221;4.27.5&#8243; _module_preset=&#8221;default&#8221; hover_enabled=&#8221;0&#8243; global_colors_info=&#8221;{}&#8221; locked=&#8221;off&#8221; sticky_enabled=&#8221;0&#8243; custom_padding=&#8221;||57px|||&#8221;][et_pb_column type=&#8221;1_2&#8243; _builder_version=&#8221;4.25.2&#8243; _module_preset=&#8221;52115fba-d092-4238-883d-5957f46de4ce&#8221; global_colors_info=&#8221;{}&#8221;][et_pb_image src=&#8221;https:\/\/kspcieszyn.diecezjabielsko.pl\/wp-content\/uploads\/2026\/01\/20250820-E8_EM-Komunikat-o-przyborach-2026-1-scaled.jpg&#8221; title_text=&#8221;20250820-E8_EM-Komunikat-o-przyborach-2026-1&#8243; _builder_version=&#8221;4.27.5&#8243; _module_preset=&#8221;default&#8221; hover_enabled=&#8221;0&#8243; global_colors_info=&#8221;{}&#8221; url=&#8221;https:\/\/kspcieszyn.diecezjabielsko.pl\/wp-content\/uploads\/2026\/01\/20250820-E8_EM-Komunikat-o-przyborach-2026.pdf&#8221; sticky_enabled=&#8221;0&#8243;][\/et_pb_image][et_pb_button button_url=&#8221;https:\/\/kspcieszyn.diecezjabielsko.pl\/wp-content\/uploads\/2026\/01\/20250820-E8_EM-Komunikat-o-przyborach-2026.pdf&#8221; button_text=&#8221;wi\u0119cej&#8221; _builder_version=&#8221;4.27.5&#8243; _module_preset=&#8221;ad1327f9-53bb-4a56-8866-b634379242f6&#8243; button_bg_color=&#8221;#0C71C3&#8243; hover_enabled=&#8221;0&#8243; locked=&#8221;off&#8221; global_colors_info=&#8221;{}&#8221; sticky_enabled=&#8221;0&#8243;][\/et_pb_button][\/et_pb_column][et_pb_column type=&#8221;1_2&#8243; _builder_version=&#8221;4.25.2&#8243; _module_preset=&#8221;52115fba-d092-4238-883d-5957f46de4ce&#8221; global_colors_info=&#8221;{}&#8221;][et_pb_image src=&#8221;https:\/\/kspcieszyn.diecezjabielsko.pl\/wp-content\/uploads\/2026\/01\/20250820-E8-Komunikat-o-dostosowaniach-2026-1-scaled.jpg&#8221; title_text=&#8221;20250820-E8-Komunikat-o-dostosowaniach-2026-1&#8243; _builder_version=&#8221;4.27.5&#8243; _module_preset=&#8221;default&#8221; hover_enabled=&#8221;0&#8243; global_colors_info=&#8221;{}&#8221; url=&#8221;https:\/\/kspcieszyn.diecezjabielsko.pl\/wp-content\/uploads\/2026\/01\/20250820-E8-Komunikat-o-dostosowaniach-2026.pdf&#8221; sticky_enabled=&#8221;0&#8243;][\/et_pb_image][et_pb_button button_url=&#8221;https:\/\/kspcieszyn.diecezjabielsko.pl\/wp-content\/uploads\/2026\/01\/20250820-E8-Komunikat-o-dostosowaniach-2026.pdf&#8221; button_text=&#8221;wi\u0119cej&#8221; _builder_version=&#8221;4.27.5&#8243; _module_preset=&#8221;ad1327f9-53bb-4a56-8866-b634379242f6&#8243; button_bg_color=&#8221;#0C71C3&#8243; hover_enabled=&#8221;0&#8243; locked=&#8221;off&#8221; global_colors_info=&#8221;{}&#8221; sticky_enabled=&#8221;0&#8243;][\/et_pb_button][\/et_pb_column][\/et_pb_row][\/et_pb_section]<\/p>\n","protected":false},"excerpt":{"rendered":"","protected":false},"author":4,"featured_media":0,"parent":0,"menu_order":0,"comment_status":"closed","ping_status":"closed","template":"","meta":{"_et_pb_use_builder":"on","_et_pb_old_content":"","_et_gb_content_width":"","footnotes":""},"class_list":["post-459","page","type-page","status-publish","hentry"],"_links":{"self":[{"href":"https:\/\/kspcieszyn.diecezjabielsko.pl\/index.php\/wp-json\/wp\/v2\/pages\/459","targetHints":{"allow":["GET"]}}],"collection":[{"href":"https:\/\/kspcieszyn.diecezjabielsko.pl\/index.php\/wp-json\/wp\/v2\/pages"}],"about":[{"href":"https:\/\/kspcieszyn.diecezjabielsko.pl\/index.php\/wp-json\/wp\/v2\/types\/page"}],"author":[{"embeddable":true,"href":"https:\/\/kspcieszyn.diecezjabielsko.pl\/index.php\/wp-json\/wp\/v2\/users\/4"}],"replies":[{"embeddable":true,"href":"https:\/\/kspcieszyn.diecezjabielsko.pl\/index.php\/wp-json\/wp\/v2\/comments?post=459"}],"version-history":[{"count":10,"href":"https:\/\/kspcieszyn.diecezjabielsko.pl\/index.php\/wp-json\/wp\/v2\/pages\/459\/revisions"}],"predecessor-version":[{"id":652,"href":"https:\/\/kspcieszyn.diecezjabielsko.pl\/index.php\/wp-json\/wp\/v2\/pages\/459\/revisions\/652"}],"wp:attachment":[{"href":"https:\/\/kspcieszyn.diecezjabielsko.pl\/index.php\/wp-json\/wp\/v2\/media?parent=459"}],"curies":[{"name":"wp","href":"https:\/\/api.w.org\/{rel}","templated":true}]}}