{"id":338,"date":"2026-01-11T20:38:12","date_gmt":"2026-01-11T19:38:12","guid":{"rendered":"https:\/\/kspc.diecezjabielsko.pl\/?page_id=338"},"modified":"2026-01-13T19:52:52","modified_gmt":"2026-01-13T18:52:52","slug":"infrastruktura","status":"publish","type":"page","link":"https:\/\/kspcieszyn.diecezjabielsko.pl\/index.php\/infrastruktura\/","title":{"rendered":"Infrastruktura"},"content":{"rendered":"<p>[et_pb_section fb_built=&#8221;1&#8243; admin_label=&#8221;Call to Action&#8221; _builder_version=&#8221;4.27.5&#8243; _module_preset=&#8221;903608f7-e57f-4dd6-9c67-77df3a52a79b&#8221; use_background_color_gradient=&#8221;off&#8221; background_color_gradient_direction_radial=&#8221;top right&#8221; background_enable_image=&#8221;off&#8221; parallax=&#8221;on&#8221; collapsed=&#8221;on&#8221; global_colors_info=&#8221;{}&#8221;][et_pb_row column_structure=&#8221;1_2,1_2&#8243; _builder_version=&#8221;4.27.5&#8243; _module_preset=&#8221;default&#8221; global_colors_info=&#8221;{}&#8221;][et_pb_column type=&#8221;1_2&#8243; _builder_version=&#8221;4.27.5&#8243; _module_preset=&#8221;52115fba-d092-4238-883d-5957f46de4ce&#8221; background_enable_color=&#8221;off&#8221; global_colors_info=&#8221;{}&#8221;][et_pb_image src=&#8221;https:\/\/kspcieszyn.diecezjabielsko.pl\/wp-content\/uploads\/2026\/01\/szkola-podstawowa-cieszyn-2.jpg&#8221; title_text=&#8221;szkola-podstawowa-cieszyn-2&#8243; _builder_version=&#8221;4.27.5&#8243; _module_preset=&#8221;da67ba06-0b57-4aa2-8cc1-fc814cab47ba&#8221; global_colors_info=&#8221;{}&#8221;][\/et_pb_image][\/et_pb_column][et_pb_column type=&#8221;1_2&#8243; _builder_version=&#8221;4.25.2&#8243; _module_preset=&#8221;default&#8221; custom_padding=&#8221;40px||||false|false&#8221; custom_padding_tablet=&#8221;0px||||false|false&#8221; custom_padding_phone=&#8221;0px||||false|false&#8221; custom_padding_last_edited=&#8221;on|tablet&#8221; global_colors_info=&#8221;{}&#8221;][et_pb_heading title=&#8221;Szko\u0142a istnieje od 1990 roku.&#8221; _builder_version=&#8221;4.27.5&#8243; _module_preset=&#8221;0282dd0d-8e79-4977-96d2-ef98d6d3d069&#8243; title_text_color=&#8221;#000000&#8243; custom_margin=&#8221;||10px||false|false&#8221; global_colors_info=&#8221;{}&#8221;][\/et_pb_heading][et_pb_text _builder_version=&#8221;4.27.5&#8243; _module_preset=&#8221;a4d5bd0b-c6df-4efa-93df-b960974f4af4&#8243;]<\/p>\n<p><span style=\"color: #000000;\">Obecnie do szko\u0142y ucz\u0119szcza 159 uczni\u00f3w, kt\u00f3rzy ucz\u0105 si\u0119 w 9 oddzia\u0142ach. Siedziba szko\u0142y mie\u015bci si\u0119 przy ul. B\u0142ogockiej 19 w zabytkowej, dwukondygnacyjnej willi. Budynek otoczony jest du\u017cym ogrodem z pi\u0119knym drzewostanem oraz boiskiem sportowym.<\/span><\/p>\n<h4><\/h4>\n<p>[\/et_pb_text][\/et_pb_column][\/et_pb_row][et_pb_row _builder_version=&#8221;4.27.5&#8243; _module_preset=&#8221;default&#8221; global_colors_info=&#8221;{}&#8221;][et_pb_column type=&#8221;4_4&#8243; _builder_version=&#8221;4.27.5&#8243; _module_preset=&#8221;52115fba-d092-4238-883d-5957f46de4ce&#8221; background_enable_color=&#8221;off&#8221; global_colors_info=&#8221;{}&#8221;][et_pb_gallery gallery_ids=&#8221;341,342,343,344,345,346,347,348&#8243; posts_number=&#8221;8&#8243; show_title_and_caption=&#8221;off&#8221; show_pagination=&#8221;off&#8221; _builder_version=&#8221;4.27.5&#8243; _module_preset=&#8221;default&#8221; custom_margin=&#8221;0px|-1px|||false|false&#8221; custom_padding=&#8221;0px|0px|0px||false|false&#8221; global_colors_info=&#8221;{}&#8221;][\/et_pb_gallery][\/et_pb_column][\/et_pb_row][\/et_pb_section][et_pb_section fb_built=&#8221;1&#8243; admin_label=&#8221;Header&#8221; _builder_version=&#8221;4.27.5&#8243; _module_preset=&#8221;93fc173a-8ddb-4895-b0ef-bfcf1d5f7dc6&#8243; background_image=&#8221;https:\/\/kspcieszyn.diecezjabielsko.pl\/wp-content\/uploads\/2026\/01\/IMG_4863.jpg&#8221; locked=&#8221;off&#8221; collapsed=&#8221;on&#8221; global_colors_info=&#8221;{%22gcid-1f1bf5fb-a99d-4acc-8d9e-ddac074c158c%22:%91%22background_color_gradient_stops%22,%22background_color_gradient_stops%22%93,%22gcid-4c79ba3d-a281-4fb6-9b14-02f9a4c793f2%22:%91%22background_color_gradient_stops%22,%22background_color_gradient_stops%22%93,%22gcid-688c464a-d6f2-4296-b592-395352c71c79%22:%91%22background_color_gradient_stops%22,%22background_color_gradient_stops%22%93,%22gcid-d119accd-44d7-4f2f-b9d7-599c8463324b%22:%91%22background_color_gradient_stops%22,%22background_color_gradient_stops%22%93}&#8221;][et_pb_row _builder_version=&#8221;4.25.1&#8243; _module_preset=&#8221;default&#8221; global_colors_info=&#8221;{}&#8221;][et_pb_column type=&#8221;4_4&#8243; _builder_version=&#8221;4.25.1&#8243; _module_preset=&#8221;default&#8221; global_colors_info=&#8221;{}&#8221;][et_pb_heading title=&#8221;Wyposa\u017cenie&#8221; _builder_version=&#8221;4.27.5&#8243; _module_preset=&#8221;5cc275b2-b54a-44e7-a32c-abf79622799f&#8221; title_text_align=&#8221;center&#8221; custom_margin=&#8221;||10px||false|false&#8221; global_colors_info=&#8221;{}&#8221;][\/et_pb_heading][\/et_pb_column][\/et_pb_row][et_pb_row column_structure=&#8221;1_3,1_3,1_3&#8243; make_equal=&#8221;on&#8221; _builder_version=&#8221;4.27.5&#8243; _module_preset=&#8221;default&#8221; global_colors_info=&#8221;{}&#8221;][et_pb_column type=&#8221;1_3&#8243; _builder_version=&#8221;4.27.5&#8243; _module_preset=&#8221;b7833b95-2e9d-4a64-a14a-e265ab475b11&#8243; background_color=&#8221;#0C71C3&#8243; global_colors_info=&#8221;{}&#8221;][et_pb_image src=&#8221;https:\/\/kspcieszyn.diecezjabielsko.pl\/wp-content\/uploads\/2026\/01\/424874332_856568489602821_8748778164029623685_n.jpg&#8221; title_text=&#8221;424874332_856568489602821_8748778164029623685_n&#8221; _builder_version=&#8221;4.27.5&#8243; _module_preset=&#8221;default&#8221; global_colors_info=&#8221;{}&#8221;][\/et_pb_image][et_pb_heading title=&#8221;Gabinet terapeutyczny wyposa\u017cony w musicon (muzyczne narz\u0119dzie edukacyjne)&#8221; _builder_version=&#8221;4.25.2&#8243; _module_preset=&#8221;59f599c4-b01e-4a9b-a0a5-f7b3e354c75a&#8221; title_text_color=&#8221;#FFFFFF&#8221; custom_margin=&#8221;||10px||false|false&#8221; global_colors_info=&#8221;{}&#8221;][\/et_pb_heading][\/et_pb_column][et_pb_column type=&#8221;1_3&#8243; _builder_version=&#8221;4.25.2&#8243; _module_preset=&#8221;52115fba-d092-4238-883d-5957f46de4ce&#8221; global_colors_info=&#8221;{}&#8221;][et_pb_image src=&#8221;https:\/\/kspcieszyn.diecezjabielsko.pl\/wp-content\/uploads\/2026\/01\/szkola-podstawowa-cieszyn-aplikuj2-690&#215;310-1.jpg&#8221; title_text=&#8221;szkola-podstawowa-cieszyn-aplikuj2-690&#215;310&#8243; _builder_version=&#8221;4.27.5&#8243; _module_preset=&#8221;default&#8221; global_colors_info=&#8221;{}&#8221;][\/et_pb_image][et_pb_heading title=&#8221;Sale z tablicami interaktywnymi wraz z komputerem z dost\u0119pem do Internetu&#8221; _builder_version=&#8221;4.27.5&#8243; _module_preset=&#8221;59f599c4-b01e-4a9b-a0a5-f7b3e354c75a&#8221; title_text_color=&#8221;#0C71C3&#8243; custom_margin=&#8221;||10px||false|false&#8221; locked=&#8221;off&#8221; global_colors_info=&#8221;{}&#8221;][\/et_pb_heading][\/et_pb_column][et_pb_column type=&#8221;1_3&#8243; _builder_version=&#8221;4.25.2&#8243; _module_preset=&#8221;b2afa376-ca13-4be9-8294-3d2b586e8a03&#8243; global_colors_info=&#8221;{}&#8221;][et_pb_image src=&#8221;https:\/\/kspcieszyn.diecezjabielsko.pl\/wp-content\/uploads\/2026\/01\/kariera1-690&#215;310-1.jpg&#8221; title_text=&#8221;kariera1-690&#215;310&#8243; _builder_version=&#8221;4.27.5&#8243; _module_preset=&#8221;default&#8221; global_colors_info=&#8221;{}&#8221;][\/et_pb_image][et_pb_heading title=&#8221;Sala komputerowa z tablic\u0105 interaktywn\u0105 wraz z 11 stanowiskami komputerowymi z dost\u0119pem do Internetu&#8221; _builder_version=&#8221;4.27.5&#8243; _module_preset=&#8221;59f599c4-b01e-4a9b-a0a5-f7b3e354c75a&#8221; title_text_color=&#8221;#FFFFFF&#8221; custom_margin=&#8221;||10px||false|false&#8221; locked=&#8221;off&#8221; global_colors_info=&#8221;{}&#8221;][\/et_pb_heading][\/et_pb_column][\/et_pb_row][et_pb_row column_structure=&#8221;1_3,1_3,1_3&#8243; make_equal=&#8221;on&#8221; _builder_version=&#8221;4.27.5&#8243; _module_preset=&#8221;default&#8221; global_colors_info=&#8221;{}&#8221;][et_pb_column type=&#8221;1_3&#8243; _builder_version=&#8221;4.25.2&#8243; _module_preset=&#8221;52115fba-d092-4238-883d-5957f46de4ce&#8221; global_colors_info=&#8221;{}&#8221;][et_pb_image src=&#8221;https:\/\/kspcieszyn.diecezjabielsko.pl\/wp-content\/uploads\/2026\/01\/kids-1093758_1280-690&#215;310-1.jpg&#8221; title_text=&#8221;kids-1093758_1280-690&#215;310&#8243; _builder_version=&#8221;4.27.5&#8243; _module_preset=&#8221;default&#8221; global_colors_info=&#8221;{}&#8221;][\/et_pb_image][et_pb_heading title=&#8221;Sala muzyczno plastyczna&#8221; _builder_version=&#8221;4.27.5&#8243; _module_preset=&#8221;59f599c4-b01e-4a9b-a0a5-f7b3e354c75a&#8221; title_text_color=&#8221;#0C71C3&#8243; custom_margin=&#8221;||10px||false|false&#8221; locked=&#8221;off&#8221; global_colors_info=&#8221;{}&#8221;][\/et_pb_heading][\/et_pb_column][et_pb_column type=&#8221;1_3&#8243; _builder_version=&#8221;4.25.2&#8243; _module_preset=&#8221;b2afa376-ca13-4be9-8294-3d2b586e8a03&#8243; global_colors_info=&#8221;{}&#8221;][et_pb_image src=&#8221;https:\/\/kspcieszyn.diecezjabielsko.pl\/wp-content\/uploads\/2026\/01\/424921863_856568506269486_1080111853554008296_n-1.jpg&#8221; title_text=&#8221;424921863_856568506269486_1080111853554008296_n-1&#8243; _builder_version=&#8221;4.27.5&#8243; _module_preset=&#8221;default&#8221; global_colors_info=&#8221;{}&#8221;][\/et_pb_image][et_pb_heading title=&#8221;\u015awietlica&#8221; _builder_version=&#8221;4.27.5&#8243; _module_preset=&#8221;59f599c4-b01e-4a9b-a0a5-f7b3e354c75a&#8221; title_text_color=&#8221;#FFFFFF&#8221; custom_margin=&#8221;||10px||false|false&#8221; locked=&#8221;off&#8221; global_colors_info=&#8221;{}&#8221;][\/et_pb_heading][\/et_pb_column][et_pb_column type=&#8221;1_3&#8243; _builder_version=&#8221;4.27.5&#8243; _module_preset=&#8221;b7833b95-2e9d-4a64-a14a-e265ab475b11&#8243; background_color=&#8221;#0C71C3&#8243; global_colors_info=&#8221;{}&#8221;][et_pb_image src=&#8221;https:\/\/kspcieszyn.diecezjabielsko.pl\/wp-content\/uploads\/2026\/01\/sejm-wszystkie-kluby-za-zakazem-smieciowego-jedzenia-w-szkolach-690&#215;310-1.jpeg&#8221; title_text=&#8221;sejm-wszystkie-kluby-za-zakazem-smieciowego-jedzenia-w-szkolach-690&#215;310&#8243; _builder_version=&#8221;4.27.5&#8243; _module_preset=&#8221;default&#8221; global_colors_info=&#8221;{}&#8221;][\/et_pb_image][et_pb_heading title=&#8221;Sto\u0142\u00f3wka &#8211; pyszne posi\u0142ki&#8221; _builder_version=&#8221;4.25.2&#8243; _module_preset=&#8221;59f599c4-b01e-4a9b-a0a5-f7b3e354c75a&#8221; title_text_color=&#8221;#FFFFFF&#8221; custom_margin=&#8221;||10px||false|false&#8221; global_colors_info=&#8221;{}&#8221;][\/et_pb_heading][\/et_pb_column][\/et_pb_row][et_pb_row column_structure=&#8221;1_3,1_3,1_3&#8243; make_equal=&#8221;on&#8221; _builder_version=&#8221;4.27.5&#8243; _module_preset=&#8221;default&#8221; global_colors_info=&#8221;{}&#8221;][et_pb_column type=&#8221;1_3&#8243; _builder_version=&#8221;4.25.2&#8243; _module_preset=&#8221;b2afa376-ca13-4be9-8294-3d2b586e8a03&#8243; global_colors_info=&#8221;{}&#8221;][et_pb_image src=&#8221;https:\/\/kspcieszyn.diecezjabielsko.pl\/wp-content\/uploads\/2026\/01\/obiad-dla-dziecka-120770-4_3-690&#215;310-1.jpg&#8221; title_text=&#8221;obiad-dla-dziecka-120770-4_3-690&#215;310&#8243; _builder_version=&#8221;4.27.5&#8243; _module_preset=&#8221;default&#8221; global_colors_info=&#8221;{}&#8221;][\/et_pb_image][et_pb_heading title=&#8221;W\u0142asna kuchnia&#8221; _builder_version=&#8221;4.27.5&#8243; _module_preset=&#8221;59f599c4-b01e-4a9b-a0a5-f7b3e354c75a&#8221; title_text_color=&#8221;#FFFFFF&#8221; custom_margin=&#8221;||10px||false|false&#8221; locked=&#8221;off&#8221; global_colors_info=&#8221;{}&#8221;][\/et_pb_heading][\/et_pb_column][et_pb_column type=&#8221;1_3&#8243; _builder_version=&#8221;4.27.5&#8243; _module_preset=&#8221;b7833b95-2e9d-4a64-a14a-e265ab475b11&#8243; background_color=&#8221;#0C71C3&#8243; global_colors_info=&#8221;{}&#8221;][et_pb_image src=&#8221;https:\/\/kspcieszyn.diecezjabielsko.pl\/wp-content\/uploads\/2026\/01\/school-cone-432044_1280-690&#215;310-1.jpg&#8221; title_text=&#8221;school-cone-432044_1280-690&#215;310&#8243; _builder_version=&#8221;4.27.5&#8243; _module_preset=&#8221;default&#8221; global_colors_info=&#8221;{}&#8221;][\/et_pb_image][et_pb_heading title=&#8221;Nowoczesny plac zabaw&#8221; _builder_version=&#8221;4.25.2&#8243; _module_preset=&#8221;59f599c4-b01e-4a9b-a0a5-f7b3e354c75a&#8221; title_text_color=&#8221;#FFFFFF&#8221; custom_margin=&#8221;||10px||false|false&#8221; global_colors_info=&#8221;{}&#8221;][\/et_pb_heading][\/et_pb_column][et_pb_column type=&#8221;1_3&#8243; _builder_version=&#8221;4.25.2&#8243; _module_preset=&#8221;52115fba-d092-4238-883d-5957f46de4ce&#8221; global_colors_info=&#8221;{}&#8221;][et_pb_image src=&#8221;https:\/\/kspcieszyn.diecezjabielsko.pl\/wp-content\/uploads\/2026\/01\/anna-samoylova-w55SpMmoPgE-unsplash-690&#215;310-1.jpg&#8221; title_text=&#8221;anna-samoylova-w55SpMmoPgE-unsplash-690&#215;310&#8243; _builder_version=&#8221;4.27.5&#8243; _module_preset=&#8221;default&#8221; global_colors_info=&#8221;{}&#8221;][\/et_pb_image][et_pb_heading title=&#8221;Boisko&#8221; _builder_version=&#8221;4.27.5&#8243; _module_preset=&#8221;59f599c4-b01e-4a9b-a0a5-f7b3e354c75a&#8221; title_text_color=&#8221;gcid-d68c8ef3-590f-460c-8fc6-936ccb15f71f&#8221; custom_margin=&#8221;||10px||false|false&#8221; locked=&#8221;off&#8221; global_colors_info=&#8221;{%22gcid-d68c8ef3-590f-460c-8fc6-936ccb15f71f%22:%91%22title_text_color%22%93}&#8221;][\/et_pb_heading][\/et_pb_column][\/et_pb_row][et_pb_row column_structure=&#8221;1_3,1_3,1_3&#8243; make_equal=&#8221;on&#8221; _builder_version=&#8221;4.27.5&#8243; _module_preset=&#8221;default&#8221; global_colors_info=&#8221;{}&#8221;][et_pb_column type=&#8221;1_3&#8243; _builder_version=&#8221;4.27.5&#8243; _module_preset=&#8221;b7833b95-2e9d-4a64-a14a-e265ab475b11&#8243; background_enable_color=&#8221;off&#8221; global_colors_info=&#8221;{}&#8221;][et_pb_button button_url=&#8221;https:\/\/kspcieszyn.diecezjabielsko.pl\/index.php\/oferta-edukacyjna\/&#8221; button_text=&#8221;oferta edukacyjna&#8221; _builder_version=&#8221;4.27.5&#8243; _module_preset=&#8221;fd900b14-7333-4b65-bbdc-198354697477&#8243; global_colors_info=&#8221;{}&#8221;][\/et_pb_button][\/et_pb_column][et_pb_column type=&#8221;1_3&#8243; _builder_version=&#8221;4.25.2&#8243; _module_preset=&#8221;52115fba-d092-4238-883d-5957f46de4ce&#8221; global_colors_info=&#8221;{}&#8221;][et_pb_image src=&#8221;https:\/\/kspcieszyn.diecezjabielsko.pl\/wp-content\/uploads\/2026\/01\/424918531_856568426269494_3371769724488916149_n.jpg&#8221; title_text=&#8221;424918531_856568426269494_3371769724488916149_n&#8221; _builder_version=&#8221;4.27.5&#8243; _module_preset=&#8221;default&#8221; global_colors_info=&#8221;{}&#8221;][\/et_pb_image][et_pb_heading title=&#8221;Sala gimnastyczna&#8221; _builder_version=&#8221;4.27.5&#8243; _module_preset=&#8221;59f599c4-b01e-4a9b-a0a5-f7b3e354c75a&#8221; title_text_color=&#8221;#0C71C3&#8243; custom_margin=&#8221;||10px||false|false&#8221; locked=&#8221;off&#8221; global_colors_info=&#8221;{}&#8221;][\/et_pb_heading][\/et_pb_column][et_pb_column type=&#8221;1_3&#8243; _builder_version=&#8221;4.27.5&#8243; _module_preset=&#8221;b2afa376-ca13-4be9-8294-3d2b586e8a03&#8243; background_enable_color=&#8221;off&#8221; global_colors_info=&#8221;{}&#8221;][et_pb_button button_text=&#8221;rekrutacja&#8221; _builder_version=&#8221;4.27.5&#8243; _module_preset=&#8221;fd900b14-7333-4b65-bbdc-198354697477&#8243; global_colors_info=&#8221;{}&#8221;][\/et_pb_button][\/et_pb_column][\/et_pb_row][\/et_pb_section]<\/p>\n","protected":false},"excerpt":{"rendered":"<p>Obecnie do szko\u0142y ucz\u0119szcza 159 uczni\u00f3w, kt\u00f3rzy ucz\u0105 si\u0119 w 9 oddzia\u0142ach. Siedziba szko\u0142y mie\u015bci si\u0119 przy ul. B\u0142ogockiej 19 w zabytkowej, dwukondygnacyjnej willi. Budynek otoczony jest du\u017cym ogrodem z pi\u0119knym drzewostanem oraz boiskiem sportowym.<\/p>\n","protected":false},"author":4,"featured_media":0,"parent":0,"menu_order":0,"comment_status":"closed","ping_status":"closed","template":"","meta":{"_et_pb_use_builder":"on","_et_pb_old_content":"","_et_gb_content_width":"","footnotes":""},"class_list":["post-338","page","type-page","status-publish","hentry"],"_links":{"self":[{"href":"https:\/\/kspcieszyn.diecezjabielsko.pl\/index.php\/wp-json\/wp\/v2\/pages\/338","targetHints":{"allow":["GET"]}}],"collection":[{"href":"https:\/\/kspcieszyn.diecezjabielsko.pl\/index.php\/wp-json\/wp\/v2\/pages"}],"about":[{"href":"https:\/\/kspcieszyn.diecezjabielsko.pl\/index.php\/wp-json\/wp\/v2\/types\/page"}],"author":[{"embeddable":true,"href":"https:\/\/kspcieszyn.diecezjabielsko.pl\/index.php\/wp-json\/wp\/v2\/users\/4"}],"replies":[{"embeddable":true,"href":"https:\/\/kspcieszyn.diecezjabielsko.pl\/index.php\/wp-json\/wp\/v2\/comments?post=338"}],"version-history":[{"count":4,"href":"https:\/\/kspcieszyn.diecezjabielsko.pl\/index.php\/wp-json\/wp\/v2\/pages\/338\/revisions"}],"predecessor-version":[{"id":595,"href":"https:\/\/kspcieszyn.diecezjabielsko.pl\/index.php\/wp-json\/wp\/v2\/pages\/338\/revisions\/595"}],"wp:attachment":[{"href":"https:\/\/kspcieszyn.diecezjabielsko.pl\/index.php\/wp-json\/wp\/v2\/media?parent=338"}],"curies":[{"name":"wp","href":"https:\/\/api.w.org\/{rel}","templated":true}]}}