{"id":318,"date":"2026-01-11T19:25:01","date_gmt":"2026-01-11T18:25:01","guid":{"rendered":"https:\/\/kspc.diecezjabielsko.pl\/?page_id=318"},"modified":"2026-01-11T19:25:01","modified_gmt":"2026-01-11T18:25:01","slug":"specjalisci","status":"publish","type":"page","link":"https:\/\/kspcieszyn.diecezjabielsko.pl\/index.php\/specjalisci\/","title":{"rendered":"Specjali\u015bci"},"content":{"rendered":"<p>[et_pb_section fb_built=&#8221;1&#8243; admin_label=&#8221;Call to Action&#8221; _builder_version=&#8221;4.27.5&#8243; _module_preset=&#8221;903608f7-e57f-4dd6-9c67-77df3a52a79b&#8221; background_color_gradient_direction_radial=&#8221;top right&#8221; parallax=&#8221;on&#8221; hover_enabled=&#8221;0&#8243; collapsed=&#8221;off&#8221; global_colors_info=&#8221;{}&#8221; theme_builder_area=&#8221;post_content&#8221; background_enable_image=&#8221;off&#8221; sticky_enabled=&#8221;0&#8243; custom_margin=&#8221;0px||||false|false&#8221; custom_padding=&#8221;0px||0px||false|false&#8221;][et_pb_row _builder_version=&#8221;4.27.5&#8243; _module_preset=&#8221;default&#8221; hover_enabled=&#8221;0&#8243; global_colors_info=&#8221;{}&#8221; theme_builder_area=&#8221;post_content&#8221; sticky_enabled=&#8221;0&#8243; custom_margin=&#8221;0px||-1px||false|false&#8221;][et_pb_column type=&#8221;4_4&#8243; _builder_version=&#8221;4.25.2&#8243; _module_preset=&#8221;default&#8221; custom_padding=&#8221;40px||||false|false&#8221; custom_padding_tablet=&#8221;0px||||false|false&#8221; custom_padding_phone=&#8221;0px||||false|false&#8221; custom_padding_last_edited=&#8221;on|tablet&#8221; global_colors_info=&#8221;{}&#8221; theme_builder_area=&#8221;post_content&#8221;][et_pb_heading title=&#8221;Specjali\u015bci&#8221; _builder_version=&#8221;4.25.2&#8243; _module_preset=&#8221;5cc275b2-b54a-44e7-a32c-abf79622799f&#8221; title_text_align=&#8221;center&#8221; custom_margin=&#8221;||10px||false|false&#8221; global_colors_info=&#8221;{}&#8221; theme_builder_area=&#8221;post_content&#8221;][\/et_pb_heading][\/et_pb_column][\/et_pb_row][et_pb_row column_structure=&#8221;1_3,1_3,1_3&#8243; _builder_version=&#8221;4.27.5&#8243; _module_preset=&#8221;default&#8221; hover_enabled=&#8221;0&#8243; global_colors_info=&#8221;{}&#8221; theme_builder_area=&#8221;post_content&#8221; sticky_enabled=&#8221;0&#8243;][et_pb_column type=&#8221;1_3&#8243; _builder_version=&#8221;4.25.2&#8243; _module_preset=&#8221;default&#8221; custom_padding=&#8221;40px||||false|false&#8221; custom_padding_tablet=&#8221;0px||||false|false&#8221; custom_padding_phone=&#8221;0px||||false|false&#8221; custom_padding_last_edited=&#8221;on|tablet&#8221; global_colors_info=&#8221;{}&#8221; theme_builder_area=&#8221;post_content&#8221;][et_pb_team_member name=&#8221;mgr Olga CHybiorz&#8221; image_url=&#8221;https:\/\/kspcieszyn.diecezjabielsko.pl\/wp-content\/uploads\/2026\/01\/mgr-Olga-Chybiorz-1152&#215;1536-1-rcj7or5w835xp5jj3t6m49d658jo5r8ixkr8m2kvwo.jpg&#8221; position=&#8221;psycholog szkolny, nauczyciel edukacji zdrowotnej&#8221; _builder_version=&#8221;4.27.5&#8243; _module_preset=&#8221;default&#8221; theme_builder_area=&#8221;post_content&#8221; hover_enabled=&#8221;0&#8243; sticky_enabled=&#8221;0&#8243; title_text=&#8221;mgr-Olga-Chybiorz-1152&#215;1536-1-rcj7or5w835xp5jj3t6m49d658jo5r8ixkr8m2kvwo&#8221;][\/et_pb_team_member][\/et_pb_column][et_pb_column type=&#8221;1_3&#8243; _builder_version=&#8221;4.25.2&#8243; _module_preset=&#8221;default&#8221; custom_padding=&#8221;40px||||false|false&#8221; custom_padding_tablet=&#8221;0px||||false|false&#8221; custom_padding_phone=&#8221;0px||||false|false&#8221; custom_padding_last_edited=&#8221;on|tablet&#8221; global_colors_info=&#8221;{}&#8221; theme_builder_area=&#8221;post_content&#8221;][et_pb_text _builder_version=&#8221;4.27.5&#8243; _module_preset=&#8221;a4d5bd0b-c6df-4efa-93df-b960974f4af4&#8243; hover_enabled=&#8221;0&#8243; theme_builder_area=&#8221;post_content&#8221; sticky_enabled=&#8221;0&#8243; global_colors_info=&#8221;{}&#8221; header_text_color=&#8221;#000000&#8243;]<\/p>\n<h4><\/h4>\n<h5><span style=\"color: #000000;\"><strong>poniedzia\u0142ek:<\/strong><\/span><\/h5>\n<p><span style=\"color: #000000;\">11:45 \u2013 12.45 Konsultacje\/obserwacje<\/span><br \/><span style=\"color: #000000;\">12.40 \u2013 13.25 Edukacja zdrowotna<\/span><br \/><span style=\"color: #000000;\">13:45 \u2013 14:45 IPET<\/span><br \/><span style=\"color: #000000;\">14.45 \u2013 16.00 Konsultacje<\/span><\/p>\n<h5><strong><span style=\"color: #000000;\">wtorek<\/span><\/strong><\/h5>\n<p><span style=\"color: #000000;\">12:30 \u2013 13:15 IPET<\/span><br \/><span style=\"color: #000000;\">13:15 \u2013 14:15 IPET<\/span><br \/><span style=\"color: #000000;\">14:15 \u2013 15:15 IPET<\/span><br \/><span style=\"color: #000000;\">15.15 \u2013 16.00 Konsultacje<\/span><\/p>\n<h5><strong><span style=\"color: #000000;\">\u015broda<\/span><\/strong><\/h5>\n<p><span style=\"color: #000000;\">12.40 \u2013 13.25 Edukacja zdrowotna<\/span><br \/><span style=\"color: #000000;\">13:30 \u2013 14:15 IPET<\/span><br \/><span style=\"color: #000000;\">14.15 \u2013 16.15 Konsultacje<\/span><\/p>\n<h5><strong><span style=\"color: #000000;\">pi\u0105tek<\/span><\/strong><\/h5>\n<p><span style=\"color: #000000;\">11.45 \u2013 12.40 Konsultacje\/obserwacje<\/span><br \/><span style=\"color: #000000;\">12.40 \u2013 13.25 Edukacja zdrowotna<\/span><br \/><span style=\"color: #000000;\">13.25 \u2013 14.30 Konsultacje<\/span><\/p>\n<p>[\/et_pb_text][\/et_pb_column][et_pb_column _builder_version=&#8221;4.27.5&#8243; _module_preset=&#8221;default&#8221; type=&#8221;1_3&#8243; theme_builder_area=&#8221;post_content&#8221;][et_pb_image src=&#8221;https:\/\/kspcieszyn.diecezjabielsko.pl\/wp-content\/uploads\/2026\/01\/Rola-i-zadania-psychologa-szkolnego.jpg&#8221; title_text=&#8221;Rola-i-zadania-psychologa-szkolnego&#8221; _builder_version=&#8221;4.27.5&#8243; _module_preset=&#8221;da67ba06-0b57-4aa2-8cc1-fc814cab47ba&#8221; hover_enabled=&#8221;0&#8243; global_colors_info=&#8221;{}&#8221; theme_builder_area=&#8221;post_content&#8221; sticky_enabled=&#8221;0&#8243;][\/et_pb_image][\/et_pb_column][\/et_pb_row][et_pb_row column_structure=&#8221;1_3,1_3,1_3&#8243; _builder_version=&#8221;4.27.5&#8243; _module_preset=&#8221;default&#8221; hover_enabled=&#8221;0&#8243; global_colors_info=&#8221;{}&#8221; theme_builder_area=&#8221;post_content&#8221; sticky_enabled=&#8221;0&#8243;][et_pb_column type=&#8221;1_3&#8243; _builder_version=&#8221;4.25.2&#8243; _module_preset=&#8221;default&#8221; custom_padding=&#8221;40px||||false|false&#8221; custom_padding_tablet=&#8221;0px||||false|false&#8221; custom_padding_phone=&#8221;0px||||false|false&#8221; custom_padding_last_edited=&#8221;on|tablet&#8221; global_colors_info=&#8221;{}&#8221; theme_builder_area=&#8221;post_content&#8221;][et_pb_team_member name=&#8221;mgr El\u017cbieta Siudak&#8221; image_url=&#8221;https:\/\/kspcieszyn.diecezjabielsko.pl\/wp-content\/uploads\/2026\/01\/hdimg4868ef6e7ad2952ec8d89ae58d606d.jpg&#8221; position=&#8221;pedagog szkolny, nauczyciel doradztwa zawodowego, opiekun szkolnego wolontariatu&#8221; _builder_version=&#8221;4.27.5&#8243; _module_preset=&#8221;default&#8221; theme_builder_area=&#8221;post_content&#8221; hover_enabled=&#8221;0&#8243; sticky_enabled=&#8221;0&#8243; title_text=&#8221;hdimg4868ef6e7ad2952ec8d89ae58d606d&#8221;][\/et_pb_team_member][\/et_pb_column][et_pb_column type=&#8221;1_3&#8243; _builder_version=&#8221;4.25.2&#8243; _module_preset=&#8221;default&#8221; custom_padding=&#8221;40px||||false|false&#8221; custom_padding_tablet=&#8221;0px||||false|false&#8221; custom_padding_phone=&#8221;0px||||false|false&#8221; custom_padding_last_edited=&#8221;on|tablet&#8221; global_colors_info=&#8221;{}&#8221; theme_builder_area=&#8221;post_content&#8221;][et_pb_team_member name=&#8221;mgr Magdalena Chybiorz&#8221; image_url=&#8221;https:\/\/kspcieszyn.diecezjabielsko.pl\/wp-content\/uploads\/2026\/01\/ped.specj_.-1.jpg&#8221; position=&#8221;wychowawca kl. V, nauczyciel wsp\u00f3\u0142organizuj\u0105cy proces kszta\u0142cenia w klasie V, pedagog specjalny, opiekun Samorz\u0105du Uczniowskiego&#8221; _builder_version=&#8221;4.27.5&#8243; _module_preset=&#8221;default&#8221; theme_builder_area=&#8221;post_content&#8221; hover_enabled=&#8221;0&#8243; sticky_enabled=&#8221;0&#8243; title_text=&#8221;ped.specj_.-1&#8243;][\/et_pb_team_member][\/et_pb_column][et_pb_column type=&#8221;1_3&#8243; _builder_version=&#8221;4.25.2&#8243; _module_preset=&#8221;default&#8221; custom_padding=&#8221;40px||||false|false&#8221; custom_padding_tablet=&#8221;0px||||false|false&#8221; custom_padding_phone=&#8221;0px||||false|false&#8221; custom_padding_last_edited=&#8221;on|tablet&#8221; global_colors_info=&#8221;{}&#8221; theme_builder_area=&#8221;post_content&#8221;][et_pb_team_member name=&#8221;mgr Tadeusz Stoszek&#8221; image_url=&#8221;https:\/\/kspcieszyn.diecezjabielsko.pl\/wp-content\/uploads\/2026\/01\/przypinka-terapeuta-zajeciowy-3130-732p.webp&#8221; position=&#8221;TUS&#8221; _builder_version=&#8221;4.27.5&#8243; _module_preset=&#8221;default&#8221; theme_builder_area=&#8221;post_content&#8221; hover_enabled=&#8221;0&#8243; sticky_enabled=&#8221;0&#8243; title_text=&#8221;przypinka-terapeuta-zajeciowy-3130-732p&#8221;][\/et_pb_team_member][\/et_pb_column][\/et_pb_row][et_pb_row column_structure=&#8221;1_3,1_3,1_3&#8243; _builder_version=&#8221;4.27.5&#8243; _module_preset=&#8221;default&#8221; hover_enabled=&#8221;0&#8243; global_colors_info=&#8221;{}&#8221; theme_builder_area=&#8221;post_content&#8221; sticky_enabled=&#8221;0&#8243;][et_pb_column type=&#8221;1_3&#8243; _builder_version=&#8221;4.25.2&#8243; _module_preset=&#8221;default&#8221; custom_padding=&#8221;40px||||false|false&#8221; custom_padding_tablet=&#8221;0px||||false|false&#8221; custom_padding_phone=&#8221;0px||||false|false&#8221; custom_padding_last_edited=&#8221;on|tablet&#8221; global_colors_info=&#8221;{}&#8221; theme_builder_area=&#8221;post_content&#8221;][et_pb_team_member name=&#8221;mgr Dominika Duraj&#8221; image_url=&#8221;https:\/\/kspcieszyn.diecezjabielsko.pl\/wp-content\/uploads\/2026\/01\/48387198_529426564224758_4056422750795857920_n-1-rcj7y1sft3w0ic1gtttsrwx9meqca04yvl03gksqdk.jpg&#8221; position=&#8221;nauczyciel edukacji wczesnoszkolnej, logopeda&#8221; _builder_version=&#8221;4.27.5&#8243; _module_preset=&#8221;default&#8221; theme_builder_area=&#8221;post_content&#8221; hover_enabled=&#8221;0&#8243; sticky_enabled=&#8221;0&#8243; title_text=&#8221;48387198_529426564224758_4056422750795857920_n-1-rcj7y1sft3w0ic1gtttsrwx9meqca04yvl03gksqdk&#8221;][\/et_pb_team_member][\/et_pb_column][et_pb_column type=&#8221;1_3&#8243; _builder_version=&#8221;4.25.2&#8243; _module_preset=&#8221;default&#8221; custom_padding=&#8221;40px||||false|false&#8221; custom_padding_tablet=&#8221;0px||||false|false&#8221; custom_padding_phone=&#8221;0px||||false|false&#8221; custom_padding_last_edited=&#8221;on|tablet&#8221; global_colors_info=&#8221;{}&#8221; theme_builder_area=&#8221;post_content&#8221;][et_pb_team_member image_url=&#8221;https:\/\/kspcieszyn.diecezjabielsko.pl\/wp-content\/uploads\/2026\/01\/image001-e1586126402320-1.webp&#8221; _builder_version=&#8221;4.27.5&#8243; _module_preset=&#8221;default&#8221; theme_builder_area=&#8221;post_content&#8221; hover_enabled=&#8221;0&#8243; sticky_enabled=&#8221;0&#8243; title_text=&#8221;image001-e1586126402320-1&#8243;][\/et_pb_team_member][\/et_pb_column][et_pb_column type=&#8221;1_3&#8243; _builder_version=&#8221;4.25.2&#8243; _module_preset=&#8221;default&#8221; custom_padding=&#8221;40px||||false|false&#8221; custom_padding_tablet=&#8221;0px||||false|false&#8221; custom_padding_phone=&#8221;0px||||false|false&#8221; custom_padding_last_edited=&#8221;on|tablet&#8221; global_colors_info=&#8221;{}&#8221; theme_builder_area=&#8221;post_content&#8221;][et_pb_team_member name=&#8221;dr S\u0142awomira Rucha\u0142a&#8221; image_url=&#8221;https:\/\/kspcieszyn.diecezjabielsko.pl\/wp-content\/uploads\/2026\/01\/dyrektor.jpg&#8221; position=&#8221;Dyrektor KSP, nauczyciel wiedzy o spo\u0142ecze\u0144stwie, logopeda,&#8221; _builder_version=&#8221;4.27.5&#8243; _module_preset=&#8221;default&#8221; theme_builder_area=&#8221;post_content&#8221; hover_enabled=&#8221;0&#8243; sticky_enabled=&#8221;0&#8243; title_text=&#8221;dyrektor&#8221;][\/et_pb_team_member][\/et_pb_column][\/et_pb_row][\/et_pb_section]<\/p>\n","protected":false},"excerpt":{"rendered":"<p>poniedzia\u0142ek: 11:45 \u2013 12.45 Konsultacje\/obserwacje12.40 \u2013 13.25 Edukacja zdrowotna13:45 \u2013 14:45 IPET14.45 \u2013 16.00 Konsultacje wtorek 12:30 \u2013 13:15 IPET13:15 \u2013 14:15 IPET14:15 \u2013 15:15 IPET15.15 \u2013 16.00 Konsultacje \u015broda 12.40 \u2013 13.25 Edukacja zdrowotna13:30 \u2013 14:15 IPET14.15 \u2013 16.15 Konsultacje pi\u0105tek 11.45 \u2013 12.40 Konsultacje\/obserwacje12.40 \u2013 13.25 Edukacja zdrowotna13.25 \u2013 14.30 Konsultacje<\/p>\n","protected":false},"author":4,"featured_media":0,"parent":0,"menu_order":0,"comment_status":"closed","ping_status":"closed","template":"","meta":{"_et_pb_use_builder":"on","_et_pb_old_content":"","_et_gb_content_width":"","footnotes":""},"class_list":["post-318","page","type-page","status-publish","hentry"],"_links":{"self":[{"href":"https:\/\/kspcieszyn.diecezjabielsko.pl\/index.php\/wp-json\/wp\/v2\/pages\/318","targetHints":{"allow":["GET"]}}],"collection":[{"href":"https:\/\/kspcieszyn.diecezjabielsko.pl\/index.php\/wp-json\/wp\/v2\/pages"}],"about":[{"href":"https:\/\/kspcieszyn.diecezjabielsko.pl\/index.php\/wp-json\/wp\/v2\/types\/page"}],"author":[{"embeddable":true,"href":"https:\/\/kspcieszyn.diecezjabielsko.pl\/index.php\/wp-json\/wp\/v2\/users\/4"}],"replies":[{"embeddable":true,"href":"https:\/\/kspcieszyn.diecezjabielsko.pl\/index.php\/wp-json\/wp\/v2\/comments?post=318"}],"version-history":[{"count":2,"href":"https:\/\/kspcieszyn.diecezjabielsko.pl\/index.php\/wp-json\/wp\/v2\/pages\/318\/revisions"}],"predecessor-version":[{"id":321,"href":"https:\/\/kspcieszyn.diecezjabielsko.pl\/index.php\/wp-json\/wp\/v2\/pages\/318\/revisions\/321"}],"wp:attachment":[{"href":"https:\/\/kspcieszyn.diecezjabielsko.pl\/index.php\/wp-json\/wp\/v2\/media?parent=318"}],"curies":[{"name":"wp","href":"https:\/\/api.w.org\/{rel}","templated":true}]}}