{"id":272,"date":"2026-01-11T17:59:18","date_gmt":"2026-01-11T16:59:18","guid":{"rendered":"https:\/\/kspc.diecezjabielsko.pl\/?page_id=272"},"modified":"2026-01-13T11:45:46","modified_gmt":"2026-01-13T10:45:46","slug":"rada-pedagogiczna","status":"publish","type":"page","link":"https:\/\/kspcieszyn.diecezjabielsko.pl\/index.php\/rada-pedagogiczna\/","title":{"rendered":"Rada Pedagogiczna"},"content":{"rendered":"<p>[et_pb_section fb_built=&#8221;1&#8243; admin_label=&#8221;Header&#8221; _builder_version=&#8221;4.27.5&#8243; _module_preset=&#8221;93fc173a-8ddb-4895-b0ef-bfcf1d5f7dc6&#8243; background_enable_image=&#8221;off&#8221; hover_enabled=&#8221;0&#8243; locked=&#8221;off&#8221; collapsed=&#8221;on&#8221; global_colors_info=&#8221;{}&#8221; background_color_gradient_stops=&#8221;rgba(255,255,255,0.12) 20%|#0c71c3 99%&#8221; sticky_enabled=&#8221;0&#8243;][et_pb_row _builder_version=&#8221;4.25.1&#8243; _module_preset=&#8221;default&#8221; global_colors_info=&#8221;{}&#8221;][et_pb_column type=&#8221;4_4&#8243; _builder_version=&#8221;4.25.1&#8243; _module_preset=&#8221;default&#8221; global_colors_info=&#8221;{}&#8221;][et_pb_heading title=&#8221;Rada Pedagogiczna Katolickiej Szko\u0142y Podstawowej&#8221; _builder_version=&#8221;4.27.5&#8243; _module_preset=&#8221;5cc275b2-b54a-44e7-a32c-abf79622799f&#8221; title_text_align=&#8221;center&#8221; custom_margin=&#8221;||10px||false|false&#8221; global_colors_info=&#8221;{}&#8221;][\/et_pb_heading][et_pb_text _builder_version=&#8221;4.27.5&#8243; _module_preset=&#8221;6efb6bbd-12a1-4834-b469-9798f4a40b40&#8243; text_orientation=&#8221;center&#8221; hover_enabled=&#8221;0&#8243; global_colors_info=&#8221;{}&#8221; sticky_enabled=&#8221;0&#8243;]<\/p>\n<p>imienia \u015awi\u0119tej Rodziny w Cieszynie<\/p>\n<p>[\/et_pb_text][\/et_pb_column][\/et_pb_row][et_pb_row column_structure=&#8221;1_2,1_2&#8243; make_equal=&#8221;on&#8221; _builder_version=&#8221;4.27.5&#8243; _module_preset=&#8221;default&#8221; global_colors_info=&#8221;{}&#8221;][et_pb_column type=&#8221;1_2&#8243; _builder_version=&#8221;4.25.2&#8243; _module_preset=&#8221;52115fba-d092-4238-883d-5957f46de4ce&#8221; hover_enabled=&#8221;0&#8243; global_colors_info=&#8221;{}&#8221; sticky_enabled=&#8221;0&#8243;][et_pb_image src=&#8221;https:\/\/kspcieszyn.diecezjabielsko.pl\/wp-content\/uploads\/2026\/01\/dyrektor.jpg&#8221; _builder_version=&#8221;4.27.5&#8243; _module_preset=&#8221;default&#8221; title_text=&#8221;dyrektor&#8221; hover_enabled=&#8221;0&#8243; sticky_enabled=&#8221;0&#8243; width=&#8221;80%&#8221; module_alignment=&#8221;center&#8221; border_radii=&#8221;on|180px|180px|180px|180px&#8221;][\/et_pb_image][et_pb_heading title=&#8221;dr S\u0142awomira Rucha\u0142a&#8221; _builder_version=&#8221;4.27.5&#8243; _module_preset=&#8221;default&#8221; hover_enabled=&#8221;0&#8243; sticky_enabled=&#8221;0&#8243; title_level=&#8221;h3&#8243; custom_padding=&#8221;0px|0px|0px|0px|false|false&#8221; custom_margin=&#8221;0px|0px|0px|0px|false|false&#8221; title_font_size_last_edited=&#8221;off|desktop&#8221; title_font_size=&#8221;40px&#8221; module_alignment=&#8221;center&#8221; title_text_align=&#8221;center&#8221;][\/et_pb_heading][et_pb_text _builder_version=&#8221;4.27.5&#8243; _module_preset=&#8221;default&#8221; hover_enabled=&#8221;0&#8243; sticky_enabled=&#8221;0&#8243; text_orientation=&#8221;center&#8221;]<\/p>\n<h5>Dyrektor<\/h5>\n<p>[\/et_pb_text][et_pb_button button_text=&#8221;wi\u0119cej&#8221; _builder_version=&#8221;4.27.5&#8243; _module_preset=&#8221;ad1327f9-53bb-4a56-8866-b634379242f6&#8243; hover_enabled=&#8221;0&#8243; locked=&#8221;off&#8221; global_colors_info=&#8221;{}&#8221; button_bg_color=&#8221;#0C71C3&#8243; sticky_enabled=&#8221;0&#8243;][\/et_pb_button][\/et_pb_column][et_pb_column type=&#8221;1_2&#8243; _builder_version=&#8221;4.25.2&#8243; _module_preset=&#8221;b2afa376-ca13-4be9-8294-3d2b586e8a03&#8243; global_colors_info=&#8221;{}&#8221;][et_pb_heading title=&#8221;Wychowawcy klas&#8221; _builder_version=&#8221;4.27.5&#8243; _module_preset=&#8221;default&#8221; title_text_color=&#8221;#FFFFFF&#8221; global_colors_info=&#8221;{}&#8221;][\/et_pb_heading][et_pb_text _builder_version=&#8221;4.27.5&#8243; _module_preset=&#8221;a4d5bd0b-c6df-4efa-93df-b960974f4af4&#8243; locked=&#8221;off&#8221; global_colors_info=&#8221;{}&#8221;]<\/p>\n<p><strong>mgr Dominika Duraj<\/strong><span>\u00a0<\/span>\u2013 wychowawca klasy I<\/p>\n<p><strong>mgr in\u017c. Katarzyna Czakon<\/strong><span>\u00a0<\/span>\u2013 wychowawca klasy II<\/p>\n<p><strong>mgr Marek Chybiorz<\/strong><span>\u00a0<\/span>\u2013 wychowawca klasy IV<\/p>\n<p><strong>mgr Magdalena Chybiorz<\/strong><span>\u00a0<\/span>\u2013 wychowawca kl. V<\/p>\n<p><strong>mgr Beata Sabath<\/strong><span>\u00a0<\/span>\u2013 wychowawca kl. VI<\/p>\n<p><strong>mgr Karolina Czech<\/strong><span>\u00a0<\/span>\u2013 wychowawca klasy VII<\/p>\n<p><strong>mgr Natalia Wici\u0144ska<\/strong><span>\u00a0<\/span>\u2013 wychowawca w kl. VIII<\/p>\n<p>[\/et_pb_text][\/et_pb_column][\/et_pb_row][\/et_pb_section][et_pb_section fb_built=&#8221;1&#8243; admin_label=&#8221;Video&#8221; _builder_version=&#8221;4.27.5&#8243; _module_preset=&#8221;default&#8221; background_color=&#8221;#0C71C3&#8243; custom_padding=&#8221;0px||0px||false|false&#8221; hover_enabled=&#8221;0&#8243; locked=&#8221;off&#8221; collapsed=&#8221;on&#8221; global_colors_info=&#8221;{}&#8221; sticky_enabled=&#8221;0&#8243;][et_pb_row _builder_version=&#8221;4.27.5&#8243; _module_preset=&#8221;default&#8221; global_colors_info=&#8221;{}&#8221;][et_pb_column type=&#8221;4_4&#8243; _builder_version=&#8221;4.27.5&#8243; _module_preset=&#8221;default&#8221; global_colors_info=&#8221;{}&#8221;][et_pb_heading title=&#8221;Nauczyciel to doradca, idol, cz\u0119sto przyjaciel. Nauczyciel to przewodnik i lider, sternik \u0142odzi. Jednak\u017ce energia, kt\u00f3ra t\u0119 \u0142\u00f3d\u017a nap\u0119dza, musi pochodzi\u0107 od ucz\u0105cych si\u0119. \u2013 Taylor McKenzie&#8221; _builder_version=&#8221;4.27.5&#8243; _module_preset=&#8221;default&#8221; title_text_align=&#8221;center&#8221; title_text_color=&#8221;#FFFFFF&#8221; title_font_size=&#8221;24px&#8221; module_alignment=&#8221;center&#8221; global_colors_info=&#8221;{}&#8221;][\/et_pb_heading][\/et_pb_column][\/et_pb_row][\/et_pb_section][et_pb_section fb_built=&#8221;1&#8243; admin_label=&#8221;Video&#8221; _builder_version=&#8221;4.27.5&#8243; _module_preset=&#8221;default&#8221; locked=&#8221;off&#8221; collapsed=&#8221;on&#8221; global_colors_info=&#8221;{}&#8221;][et_pb_row column_structure=&#8221;1_5,1_5,1_5,1_5,1_5&#8243; _builder_version=&#8221;4.27.5&#8243; _module_preset=&#8221;default&#8221; locked=&#8221;off&#8221; global_colors_info=&#8221;{}&#8221;][et_pb_column type=&#8221;1_5&#8243; _builder_version=&#8221;4.25.1&#8243; _module_preset=&#8221;default&#8221; global_colors_info=&#8221;{}&#8221;][et_pb_team_member name=&#8221;dr S\u0142awomira Rucha\u0142a&#8221; position=&#8221;nauczyciel WOS, logopeda dyrektor KSP&#8221; image_url=&#8221;https:\/\/kspcieszyn.diecezjabielsko.pl\/wp-content\/uploads\/2026\/01\/dyrektor.jpg&#8221; _builder_version=&#8221;4.27.5&#8243; _module_preset=&#8221;default&#8221; global_colors_info=&#8221;{}&#8221;][\/et_pb_team_member][\/et_pb_column][et_pb_column type=&#8221;1_5&#8243; _builder_version=&#8221;4.25.1&#8243; _module_preset=&#8221;default&#8221; global_colors_info=&#8221;{}&#8221;][et_pb_team_member name=&#8221;mgr Magdalena Nowak&#8221; position=&#8221;nauczyciel j\u0119zyka angielskiego&#8221; image_url=&#8221;https:\/\/kspcieszyn.diecezjabielsko.pl\/wp-content\/uploads\/2026\/01\/mgr-Magdalena-Nowak-qtaj1sc42pkpw0fhcuj31iiyrr2jzj5w188nuvfwco.jpg&#8221; _builder_version=&#8221;4.27.5&#8243; _module_preset=&#8221;default&#8221; global_colors_info=&#8221;{}&#8221;][\/et_pb_team_member][\/et_pb_column][et_pb_column type=&#8221;1_5&#8243; _builder_version=&#8221;4.25.1&#8243; _module_preset=&#8221;default&#8221; global_colors_info=&#8221;{}&#8221;][et_pb_team_member name=&#8221;mgr Sonia Nieboras&#8221; position=&#8221;nauczyciel informatyki, techniki, nauczyciel wsp\u00f3\u0142organizuj\u0105cy proces nauczania&#8221; image_url=&#8221;https:\/\/kspcieszyn.diecezjabielsko.pl\/wp-content\/uploads\/2026\/01\/nieboras-e1726831336281-qudu4g9l0i8r0rd7z3fbcb6l4t5sf60eo0bhma8tc8.jpg&#8221; _builder_version=&#8221;4.27.5&#8243; _module_preset=&#8221;default&#8221; global_colors_info=&#8221;{}&#8221;][\/et_pb_team_member][\/et_pb_column][et_pb_column type=&#8221;1_5&#8243; _builder_version=&#8221;4.25.1&#8243; _module_preset=&#8221;default&#8221; global_colors_info=&#8221;{}&#8221;][et_pb_team_member name=&#8221;mgr Marcelina Brudny-\u015acibik&#8221; position=&#8221;nauczyciel wsp\u00f3\u0142organizuj\u0105cy proces kszta\u0142cenia&#8221; image_url=&#8221;https:\/\/kspcieszyn.diecezjabielsko.pl\/wp-content\/uploads\/2026\/01\/458668442_8907309362632620_7403541631661719445_n-1-rcj7l89olgc85snuosbz9ndxy7x4am8rg4ootpt18o.jpg&#8221; _builder_version=&#8221;4.27.5&#8243; _module_preset=&#8221;default&#8221; global_colors_info=&#8221;{}&#8221;][\/et_pb_team_member][\/et_pb_column][et_pb_column type=&#8221;1_5&#8243; _builder_version=&#8221;4.25.1&#8243; _module_preset=&#8221;default&#8221; global_colors_info=&#8221;{}&#8221;][et_pb_team_member name=&#8221;mgr Olga Chybiorz&#8221; position=&#8221;psycholog szkolny, nauczyciel edukacji zdrowotnej&#8221; image_url=&#8221;https:\/\/kspcieszyn.diecezjabielsko.pl\/wp-content\/uploads\/2026\/01\/mgr-Olga-Chybiorz-1152&#215;1536-1-rcj7or5w835xp5jj3t6m49d658jo5r8ixkr8m2kvwo.jpg&#8221; _builder_version=&#8221;4.27.5&#8243; _module_preset=&#8221;default&#8221; global_colors_info=&#8221;{}&#8221;][\/et_pb_team_member][\/et_pb_column][\/et_pb_row][et_pb_row column_structure=&#8221;1_5,1_5,1_5,1_5,1_5&#8243; _builder_version=&#8221;4.27.5&#8243; _module_preset=&#8221;default&#8221; locked=&#8221;off&#8221; global_colors_info=&#8221;{}&#8221;][et_pb_column type=&#8221;1_5&#8243; _builder_version=&#8221;4.25.1&#8243; _module_preset=&#8221;default&#8221; global_colors_info=&#8221;{}&#8221;][et_pb_team_member name=&#8221;mgr in\u017c. Katarzyna Czakon&#8221; position=&#8221;nauczyciel edukacji wczesnoszkolnej&#8221; image_url=&#8221;https:\/\/kspcieszyn.diecezjabielsko.pl\/wp-content\/uploads\/2026\/01\/mgr-inz-Katarzyna-Czakon-1152&#215;1536-1-rcj7s86fh1x2lahxtt7ztvth5hfhli0tqritfvfix4.jpg&#8221; _builder_version=&#8221;4.27.5&#8243; _module_preset=&#8221;default&#8221; global_colors_info=&#8221;{}&#8221;][\/et_pb_team_member][\/et_pb_column][et_pb_column type=&#8221;1_5&#8243; _builder_version=&#8221;4.25.1&#8243; _module_preset=&#8221;default&#8221; global_colors_info=&#8221;{}&#8221;][et_pb_team_member name=&#8221;mgr Karolina Czech&#8221; position=&#8221;nauczyciel wsp\u00f3\u0142organizuj\u0105cy proces kszta\u0142cenia&#8221; image_url=&#8221;https:\/\/kspcieszyn.diecezjabielsko.pl\/wp-content\/uploads\/2026\/01\/464850373_8644831128908916_3509415159210308339_n-1-rcj7vcz2967hahy3j5z853csfpzj96gm69t312sa6g.jpg&#8221; _builder_version=&#8221;4.27.5&#8243; _module_preset=&#8221;default&#8221; global_colors_info=&#8221;{}&#8221;][\/et_pb_team_member][\/et_pb_column][et_pb_column type=&#8221;1_5&#8243; _builder_version=&#8221;4.25.1&#8243; _module_preset=&#8221;default&#8221; global_colors_info=&#8221;{}&#8221;][et_pb_team_member name=&#8221;mgr Dominika Duraj&#8221; position=&#8221;nauczyciel edukacji wczesnoszkolnej, logopeda&#8221; image_url=&#8221;https:\/\/kspcieszyn.diecezjabielsko.pl\/wp-content\/uploads\/2026\/01\/48387198_529426564224758_4056422750795857920_n-1-rcj7y1sft3w0ic1gtttsrwx9meqca04yvl03gksqdk.jpg&#8221; _builder_version=&#8221;4.27.5&#8243; _module_preset=&#8221;default&#8221; global_colors_info=&#8221;{}&#8221;][\/et_pb_team_member][\/et_pb_column][et_pb_column type=&#8221;1_5&#8243; _builder_version=&#8221;4.25.1&#8243; _module_preset=&#8221;default&#8221; global_colors_info=&#8221;{}&#8221;][et_pb_team_member name=&#8221;lic. Joanna Geller&#8221; position=&#8221;nauczyciel j\u0119zyka angielskiego&#8221; image_url=&#8221;https:\/\/kspcieszyn.diecezjabielsko.pl\/wp-content\/uploads\/2026\/01\/lic-Joanna-Geller-1152&#215;1536-1-rcj80qltd1kjq64u4hodeqhqt3h5attbkw73w2t6ko.jpg&#8221; _builder_version=&#8221;4.27.5&#8243; _module_preset=&#8221;default&#8221; global_colors_info=&#8221;{}&#8221;][\/et_pb_team_member][\/et_pb_column][et_pb_column type=&#8221;1_5&#8243; _builder_version=&#8221;4.25.1&#8243; _module_preset=&#8221;default&#8221; global_colors_info=&#8221;{}&#8221;][et_pb_team_member name=&#8221;mgr Adrianna Gierula&#8221; position=&#8221;nauczyciel muzyki&#8221; image_url=&#8221;https:\/\/kspcieszyn.diecezjabielsko.pl\/wp-content\/uploads\/2026\/01\/465973664_18484740679032553_1365384825819191501_n-1-rcj84d9dr0jejyv1xk5ijbitdnl60r80euvlljfgjs.jpg&#8221; _builder_version=&#8221;4.27.5&#8243; _module_preset=&#8221;default&#8221; global_colors_info=&#8221;{}&#8221;][\/et_pb_team_member][\/et_pb_column][\/et_pb_row][et_pb_row column_structure=&#8221;1_5,1_5,1_5,1_5,1_5&#8243; _builder_version=&#8221;4.27.5&#8243; _module_preset=&#8221;default&#8221; locked=&#8221;off&#8221; global_colors_info=&#8221;{}&#8221;][et_pb_column type=&#8221;1_5&#8243; _builder_version=&#8221;4.25.1&#8243; _module_preset=&#8221;default&#8221; global_colors_info=&#8221;{}&#8221;][et_pb_team_member name=&#8221;mgr in\u017c. Ilona Janota&#8221; position=&#8221;nauczyciel matematyki&#8221; image_url=&#8221;https:\/\/kspcieszyn.diecezjabielsko.pl\/wp-content\/uploads\/2026\/01\/mgr-inz-Ilona-Janota-rcj86648ul06t28ueu6rtd5md8phrvdhnrw3pmramg.jpg&#8221; _builder_version=&#8221;4.27.5&#8243; _module_preset=&#8221;default&#8221; global_colors_info=&#8221;{}&#8221;][\/et_pb_team_member][\/et_pb_column][et_pb_column type=&#8221;1_5&#8243; _builder_version=&#8221;4.25.1&#8243; _module_preset=&#8221;default&#8221; global_colors_info=&#8221;{}&#8221;][et_pb_team_member name=&#8221;mgr Bartosz Ksi\u0119\u017cyc&#8221; position=&#8221;nauczyciel matematyki&#8221; image_url=&#8221;https:\/\/kspcieszyn.diecezjabielsko.pl\/wp-content\/uploads\/2026\/01\/inz-Bartosz-Ksiezyc-1060&#215;1536-1-rcj89jdfc7m6ercpqsln90k2zy3uctqv4g1qmbribs.jpg&#8221; _builder_version=&#8221;4.27.5&#8243; _module_preset=&#8221;default&#8221; global_colors_info=&#8221;{}&#8221;][\/et_pb_team_member][\/et_pb_column][et_pb_column type=&#8221;1_5&#8243; _builder_version=&#8221;4.25.1&#8243; _module_preset=&#8221;default&#8221; global_colors_info=&#8221;{}&#8221;][et_pb_team_member name=&#8221;mgr Marlena Krzak&#8221; position=&#8221;nauczyciel wychowania fizycznego&#8221; image_url=&#8221;https:\/\/kspcieszyn.diecezjabielsko.pl\/wp-content\/uploads\/2026\/01\/5d7e89660b1bb-727&#215;1536-1-rcj8d45bciiglc5nuu9j8m28dqh4ncy3a5f9d8gknc.jpg&#8221; _builder_version=&#8221;4.27.5&#8243; _module_preset=&#8221;default&#8221; global_colors_info=&#8221;{}&#8221;][\/et_pb_team_member][\/et_pb_column][et_pb_column type=&#8221;1_5&#8243; _builder_version=&#8221;4.25.1&#8243; _module_preset=&#8221;default&#8221; global_colors_info=&#8221;{}&#8221;][et_pb_team_member name=&#8221;mgr Alicja Madecka&#8221; position=&#8221;nauczyciel przyrody&#8221; image_url=&#8221;https:\/\/kspcieszyn.diecezjabielsko.pl\/wp-content\/uploads\/2026\/01\/mgr-Alicja-Madecka-1024&#215;768-1-rcj8flfzdrwp8ajydev3bhj0tc8zylslafedyis688.jpg&#8221; _builder_version=&#8221;4.27.5&#8243; _module_preset=&#8221;default&#8221; global_colors_info=&#8221;{}&#8221;][\/et_pb_team_member][\/et_pb_column][et_pb_column type=&#8221;1_5&#8243; _builder_version=&#8221;4.25.1&#8243; _module_preset=&#8221;default&#8221; global_colors_info=&#8221;{}&#8221;][et_pb_team_member name=&#8221;mgr Anna Sokoli\u0144ska&#8221; position=&#8221;nauczyciel j\u0119zyka niemieckiego&#8221; image_url=&#8221;https:\/\/kspcieszyn.diecezjabielsko.pl\/wp-content\/uploads\/2026\/01\/mgr-Anna-Sokolinska-1152&#215;1536-1-rcj8pxo2k628xvj9zvrcqvlk1xacmquaplqo03g9s8.jpg&#8221; _builder_version=&#8221;4.27.5&#8243; _module_preset=&#8221;default&#8221; global_colors_info=&#8221;{}&#8221;][\/et_pb_team_member][\/et_pb_column][\/et_pb_row][et_pb_row column_structure=&#8221;1_5,1_5,1_5,1_5,1_5&#8243; _builder_version=&#8221;4.27.5&#8243; _module_preset=&#8221;default&#8221; locked=&#8221;off&#8221; global_colors_info=&#8221;{}&#8221;][et_pb_column type=&#8221;1_5&#8243; _builder_version=&#8221;4.25.1&#8243; _module_preset=&#8221;default&#8221; global_colors_info=&#8221;{}&#8221;][et_pb_team_member name=&#8221;mgr Beata Sabath&#8221; position=&#8221;nauczyciel j\u0119zyka polskiego&#8221; image_url=&#8221;https:\/\/kspcieszyn.diecezjabielsko.pl\/wp-content\/uploads\/2026\/01\/mgr-Beata-Sabath-rcj8kmuu0st1h18fy3a36pqzgpeu86ssbdb3kxb6vc.jpg&#8221; _builder_version=&#8221;4.27.5&#8243; _module_preset=&#8221;default&#8221; global_colors_info=&#8221;{}&#8221;][\/et_pb_team_member][\/et_pb_column][et_pb_column type=&#8221;1_5&#8243; _builder_version=&#8221;4.25.1&#8243; _module_preset=&#8221;default&#8221; global_colors_info=&#8221;{}&#8221;][et_pb_team_member name=&#8221;mgr Magdalena Szadkowska&#8221; position=&#8221;nauczyciel plastyki, terapeuta zaj\u0119ciowy&#8221; image_url=&#8221;https:\/\/kspcieszyn.diecezjabielsko.pl\/wp-content\/uploads\/2026\/01\/mgr-Magdalena-Szadkowska-1152&#215;1536-1-rcj8rcfct7zqcthjrhp7hisg4qc66efswkyvx1d0g8.jpg&#8221; _builder_version=&#8221;4.27.5&#8243; _module_preset=&#8221;default&#8221; global_colors_info=&#8221;{}&#8221;][\/et_pb_team_member][\/et_pb_column][et_pb_column type=&#8221;1_5&#8243; _builder_version=&#8221;4.25.1&#8243; _module_preset=&#8221;default&#8221; global_colors_info=&#8221;{}&#8221;][et_pb_team_member name=&#8221;mgr Agnieszka Pniok&#8221; position=&#8221;sekretarz szko\u0142y&#8221; image_url=&#8221;https:\/\/kspcieszyn.diecezjabielsko.pl\/wp-content\/uploads\/2026\/01\/153310155_3750561328325366_2110048032127244010_n-rcja1m1d7nbttua5lho47uh8rial2245xkzabcre6g.jpg&#8221; _builder_version=&#8221;4.27.5&#8243; _module_preset=&#8221;default&#8221; global_colors_info=&#8221;{}&#8221;][\/et_pb_team_member][\/et_pb_column][et_pb_column type=&#8221;1_5&#8243; _builder_version=&#8221;4.25.1&#8243; _module_preset=&#8221;default&#8221; global_colors_info=&#8221;{}&#8221;][\/et_pb_column][et_pb_column type=&#8221;1_5&#8243; _builder_version=&#8221;4.25.1&#8243; _module_preset=&#8221;default&#8221; global_colors_info=&#8221;{}&#8221;][\/et_pb_column][\/et_pb_row][\/et_pb_section][et_pb_section fb_built=&#8221;1&#8243; admin_label=&#8221;Video&#8221; _builder_version=&#8221;4.25.1&#8243; _module_preset=&#8221;default&#8221; locked=&#8221;off&#8221; collapsed=&#8221;on&#8221; global_colors_info=&#8221;{}&#8221;][et_pb_row _builder_version=&#8221;4.27.5&#8243; _module_preset=&#8221;default&#8221; locked=&#8221;off&#8221; global_colors_info=&#8221;{}&#8221;][et_pb_column type=&#8221;4_4&#8243; _builder_version=&#8221;4.25.1&#8243; _module_preset=&#8221;default&#8221; global_colors_info=&#8221;{}&#8221;][et_pb_heading title=&#8221;Pozosta\u0142a Kadra Pedagogiczna&#8221; _builder_version=&#8221;4.25.2&#8243; _module_preset=&#8221;0282dd0d-8e79-4977-96d2-ef98d6d3d069&#8243; custom_margin=&#8221;||10px||false|false&#8221; global_colors_info=&#8221;{}&#8221;][\/et_pb_heading][et_pb_text _builder_version=&#8221;4.27.5&#8243; _module_preset=&#8221;6efb6bbd-12a1-4834-b469-9798f4a40b40&#8243; custom_margin=&#8221;||10px||false|false&#8221; global_colors_info=&#8221;{}&#8221;]<\/p>\n<ul>\n<li><strong>ks mgr Pawe\u0142 Stawarczyk<\/strong>\u00a0\u2013 nauczyciel religii katolickiej,<\/li>\n<li><strong>mgr Dorota Kania<\/strong>\u00a0\u2013 nauczyciel religii katolickiej,<\/li>\n<li><strong>Boichuk Khrystyna<\/strong>\u00a0\u2013 nauczyciel j\u0119zyka polskiego dla dzieci UA<\/li>\n<li><strong>mgr Marcela Brudny-\u015acibik<\/strong>\u2013 nauczyciel wsp\u00f3\u0142organizuj\u0105cy proces kszta\u0142cenia w klasie V, opiekun Samorz\u0105du Uczniowskiego<\/li>\n<li><strong>mgr Tadeusz Chodykin\u00a0<\/strong>\u2013 nauczyciel wychowania fizycznego w kl. IV-VIII, nauczyciel edukacji dla bezpiecze\u0144stwa,<\/li>\n<li><strong>mgr Magdalena Chybiorz\u00a0<\/strong>\u2013 wychowawca kl. V, nauczyciel wsp\u00f3\u0142organizuj\u0105cy proces kszta\u0142cenia w klasie V, pedagog specjalny, opiekun Samorz\u0105du Uczniowskiego,<\/li>\n<li><strong>mgr Marek Chybiorz<\/strong>\u2013 wychowawca klasy IV, nauczyciel wsp\u00f3\u0142organizuj\u0105cy proces kszta\u0142cenia w klasie IV,<\/li>\n<li><strong>m<\/strong><span><strong>gr Olga Chybiorz<\/strong>\u00a0\u2013 psycholog szkolny, nauczyciel edukacji zdrowotnej,<\/span><\/li>\n<li><strong>mgr Katarzyna Cie\u015blar\u00a0<\/strong>\u2013 nauczyciel wychowania fizycznego w kl. I-III, nauczyciel pracuj\u0105cy na \u015bwietlicy szkolnej,<\/li>\n<li><strong>mgr in\u017c. Katarzyna Czakon<\/strong>\u2013 wychowawca klasy II, nauczyciel edukacji wczesnoszkolnej,<\/li>\n<li><strong>mgr Karolina Czech<\/strong>\u2013 wychowawca klasy VII, nauczyciel wsp\u00f3\u0142organizuj\u0105cy proces kszta\u0142cenia w kl. VII,<\/li>\n<li><strong>mgr Dominika Duraj<\/strong>\u2013 wychowawca klasy I, nauczyciel edukacji wczesnoszkolnej, logopeda, opiekun szkolnego wolontariatu,<\/li>\n<li><strong>mgr Adrianna Galeja<\/strong>\u00a0\u2013 nauczyciel chemii,<\/li>\n<li><strong>lic. Joanna Geller<\/strong>\u2013 nauczyciel j\u0119zyka angielskiego, nauczyciel pracuj\u0105cy na \u015bwietlicy szkolnej, opiekun Samorz\u0105du Uczniowskiego,<\/li>\n<li><strong>mgr Adrianna Gierula<\/strong>\u00a0\u2013 nauczyciel muzyki, nauczyciel pracuj\u0105cy na \u015bwietlicy szkolnej,<\/li>\n<li><strong>mgr W\u0142adys\u0142awa Iwaniec<\/strong>\u2013 nauczyciel wsp\u00f3\u0142organizuj\u0105cy proces kszta\u0142cenia w klasie VII,<\/li>\n<li><strong>mgr in\u017c. Ilona Janota<\/strong>\u00a0\u2013 nauczyciel matematyki,<\/li>\n<li><strong>mgr Marcel Karweta<\/strong>\u00a0\u2013 nauczyciel geografii i fizyki,<\/li>\n<li><strong>mgr Bartosz Ksi\u0119\u017cyc<\/strong>\u00a0\u2013 nauczyciel matematyki,<\/li>\n<li><strong>mgr Marlena Krzak<\/strong>\u00a0\u2013 nauczyciel wychowania fizycznego w kl. IV-VIII,<\/li>\n<li><strong>mgr Barbara Kubica<\/strong>\u2013 nauczyciel wsp\u00f3\u0142organizuj\u0105cy proces kszta\u0142cenia w klasie VII,<\/li>\n<li><strong>mgr Aleksandra Kurowska<\/strong>\u2013 nauczyciel j\u0119zyka polskiego,<\/li>\n<li><strong>mgr Karolina Lech<\/strong>\u00a0\u2013 nauczyciel biologii,<\/li>\n<li><strong>mgr Janusz Lerch<\/strong>\u00a0\u2013 nauczyciel religii ewangelickiej,<\/li>\n<li><strong>mgr Alicja Madecka<\/strong>\u2013 nauczyciel przyrody, nauczyciel pracuj\u0105cy na \u015bwietlicy szkolnej,<\/li>\n<li><strong>mgr Roksana Mirga<\/strong>\u00a0\u2013 nauczyciel wychowania fizycznego w kl. IV-VIII,<\/li>\n<li><strong>mgr in\u017c. Miros\u0142awa Mizia<\/strong>\u00a0\u2013 nauczyciel matematyki,<\/li>\n<li><strong>mgr Sonia Nieboras<\/strong>\u2013 nauczyciel informatyki i techniki, nauczyciel wsp\u00f3\u0142organizuj\u0105cy proces kszta\u0142cenia<\/li>\n<li><strong>mgr Magdalena Nowak<\/strong>\u00a0\u2013 nauczyciel j\u0119zyka angielskiego<\/li>\n<li><strong>mgr Agnieszka Pniok<\/strong>\u2013 sekretarz szkolny, pracownik administracji i obs\u0142ugi<\/li>\n<li><strong>dr S\u0142awomira Rucha\u0142a<\/strong>\u00a0\u2013 Dyrektor KSP, nauczyciel wiedzy o spo\u0142ecze\u0144stwie, logopeda,<\/li>\n<li><strong>mgr Beata Sabath<\/strong>\u2013 wychowawca kl. VI, nauczyciel j\u0119zyka polskiego,<\/li>\n<li><strong>mgr El\u017cbieta Siudak<\/strong>\u2013 pedagog szkolny, nauczyciel doradztwa zawodowego, opiekun szkolnego wolontariatu,<\/li>\n<li><strong>mgr Anna Sokoli\u0144ska<\/strong>\u00a0\u2013 nauczyciel j\u0119zyka niemieckiego,<\/li>\n<li><strong>mgr Magdalena Szadkowska<\/strong>\u2013 nauczyciel plastyki, terapeuta zaj\u0119ciowy, koordynator i nauczyciel \u015bwietlicy szkolnej,<\/li>\n<li><span><strong>mgr Barbara Szczygie\u0142 \u2013<\/strong>\u00a0nauczyciel j\u0119zyka polskiego,\u00a0<\/span><\/li>\n<li><strong>mgr Karolina W\u0105s<\/strong>\u00a0\u2013 nauczyciel j\u0119zyka polskiego,<\/li>\n<li><strong>mgr Natalia Wici\u0144ska<\/strong>\u2013 wychowawca w kl. VIII, nauczyciel j\u0119zyka angielskiego,<\/li>\n<li><strong>mgr Magdalena \u017berdik<\/strong>\u00a0\u2013 nauczyciel historii<\/li>\n<\/ul>\n<p>[\/et_pb_text][\/et_pb_column][\/et_pb_row][\/et_pb_section]<\/p>\n","protected":false},"excerpt":{"rendered":"<p>imienia \u015awi\u0119tej Rodziny w CieszynieDyrektormgr Dominika Duraj\u00a0\u2013 wychowawca klasy I mgr in\u017c. Katarzyna Czakon\u00a0\u2013 wychowawca klasy II mgr Marek Chybiorz\u00a0\u2013 wychowawca klasy IV mgr Magdalena Chybiorz\u00a0\u2013 wychowawca kl. V mgr Beata Sabath\u00a0\u2013 wychowawca kl. VI mgr Karolina Czech\u00a0\u2013 wychowawca klasy VII mgr Natalia Wici\u0144ska\u00a0\u2013 wychowawca w kl. VIII ks mgr Pawe\u0142 Stawarczyk\u00a0\u2013 nauczyciel religii katolickiej, [&hellip;]<\/p>\n","protected":false},"author":4,"featured_media":0,"parent":0,"menu_order":0,"comment_status":"closed","ping_status":"closed","template":"","meta":{"_et_pb_use_builder":"on","_et_pb_old_content":"","_et_gb_content_width":"","footnotes":""},"class_list":["post-272","page","type-page","status-publish","hentry"],"_links":{"self":[{"href":"https:\/\/kspcieszyn.diecezjabielsko.pl\/index.php\/wp-json\/wp\/v2\/pages\/272","targetHints":{"allow":["GET"]}}],"collection":[{"href":"https:\/\/kspcieszyn.diecezjabielsko.pl\/index.php\/wp-json\/wp\/v2\/pages"}],"about":[{"href":"https:\/\/kspcieszyn.diecezjabielsko.pl\/index.php\/wp-json\/wp\/v2\/types\/page"}],"author":[{"embeddable":true,"href":"https:\/\/kspcieszyn.diecezjabielsko.pl\/index.php\/wp-json\/wp\/v2\/users\/4"}],"replies":[{"embeddable":true,"href":"https:\/\/kspcieszyn.diecezjabielsko.pl\/index.php\/wp-json\/wp\/v2\/comments?post=272"}],"version-history":[{"count":10,"href":"https:\/\/kspcieszyn.diecezjabielsko.pl\/index.php\/wp-json\/wp\/v2\/pages\/272\/revisions"}],"predecessor-version":[{"id":549,"href":"https:\/\/kspcieszyn.diecezjabielsko.pl\/index.php\/wp-json\/wp\/v2\/pages\/272\/revisions\/549"}],"wp:attachment":[{"href":"https:\/\/kspcieszyn.diecezjabielsko.pl\/index.php\/wp-json\/wp\/v2\/media?parent=272"}],"curies":[{"name":"wp","href":"https:\/\/api.w.org\/{rel}","templated":true}]}}