{"id":13,"date":"2026-01-09T09:55:36","date_gmt":"2026-01-09T08:55:36","guid":{"rendered":"http:\/\/kspc.diecezjabielsko.pl\/?page_id=13"},"modified":"2026-03-20T14:37:54","modified_gmt":"2026-03-20T13:37:54","slug":"aplikuj","status":"publish","type":"page","link":"https:\/\/kspcieszyn.diecezjabielsko.pl\/index.php\/aplikuj\/","title":{"rendered":"Rekrutacja"},"content":{"rendered":"<p>[et_pb_section fb_built=&#8221;1&#8243; admin_label=&#8221;Header&#8221; _builder_version=&#8221;4.27.5&#8243; _module_preset=&#8221;93fc173a-8ddb-4895-b0ef-bfcf1d5f7dc6&#8243; use_background_color_gradient=&#8221;off&#8221; background_enable_image=&#8221;off&#8221; locked=&#8221;off&#8221; collapsed=&#8221;on&#8221; global_colors_info=&#8221;{%22gcid-1f1bf5fb-a99d-4acc-8d9e-ddac074c158c%22:%91%22background_color_gradient_stops%22,%22background_color_gradient_stops%22%93,%22gcid-4c79ba3d-a281-4fb6-9b14-02f9a4c793f2%22:%91%22background_color_gradient_stops%22,%22background_color_gradient_stops%22%93,%22gcid-688c464a-d6f2-4296-b592-395352c71c79%22:%91%22background_color_gradient_stops%22,%22background_color_gradient_stops%22%93,%22gcid-d119accd-44d7-4f2f-b9d7-599c8463324b%22:%91%22background_color_gradient_stops%22,%22background_color_gradient_stops%22%93}&#8221;][et_pb_row _builder_version=&#8221;4.25.1&#8243; _module_preset=&#8221;default&#8221; global_colors_info=&#8221;{}&#8221;][et_pb_column type=&#8221;4_4&#8243; _builder_version=&#8221;4.25.1&#8243; _module_preset=&#8221;default&#8221; global_colors_info=&#8221;{}&#8221;][et_pb_heading title=&#8221;Rekrutacja&#8221; _builder_version=&#8221;4.25.2&#8243; _module_preset=&#8221;5cc275b2-b54a-44e7-a32c-abf79622799f&#8221; title_text_align=&#8221;center&#8221; custom_margin=&#8221;||10px||false|false&#8221; global_colors_info=&#8221;{}&#8221;][\/et_pb_heading][et_pb_divider color=&#8221;#0C71C3&#8243; _builder_version=&#8221;4.27.5&#8243; _module_preset=&#8221;default&#8221; global_colors_info=&#8221;{}&#8221;][\/et_pb_divider][et_pb_text _builder_version=&#8221;4.27.5&#8243; _module_preset=&#8221;6efb6bbd-12a1-4834-b469-9798f4a40b40&#8243; text_orientation=&#8221;center&#8221; global_colors_info=&#8221;{}&#8221;]<\/p>\n<p>Zapoznaj si\u0119 z zasadami rekrutacji do Katolickiej Szko\u0142y Podstawowej im. \u015bw. Rodziny w Cieszynie na rok szkolny 2026\/2027<\/p>\n<p>[\/et_pb_text][et_pb_text _builder_version=&#8221;4.27.5&#8243; _module_preset=&#8221;default&#8221; global_colors_info=&#8221;{}&#8221;]<\/p>\n<h3>01. Zgodnie z zapisami statutu \u00a7 74 Dyrektor przyjmuje do klasy pierwszej dzieci na podstawie post\u0119powania rekrutacyjnego.<\/h3>\n<h3>02. Post\u0119powanie rekrutacyjne obejmuje:<\/h3>\n<ul>\n<li>Z\u0142o\u017cenie podania przez rodzic\u00f3w do dnia 19.05.2026 r.,<\/li>\n<li>sporz\u0105dzenie listy wst\u0119pnej kandydat\u00f3w do klasy I Katolickiej Szko\u0142y Podstawowej z uwzgl\u0119dnieniem zapis\u00f3w statutowych rekrutacji:\n<ul>\n<li>pierwsze\u0144stwo przyj\u0119cia ma rodze\u0144stwo dzieci ju\u017c ucz\u0119szczaj\u0105cych do Katolickiej Szko\u0142y Podstawowej oraz absolwenci Katolickiego Przedszkola w Cieszynie,<\/li>\n<li>w sytuacji, gdy liczba ch\u0119tnych i spe\u0142niaj\u0105cych to kryterium jest wi\u0119ksza od mo\u017cliwo\u015bci przyj\u0119cia, decyduje data z\u0142o\u017cenia podania,<\/li>\n<li>w nast\u0119pnej kolejno\u015bci przyjmowani s\u0105 kandydaci nie obj\u0119ci kryterium pierwsze\u0144stwa,<\/li>\n<li>w miar\u0119 istnienia wolnych miejsc, rekrutacja mo\u017ce by\u0107 przed\u0142u\u017cona.<br \/>Ostateczna lista formalnie zakwalifikowanych kandydat\u00f3w do rekrutacji zostanie og\u0142oszona 31 maja 2026 r.<\/li>\n<\/ul>\n<\/li>\n<\/ul>\n<h3>03. Katolicka Szko\u0142a Podstawowa<\/h3>\n<ul>\n<li>organizuje comiesi\u0119czne spotkania integracyjne dla przysz\u0142ych pierwszoklasist\u00f3w i ich rodzic\u00f3w. O spotkaniach rodzice zostan\u0105 poinformowani z tygodniowym wyprzedzeniem.<\/li>\n<\/ul>\n<h3>Zasady rekrutacji do klasy I Katolickiej Szko\u0142y Podstawowej w Cieszynie na rok szkolny 2026\/2027<\/h3>\n<ul>\n<li>Ostateczna lista przyj\u0119tych kandydat\u00f3w zostanie og\u0142oszona\u00a0 w trzecim tygodniu czerwca 2026 r.<\/li>\n<\/ul>\n<p>[\/et_pb_text][et_pb_heading title=&#8221;Pliki do pobrania&#8221; _builder_version=&#8221;4.27.5&#8243; _module_preset=&#8221;default&#8221; title_text_align=&#8221;center&#8221; global_colors_info=&#8221;{}&#8221;][\/et_pb_heading][et_pb_divider color=&#8221;#0C71C3&#8243; _builder_version=&#8221;4.27.5&#8243; _module_preset=&#8221;default&#8221; global_colors_info=&#8221;{}&#8221;][\/et_pb_divider][\/et_pb_column][\/et_pb_row][et_pb_row column_structure=&#8221;1_3,1_3,1_3&#8243; _builder_version=&#8221;4.27.5&#8243; _module_preset=&#8221;default&#8221; locked=&#8221;off&#8221; global_colors_info=&#8221;{}&#8221;][et_pb_column type=&#8221;1_3&#8243; _builder_version=&#8221;4.27.5&#8243; _module_preset=&#8221;default&#8221; global_colors_info=&#8221;{}&#8221;][et_pb_testimonial author=&#8221;Statut szko\u0142y&#8221; portrait_url=&#8221;https:\/\/kspcieszyn.diecezjabielsko.pl\/wp-content\/uploads\/2026\/01\/logo-przedszkola-10.png&#8221; quote_icon=&#8221;off&#8221; _builder_version=&#8221;4.27.5&#8243; _module_preset=&#8221;default&#8221; body_text_align=&#8221;center&#8221; author_text_align=&#8221;center&#8221; link_option_url=&#8221;https:\/\/kspcieszyn.diecezjabielsko.pl\/wp-content\/uploads\/2026\/01\/STATUT-2024-2025-1-1.pdf&#8221; global_colors_info=&#8221;{}&#8221;]<\/p>\n<p style=\"text-align: center;\">kliknij aby pobra\u0107<\/p>\n<p>[\/et_pb_testimonial][\/et_pb_column][et_pb_column type=&#8221;1_3&#8243; _builder_version=&#8221;4.27.5&#8243; _module_preset=&#8221;default&#8221; global_colors_info=&#8221;{}&#8221;][et_pb_testimonial author=&#8221;Podanie o przyj\u0119cie do klasy pierwszej KSP&#8221; portrait_url=&#8221;https:\/\/kspcieszyn.diecezjabielsko.pl\/wp-content\/uploads\/2026\/01\/logo-przedszkola-10.png&#8221; quote_icon=&#8221;off&#8221; _builder_version=&#8221;4.27.5&#8243; _module_preset=&#8221;default&#8221; body_text_align=&#8221;center&#8221; author_text_align=&#8221;center&#8221; link_option_url=&#8221;https:\/\/kspcieszyn.diecezjabielsko.pl\/wp-content\/uploads\/2026\/03\/Nowe-podanie-o-przyjecie-do-szkoly-kl-I-2026-2027.pdf&#8221; hover_enabled=&#8221;0&#8243; global_colors_info=&#8221;{}&#8221; sticky_enabled=&#8221;0&#8243;]<\/p>\n<p style=\"text-align: center;\">kliknij aby pobra\u0107<\/p>\n<p>[\/et_pb_testimonial][et_pb_testimonial author=&#8221;REGULAMIN REKRUTACJI W KSP&#8221; portrait_url=&#8221;https:\/\/kspcieszyn.diecezjabielsko.pl\/wp-content\/uploads\/2026\/01\/logo-przedszkola-10.png&#8221; quote_icon=&#8221;off&#8221; _builder_version=&#8221;4.27.5&#8243; _module_preset=&#8221;default&#8221; body_text_align=&#8221;center&#8221; author_text_align=&#8221;center&#8221; link_option_url=&#8221;https:\/\/kspcieszyn.diecezjabielsko.pl\/wp-content\/uploads\/2026\/01\/Regulamin-rekrutacji-KSP.pdf&#8221; global_colors_info=&#8221;{}&#8221;]<\/p>\n<p style=\"text-align: center;\">kliknij aby pobra\u0107<\/p>\n<p>[\/et_pb_testimonial][\/et_pb_column][et_pb_column type=&#8221;1_3&#8243; _builder_version=&#8221;4.27.5&#8243; _module_preset=&#8221;default&#8221; global_colors_info=&#8221;{}&#8221;][et_pb_testimonial author=&#8221;Podanie o przyj\u0119cie do klas IV \u2013 VIII KSP&#8221; portrait_url=&#8221;https:\/\/kspcieszyn.diecezjabielsko.pl\/wp-content\/uploads\/2026\/01\/logo-przedszkola-10.png&#8221; quote_icon=&#8221;off&#8221; _builder_version=&#8221;4.27.5&#8243; _module_preset=&#8221;default&#8221; body_text_align=&#8221;center&#8221; author_text_align=&#8221;center&#8221; link_option_url=&#8221;https:\/\/kspcieszyn.diecezjabielsko.pl\/wp-content\/uploads\/2026\/03\/Nowe-podanie-o-przyjecie-do-szkoly-kl-II-VIII-2026-2027.pdf&#8221; hover_enabled=&#8221;0&#8243; global_colors_info=&#8221;{}&#8221; sticky_enabled=&#8221;0&#8243;]<\/p>\n<p style=\"text-align: center;\">kliknij aby pobra\u0107<\/p>\n<p>[\/et_pb_testimonial][\/et_pb_column][\/et_pb_row][\/et_pb_section]<\/p>\n","protected":false},"excerpt":{"rendered":"<p>Zapoznaj si\u0119 z zasadami rekrutacji do Katolickiej Szko\u0142y Podstawowej im. \u015bw. Rodziny w Cieszynie na rok szkolny 2026\/202701. Zgodnie z zapisami statutu \u00a7 74 Dyrektor przyjmuje do klasy pierwszej dzieci na podstawie post\u0119powania rekrutacyjnego. 02. Post\u0119powanie rekrutacyjne obejmuje: Z\u0142o\u017cenie podania przez rodzic\u00f3w do dnia 19.05.2026 r., sporz\u0105dzenie listy wst\u0119pnej kandydat\u00f3w do klasy I Katolickiej Szko\u0142y [&hellip;]<\/p>\n","protected":false},"author":4,"featured_media":0,"parent":0,"menu_order":0,"comment_status":"closed","ping_status":"closed","template":"","meta":{"_et_pb_use_builder":"on","_et_pb_old_content":"","_et_gb_content_width":"","footnotes":""},"class_list":["post-13","page","type-page","status-publish","hentry"],"_links":{"self":[{"href":"https:\/\/kspcieszyn.diecezjabielsko.pl\/index.php\/wp-json\/wp\/v2\/pages\/13","targetHints":{"allow":["GET"]}}],"collection":[{"href":"https:\/\/kspcieszyn.diecezjabielsko.pl\/index.php\/wp-json\/wp\/v2\/pages"}],"about":[{"href":"https:\/\/kspcieszyn.diecezjabielsko.pl\/index.php\/wp-json\/wp\/v2\/types\/page"}],"author":[{"embeddable":true,"href":"https:\/\/kspcieszyn.diecezjabielsko.pl\/index.php\/wp-json\/wp\/v2\/users\/4"}],"replies":[{"embeddable":true,"href":"https:\/\/kspcieszyn.diecezjabielsko.pl\/index.php\/wp-json\/wp\/v2\/comments?post=13"}],"version-history":[{"count":14,"href":"https:\/\/kspcieszyn.diecezjabielsko.pl\/index.php\/wp-json\/wp\/v2\/pages\/13\/revisions"}],"predecessor-version":[{"id":1223,"href":"https:\/\/kspcieszyn.diecezjabielsko.pl\/index.php\/wp-json\/wp\/v2\/pages\/13\/revisions\/1223"}],"wp:attachment":[{"href":"https:\/\/kspcieszyn.diecezjabielsko.pl\/index.php\/wp-json\/wp\/v2\/media?parent=13"}],"curies":[{"name":"wp","href":"https:\/\/api.w.org\/{rel}","templated":true}]}}